{"id":8387,"date":"2025-03-08T17:16:49","date_gmt":"2025-03-08T17:16:49","guid":{"rendered":"https:\/\/bigfunhobby.com\/butikk\/94107-birch-dowels-o-7-x-914-mm-pack-10-pcs\/"},"modified":"2025-12-04T11:00:40","modified_gmt":"2025-12-04T09:00:40","slug":"94107-birkedybler-o-7-x-914-mm-pakke-10-stk","status":"publish","type":"product","link":"https:\/\/bigfunhobby.com\/da\/butikk\/94107-birch-dowels-o-7-x-914-mm-pack-10-pcs\/","title":{"rendered":"94107 BIRK DOWELS \u00d8 7 x 914 mm PACK 10 STK."},"content":{"rendered":"<p>Kast dig ud i din kreative hobby med vores pinde af birketr\u00e6 i h\u00f8j kvalitet. Med en diameter p\u00e5 7 mm og en l\u00e6ngde p\u00e5 914 mm er dette s\u00e6t ideelt til b\u00e5de begyndere og erfarne modelbyggere og hobbyentusiaster.<\/p>\n<p><strong>Specifikationer:<\/strong><\/p>\n<ul>\n<li>Produktets navn: Birketr\u00e6spinde \u00d8 7 x 914 mm (10 stk.)<\/li>\n<li>Materiale: Massivt birketr\u00e6 af h\u00f8j kvalitet<\/li>\n<li>L\u00e6ngde: 914 mm<\/li>\n<li>Diameter: 7mm<\/li>\n<\/ul>\n<p><strong>Materialer:<\/strong><\/p>\n<p>Birketr\u00e6 er kendt for sin lyse farve, der sp\u00e6nder fra hvid til cremet, og som giver et ensartet udseende til alle dele. Med tiden bliver det lidt m\u00f8rkere, hvilket giver en unik og naturlig \u00e6stetik til dine modelleringsprojekter. Birketr\u00e6 er kendt for sine lige \u00e5rer og fine struktur, hvilket g\u00f8r det til en ideel mulighed for at skabe modeller, skulpturer og alle former for manuelt arbejde.<\/p>\n<p><strong>Historie:<\/strong><\/p>\n<p>Birketr\u00e6 har l\u00e6nge v\u00e6ret brugt til modellering p\u00e5 grund af dets brugervenlighed og h\u00f8je kvalitet. Det t\u00f8rrer hurtigt og nemt og er fremragende, n\u00e5r det g\u00e6lder limning og efterbehandling.<\/p>\n<p>Uanset om du laver en skibsmodel i tr\u00e6, et bygges\u00e6t i tr\u00e6 eller bare leder efter noget at bruge til h\u00e5ndv\u00e6rksprojekter eller skolearbejde, vil disse birketr\u00e6spinde v\u00e6re en fantastisk tilf\u00f8jelse til dit v\u00e6rksted. Dette s\u00e6t \u00e5bner op for en verden af muligheder, lige fra at lave master og v\u00e6rfter i skibsmodelbygges\u00e6t til at lave specialfremstillede dele.<\/p>\n<p>S\u00e5 hvorfor vente? Udforsk en lang r\u00e6kke kreative muligheder med vores birketr\u00e6spinde. <strong>K\u00f8b her<\/strong> og begynd at skabe i dag!<\/p>","protected":false},"excerpt":{"rendered":"<p>Udforsk modelleringens verden med birketr\u00e6spinde af h\u00f8j kvalitet med en diameter p\u00e5 7 mm og en l\u00e6ngde p\u00e5 914 mm. Perfekt til alle dine kreative hobbyprojekter.<\/p>","protected":false},"featured_media":8386,"comment_status":"open","ping_status":"closed","template":"","meta":[],"product_brand":[97],"product_cat":[73],"product_tag":[],"class_list":{"0":"post-8387","1":"product","2":"type-product","3":"status-publish","4":"has-post-thumbnail","6":"product_brand-artesania","7":"product_cat-trebyggesett-treverk","9":"first","10":"instock","11":"taxable","12":"shipping-taxable","13":"purchasable","14":"product-type-simple"},"_links":{"self":[{"href":"https:\/\/bigfunhobby.com\/da\/wp-json\/wp\/v2\/product\/8387","targetHints":{"allow":["GET"]}}],"collection":[{"href":"https:\/\/bigfunhobby.com\/da\/wp-json\/wp\/v2\/product"}],"about":[{"href":"https:\/\/bigfunhobby.com\/da\/wp-json\/wp\/v2\/types\/product"}],"replies":[{"embeddable":true,"href":"https:\/\/bigfunhobby.com\/da\/wp-json\/wp\/v2\/comments?post=8387"}],"wp:featuredmedia":[{"embeddable":true,"href":"https:\/\/bigfunhobby.com\/da\/wp-json\/wp\/v2\/media\/8386"}],"wp:attachment":[{"href":"https:\/\/bigfunhobby.com\/da\/wp-json\/wp\/v2\/media?parent=8387"}],"wp:term":[{"taxonomy":"product_brand","embeddable":true,"href":"https:\/\/bigfunhobby.com\/da\/wp-json\/wp\/v2\/product_brand?post=8387"},{"taxonomy":"product_cat","embeddable":true,"href":"https:\/\/bigfunhobby.com\/da\/wp-json\/wp\/v2\/product_cat?post=8387"},{"taxonomy":"product_tag","embeddable":true,"href":"https:\/\/bigfunhobby.com\/da\/wp-json\/wp\/v2\/product_tag?post=8387"}],"curies":[{"name":"wp","href":"https:\/\/api.w.org\/{rel}","templated":true}]}}