{"id":8395,"date":"2025-03-08T17:16:52","date_gmt":"2025-03-08T17:16:52","guid":{"rendered":"https:\/\/bigfunhobby.com\/butikk\/92010-sapele-dowels-o-10-x-1000-mm-x-2-pcs\/"},"modified":"2025-12-04T11:00:40","modified_gmt":"2025-12-04T09:00:40","slug":"92010-sapele-dowels-o-10-x-1000-mm-x-2-pcs","status":"publish","type":"product","link":"https:\/\/bigfunhobby.com\/da\/butikk\/92010-sapele-dowels-o-10-x-1000-mm-x-2-pcs\/","title":{"rendered":"92010 SAPELE DOWELS \u00f8 10 x 1000 mm x 2 pcs"},"content":{"rendered":"<p>Opplev den enest\u00e5ende kvaliteten av SAPELE DOWELS, solide trepinner p\u00e5 10 x 1000 mm st\u00f8rrelse, perfekte for modellbygging, h\u00e5ndverk og skoleprosjekter. Dette byggesettet inneholder 2 pinner, og er et ypperlig valg for b\u00e5de nybegynnere og erfarne entusiaster.<\/p>\n<p><strong>Specifikationer:<\/strong><\/p>\n<ul>\n<li>Diameter: 10 mm<\/li>\n<li>Lengde: 1000 mm<\/li>\n<li>Antal: 2 stk.<\/li>\n<li>Materiale: Sapele tre<\/li>\n<\/ul>\n<p>Sapele treet er kjent for sin h\u00f8ye kvalitet og holdbarhet. Det er m\u00f8rkebrunt med r\u00f8dbrune toner og noen gylne innslag i sine langstrakte \u00e5rer. Treet har nesten ingen knuter, og likner p\u00e5 mahogni. Dette gj\u00f8r det til et ettertraktet materiale blant modellbyggere og andre hobbyentusiaster.<\/p>\n<p>SAPELE DOWELS er ideelle for bruk i byggesett i tre, spesielt i konstruksjonsprosessene av treskipsmodeller. De kan brukes til \u00e5 lage master og r\u00e6r, i tillegg til andre detaljer med en sylindrisk form. Med sin middels hardhet og enkelhet \u00e5 jobbe med, er Sapele det ideelle valget for utskj\u00e6ring, dreining og all slags manuelt arbeid. Det kan h\u00e5ndteres og bearbeides med total enkelhet, noe som gj\u00f8r det til det optimale alternativet for h\u00e5ndarbeid. I tillegg presterer det fantastisk n\u00e5r det kommer til liming og finish. T\u00f8rking er rask og enkel, og det er en ultralett tre.<\/p>\n<p>S\u00e5 uansett om du er interessert i modellbygging, h\u00e5ndverk eller skoleprosjekter, er SAPELE DOWELS et utmerket valg. Opplev kvaliteten og n\u00f8yaktigheten som bare Sapele kan tilby. Kj\u00f8p dine SAPELE DOWELS i dag og ta modellbyggingen til et nytt niv\u00e5.<\/p>","protected":false},"excerpt":{"rendered":"<p>SAPELE DOWELS er h\u00f8ykvalitets solide trepinner, ideelle for modellbygging, h\u00e5ndverk og skoleprosjekter. Lett \u00e5 arbeide med, og gir en fin finish.<\/p>","protected":false},"featured_media":8394,"comment_status":"open","ping_status":"closed","template":"","meta":[],"product_brand":[97],"product_cat":[73],"product_tag":[],"class_list":{"0":"post-8395","1":"product","2":"type-product","3":"status-publish","4":"has-post-thumbnail","6":"product_brand-artesania","7":"product_cat-trebyggesett-treverk","9":"first","10":"instock","11":"taxable","12":"shipping-taxable","13":"purchasable","14":"product-type-simple"},"_links":{"self":[{"href":"https:\/\/bigfunhobby.com\/da\/wp-json\/wp\/v2\/product\/8395","targetHints":{"allow":["GET"]}}],"collection":[{"href":"https:\/\/bigfunhobby.com\/da\/wp-json\/wp\/v2\/product"}],"about":[{"href":"https:\/\/bigfunhobby.com\/da\/wp-json\/wp\/v2\/types\/product"}],"replies":[{"embeddable":true,"href":"https:\/\/bigfunhobby.com\/da\/wp-json\/wp\/v2\/comments?post=8395"}],"wp:featuredmedia":[{"embeddable":true,"href":"https:\/\/bigfunhobby.com\/da\/wp-json\/wp\/v2\/media\/8394"}],"wp:attachment":[{"href":"https:\/\/bigfunhobby.com\/da\/wp-json\/wp\/v2\/media?parent=8395"}],"wp:term":[{"taxonomy":"product_brand","embeddable":true,"href":"https:\/\/bigfunhobby.com\/da\/wp-json\/wp\/v2\/product_brand?post=8395"},{"taxonomy":"product_cat","embeddable":true,"href":"https:\/\/bigfunhobby.com\/da\/wp-json\/wp\/v2\/product_cat?post=8395"},{"taxonomy":"product_tag","embeddable":true,"href":"https:\/\/bigfunhobby.com\/da\/wp-json\/wp\/v2\/product_tag?post=8395"}],"curies":[{"name":"wp","href":"https:\/\/api.w.org\/{rel}","templated":true}]}}