{"id":8401,"date":"2025-03-08T17:16:53","date_gmt":"2025-03-08T17:16:53","guid":{"rendered":"https:\/\/bigfunhobby.com\/butikk\/billing-boats-1100-esmeralda-special-edition-wooden-hull\/"},"modified":"2025-12-04T11:00:41","modified_gmt":"2025-12-04T09:00:41","slug":"billing-boats-1100-esmeralda-special-edition-wooden-hull","status":"publish","type":"product","link":"https:\/\/bigfunhobby.com\/da\/butikk\/billing-boats-1100-esmeralda-special-edition-wooden-hull\/","title":{"rendered":"Billing Boats 1:100 Esmeralda Special Edition - Tr\u00e6skrog"},"content":{"rendered":"<p>Opplev et stykke sj\u00f8fartshistorie med v\u00e5rt Esmeralda Special Edition byggesett i tre. Dette sette byr p\u00e5 en autentisk reproduksjon av det kjente chilenske skipet, noe som gj\u00f8r det til en ideell utfordring for alle elskere av modellbygging.<\/p>\n<p><strong>Specifikationer:<\/strong><\/p>\n<ul>\n<li>Producent: Billing Boats<\/li>\n<li>M\u00e5lestok: 1:100<\/li>\n<li>Materiale: Tr\u00e6<\/li>\n<li>Utgave: Esmeralda Special Edition<\/li>\n<\/ul>\n<p>Dette treskipsmodell-settet kommer med alle deler n\u00f8dvendig for \u00e5 fullf\u00f8re modellen. Det er laget av h\u00f8ykvalitets tre, noe som sikrer holdbarhet og et realistisk utseende.<\/p>\n<p><strong>Historie:<\/strong><\/p>\n<p>Dette er en modell av det sjette skipet med navnet Esmeralda. Skipet ble lansert den 12. mai 1953 foran et publikum p\u00e5 5000 mennesker. Det ble d\u00f8pt av Fru Raquel Vicu\u00f1a de Orrego med en flaske champagne omviklet i Spaniens og Chiles nasjonale farger. Skipet ble levert som en fire-mastet topsail skonnert til Chiles regjering den 15. juni 1954 under kommando av kaptein Horacio Cornejo Tagle.<\/p>\n<p>Utforsk v\u00e5r brede samling av byggesett for voksne og oppdag gleden med modellbygging. Uansett om du er en erfaren entusiast eller en nybegynner, er Esmeralda Special Edition et flott tillegg til din samling. Ikke vent, bestill ditt byggesett i dag!<\/p>","protected":false},"excerpt":{"rendered":"<p>Esmeralda Special Edition er en detaljert treskipsmodell i 1:100 skala fra Billing Boats, perfekt for b\u00e5de nybegynnere og erfarne modellbyggere.<\/p>","protected":false},"featured_media":8400,"comment_status":"open","ping_status":"closed","template":"","meta":[],"product_brand":[96],"product_cat":[53],"product_tag":[],"class_list":{"0":"post-8401","1":"product","2":"type-product","3":"status-publish","4":"has-post-thumbnail","6":"product_brand-billing-boats","7":"product_cat-bater-billing-boats","9":"first","10":"instock","11":"taxable","12":"shipping-taxable","13":"purchasable","14":"product-type-simple"},"_links":{"self":[{"href":"https:\/\/bigfunhobby.com\/da\/wp-json\/wp\/v2\/product\/8401","targetHints":{"allow":["GET"]}}],"collection":[{"href":"https:\/\/bigfunhobby.com\/da\/wp-json\/wp\/v2\/product"}],"about":[{"href":"https:\/\/bigfunhobby.com\/da\/wp-json\/wp\/v2\/types\/product"}],"replies":[{"embeddable":true,"href":"https:\/\/bigfunhobby.com\/da\/wp-json\/wp\/v2\/comments?post=8401"}],"wp:featuredmedia":[{"embeddable":true,"href":"https:\/\/bigfunhobby.com\/da\/wp-json\/wp\/v2\/media\/8400"}],"wp:attachment":[{"href":"https:\/\/bigfunhobby.com\/da\/wp-json\/wp\/v2\/media?parent=8401"}],"wp:term":[{"taxonomy":"product_brand","embeddable":true,"href":"https:\/\/bigfunhobby.com\/da\/wp-json\/wp\/v2\/product_brand?post=8401"},{"taxonomy":"product_cat","embeddable":true,"href":"https:\/\/bigfunhobby.com\/da\/wp-json\/wp\/v2\/product_cat?post=8401"},{"taxonomy":"product_tag","embeddable":true,"href":"https:\/\/bigfunhobby.com\/da\/wp-json\/wp\/v2\/product_tag?post=8401"}],"curies":[{"name":"wp","href":"https:\/\/api.w.org\/{rel}","templated":true}]}}