{"id":8407,"date":"2025-03-08T17:16:55","date_gmt":"2025-03-08T17:16:55","guid":{"rendered":"https:\/\/bigfunhobby.com\/butikk\/gauge-ho-article-no-29188-marklin-start-up-startpackung-baustelle\/"},"modified":"2025-12-04T11:00:43","modified_gmt":"2025-12-04T09:00:43","slug":"gauge-ho-article-no-29188-marklin-start-up-startpackung-baustelle","status":"publish","type":"product","link":"https:\/\/bigfunhobby.com\/da\/butikk\/gauge-ho-article-no-29188-marklin-start-up-startpackung-baustelle\/","title":{"rendered":"Gauge HO- Article no 29188 M\u00e4rklin Start up &#8211; Startpackung &laquo;Baustelle&raquo;"},"content":{"rendered":"<p>M\u00e4rklin Start up &#8211; Startpakke &#8216;Baustelle&#8217; er en komplett sett for modelljernbaneentusiaster av alle ferdighetsniv\u00e5er. Dette byggesettet gir en autentisk og engasjerende opplevelse av modellbygging.<\/p>\n<p><strong>Specifikationer:<\/strong><\/p>\n<p>Denne startpakken inneholder en industri-diesellokomotiv av typen Henschel DHG 300 B, en lastet lavbordvogn, en \u00e5pen godsvogn og en rammevogn i byggetogutforming. Lokomotivet er utstyrt med en digital mfx-dekoder og et trelys toppsignal som endrer seg avhengig av kj\u00f8reretningen. Alle vognene har Relex-koblinger og hele toget er cirka 45,3 cm langt.<\/p>\n<p><strong>Tilbeh\u00f8r:<\/strong><\/p>\n<p>For \u00e5 \u00f8ke spillegleden rundt temaet byggearbeid, kommer settet med et sett med barrikader, skilt og en robust hjullaster for lasting av godsvognene.<\/p>\n<p><strong>Styring:<\/strong><\/p>\n<p>Styringen av toget er gjort enkel og praktisk med den medf\u00f8lgende Power Control Stick. Dette tr\u00e5dl\u00f8se infrar\u00f8de styringsenheten gir deg fri bevegelse rundt anlegget og muligheten til \u00e5 styre opptil fire lokomotiver, samt fem funksjoner.<\/p>\n<p><strong>C-Gleis-Program:<\/strong><\/p>\n<p>Den vennlige C-Gleis-anlegget er enkel \u00e5 montere, og utvidelsesmulighetene er mange med C-Gleis-tilleggspakkene og hele C-Gleis-programmet. Skiftene kan oppgraderes med den elektriske stasjonen 74492.<\/p>\n<p>Enten du er ny i verdenen av modelljernbane eller en erfaren entusiast, vil M\u00e4rklin Start up &#8211; Startpakke &#8216;Baustelle&#8217; gi deg timevis med bygge- og spillglede. Ikke vent, start ditt modelljernbaneeventyr n\u00e5!<\/p>","protected":false},"excerpt":{"rendered":"<p>Oppdag gleden ved modelljernbane med M\u00e4rklin Start up &#8211; Startpakke &#8216;Baustelle&#8217;. Med sin digitale dekoder, fire togvogner og en rekke tilbeh\u00f8r, er dette det ideelle byggesett for b\u00e5de nybegynnere og erfarne entusiaster.<\/p>","protected":false},"featured_media":8406,"comment_status":"open","ping_status":"closed","template":"","meta":[],"product_brand":[107],"product_cat":[72,113],"product_tag":[],"class_list":{"0":"post-8407","1":"product","2":"type-product","3":"status-publish","4":"has-post-thumbnail","6":"product_brand-marklin","7":"product_cat-marklin-h0-originalen","8":"product_cat-startersets","10":"first","11":"outofstock","12":"taxable","13":"shipping-taxable","14":"purchasable","15":"product-type-simple"},"_links":{"self":[{"href":"https:\/\/bigfunhobby.com\/da\/wp-json\/wp\/v2\/product\/8407","targetHints":{"allow":["GET"]}}],"collection":[{"href":"https:\/\/bigfunhobby.com\/da\/wp-json\/wp\/v2\/product"}],"about":[{"href":"https:\/\/bigfunhobby.com\/da\/wp-json\/wp\/v2\/types\/product"}],"replies":[{"embeddable":true,"href":"https:\/\/bigfunhobby.com\/da\/wp-json\/wp\/v2\/comments?post=8407"}],"wp:featuredmedia":[{"embeddable":true,"href":"https:\/\/bigfunhobby.com\/da\/wp-json\/wp\/v2\/media\/8406"}],"wp:attachment":[{"href":"https:\/\/bigfunhobby.com\/da\/wp-json\/wp\/v2\/media?parent=8407"}],"wp:term":[{"taxonomy":"product_brand","embeddable":true,"href":"https:\/\/bigfunhobby.com\/da\/wp-json\/wp\/v2\/product_brand?post=8407"},{"taxonomy":"product_cat","embeddable":true,"href":"https:\/\/bigfunhobby.com\/da\/wp-json\/wp\/v2\/product_cat?post=8407"},{"taxonomy":"product_tag","embeddable":true,"href":"https:\/\/bigfunhobby.com\/da\/wp-json\/wp\/v2\/product_tag?post=8407"}],"curies":[{"name":"wp","href":"https:\/\/api.w.org\/{rel}","templated":true}]}}