{"id":8413,"date":"2025-03-08T17:16:57","date_gmt":"2025-03-08T17:16:57","guid":{"rendered":"https:\/\/bigfunhobby.com\/butikk\/tamiya-sand-scorcher-2010-no-esc\/"},"modified":"2025-12-04T11:00:43","modified_gmt":"2025-12-04T09:00:43","slug":"tamiya-sand-scorcher-2010-no-esc","status":"publish","type":"product","link":"https:\/\/bigfunhobby.com\/da\/butikk\/tamiya-sand-scorcher-2010-no-esc\/","title":{"rendered":"Tamiya SAND SCORCHER (2010) - INGEN ESC"},"content":{"rendered":"<p>Oplev den fantastiske Tamiya SAND SCORCHER (2010) - NO ESC, en officielt licenseret model i skala 1\/10, som er en kopi af den originale Sand Scorcher fra 1979. Denne bilmodel er en perfekt kombination af nostalgisk charme og moderne teknologi, hvilket g\u00f8r den ideel til b\u00e5de begyndere og erfarne modelbyggere.<\/p>\n<p>Modellen skiller sig ud med sin unikke og humoristiske form, der er en realistisk gengivelse af den bil, der blev set i one-make-l\u00f8bet \"Baja 1000\" i Californien, USA. Karosseriet er st\u00f8bt i hvid polystyren og kan males med Tamiya plastmodelmaling for at give den dit personlige pr\u00e6g.<\/p>\n<p>Specifikationer og funktioner:<\/p>\n<ul>\n<li>Officielt licenseret 1\/10-skalamodel af den originale Sand Scorcher.<\/li>\n<li>Udstyret med komplette kuglelejer for at reducere friktionstab.<\/li>\n<li>Type 540-motor medf\u00f8lger.<\/li>\n<li>Indeholder mange dele af h\u00f8j kvalitet for at forbedre ydeevnen.<\/li>\n<li>Detaljeret karrosseri i h\u00e5rd plast medf\u00f8lger.<\/li>\n<li>2-kanals R\/C-system og batteripakke f\u00e5s separat.<\/li>\n<li>ESC medf\u00f8lger ikke<\/li>\n<\/ul>\n<p>Chassiset har en 2 mm tyk FRP-plade med en forst\u00e6rkende aluminiumsplade, der giver styrke og fleksibilitet for at sikre stabilitet. Den 4-hjulede uafh\u00e6ngige affjedring med dobbelt wishbone-oph\u00e6ng foran og svingakselops\u00e6tning bagp\u00e5 giver en realistisk og aggressiv performance, som uden tvivl vil begejstre dig.<\/p>\n<p>Denne Tamiya-model leveres som et s\u00e6t, og du skal bruge ekstra udstyr for at g\u00f8re den k\u00f8reklar. Dette inkluderer 2-kanals fjernbetjening med modtager, batteripakke, oplader, styreservo og ESC.<\/p>\n<p>Udforsk din passion for modelbygning med denne imponerende Tamiya SAND SCORCHER (2010) - NO ESC. K\u00f8b her for at begynde din modeloplevelse!<\/p>","protected":false},"excerpt":{"rendered":"<p>Den fantastiske Tamiya SAND SCORCHER (2010) - NO ESC er en officielt licenseret 1\/10-skalamodel af den originale Sand Scorcher fra 1979, en mesterlig blanding af nostalgisk charme og moderne teknologi, perfekt til b\u00e5de begyndere og erfarne modelbyggere.<\/p>","protected":false},"featured_media":8412,"comment_status":"open","ping_status":"closed","template":"","meta":[],"product_brand":[99],"product_cat":[69,84,83],"product_tag":[],"class_list":{"0":"post-8413","1":"product","2":"type-product","3":"status-publish","4":"has-post-thumbnail","6":"product_brand-tamiya","7":"product_cat-69","8":"product_cat-biler","9":"product_cat-rc-fjernstyring","11":"first","12":"outofstock","13":"taxable","14":"shipping-taxable","15":"purchasable","16":"product-type-simple"},"_links":{"self":[{"href":"https:\/\/bigfunhobby.com\/da\/wp-json\/wp\/v2\/product\/8413","targetHints":{"allow":["GET"]}}],"collection":[{"href":"https:\/\/bigfunhobby.com\/da\/wp-json\/wp\/v2\/product"}],"about":[{"href":"https:\/\/bigfunhobby.com\/da\/wp-json\/wp\/v2\/types\/product"}],"replies":[{"embeddable":true,"href":"https:\/\/bigfunhobby.com\/da\/wp-json\/wp\/v2\/comments?post=8413"}],"wp:featuredmedia":[{"embeddable":true,"href":"https:\/\/bigfunhobby.com\/da\/wp-json\/wp\/v2\/media\/8412"}],"wp:attachment":[{"href":"https:\/\/bigfunhobby.com\/da\/wp-json\/wp\/v2\/media?parent=8413"}],"wp:term":[{"taxonomy":"product_brand","embeddable":true,"href":"https:\/\/bigfunhobby.com\/da\/wp-json\/wp\/v2\/product_brand?post=8413"},{"taxonomy":"product_cat","embeddable":true,"href":"https:\/\/bigfunhobby.com\/da\/wp-json\/wp\/v2\/product_cat?post=8413"},{"taxonomy":"product_tag","embeddable":true,"href":"https:\/\/bigfunhobby.com\/da\/wp-json\/wp\/v2\/product_tag?post=8413"}],"curies":[{"name":"wp","href":"https:\/\/api.w.org\/{rel}","templated":true}]}}