{"id":8421,"date":"2025-03-08T17:16:58","date_gmt":"2025-03-08T17:16:58","guid":{"rendered":"https:\/\/bigfunhobby.com\/butikk\/racing-pack-7-2v-nimh-3300mah-tamiya\/"},"modified":"2025-12-04T11:00:43","modified_gmt":"2025-12-04T09:00:43","slug":"racing-pack-7-2v-nimh-3300mah-tamiya","status":"publish","type":"product","link":"https:\/\/bigfunhobby.com\/da\/butikk\/racing-pack-7-2v-nimh-3300mah-tamiya\/","title":{"rendered":"RACING PACK 7,2v NiMh - 3300mAh - TAMIYA"},"content":{"rendered":"<p>Oplev kraften i vores Racing Pack 7.2v NiMh - 3300mAh - Tamiya. Denne batteripakke er ikke kun af h\u00f8j kvalitet, men den har ogs\u00e5 meget gode afladningsegenskaber. Det er et overkommeligt og effektivt valg til at drive dine fjernstyrede k\u00f8ret\u00f8jer.<\/p>\n<p><strong>Specifikationer:<\/strong><\/p>\n<ul>\n<li>Kapacitet: 3300 mAh<\/li>\n<li>Sp\u00e6nding: 7.2V<\/li>\n<li>Tamiya-stik<\/li>\n<li>Dimensioner: L\u00e6ngde 135 mm, h\u00f8jde 24 mm, bredde 46 mm<\/li>\n<\/ul>\n<p>Dette produkt er lavet med tanke p\u00e5 modelbyggende hobbyentusiaster. Uanset om du er en erfaren modelbygger eller lige er begyndt med fjernstyrede k\u00f8ret\u00f8jer, vil denne batteripakke give p\u00e5lidelig og langvarig str\u00f8m til dine projekter.<\/p>\n<p>NiMh-batteriernes historie str\u00e6kker sig tilbage til 1980'erne. Disse batterier har vist sig at v\u00e6re en p\u00e5lidelig str\u00f8mkilde til mange forskellige form\u00e5l, herunder modelbygning. Vores Racing Pack 7.2v NiMh - 3300mAh - Tamiya forts\u00e6tter denne tradition med sin h\u00f8je ydeevne og holdbarhed.<\/p>\n<p>Vent ikke med at opleve den forskel, som en batteripakke af h\u00f8j kvalitet kan g\u00f8re for din hobby. K\u00f8b Racing Pack 7.2v NiMh - 3300mAh - Tamiya i dag, og tag dine fjernstyrede projekter til det n\u00e6ste niveau!<\/p>","protected":false},"excerpt":{"rendered":"<p>Racing Pack 7.2v NiMh - 3300mAh - Tamiya er en batteripakke af h\u00f8j kvalitet med fremragende afladningsegenskaber, perfekt til din fjernstyrede hobby.<\/p>","protected":false},"featured_media":8420,"comment_status":"open","ping_status":"closed","template":"","meta":[],"product_brand":[99],"product_cat":[77],"product_tag":[],"class_list":{"0":"post-8421","1":"product","2":"type-product","3":"status-publish","4":"has-post-thumbnail","6":"product_brand-tamiya","7":"product_cat-radioutstyr","9":"first","10":"outofstock","11":"taxable","12":"shipping-taxable","13":"purchasable","14":"product-type-simple"},"_links":{"self":[{"href":"https:\/\/bigfunhobby.com\/da\/wp-json\/wp\/v2\/product\/8421","targetHints":{"allow":["GET"]}}],"collection":[{"href":"https:\/\/bigfunhobby.com\/da\/wp-json\/wp\/v2\/product"}],"about":[{"href":"https:\/\/bigfunhobby.com\/da\/wp-json\/wp\/v2\/types\/product"}],"replies":[{"embeddable":true,"href":"https:\/\/bigfunhobby.com\/da\/wp-json\/wp\/v2\/comments?post=8421"}],"wp:featuredmedia":[{"embeddable":true,"href":"https:\/\/bigfunhobby.com\/da\/wp-json\/wp\/v2\/media\/8420"}],"wp:attachment":[{"href":"https:\/\/bigfunhobby.com\/da\/wp-json\/wp\/v2\/media?parent=8421"}],"wp:term":[{"taxonomy":"product_brand","embeddable":true,"href":"https:\/\/bigfunhobby.com\/da\/wp-json\/wp\/v2\/product_brand?post=8421"},{"taxonomy":"product_cat","embeddable":true,"href":"https:\/\/bigfunhobby.com\/da\/wp-json\/wp\/v2\/product_cat?post=8421"},{"taxonomy":"product_tag","embeddable":true,"href":"https:\/\/bigfunhobby.com\/da\/wp-json\/wp\/v2\/product_tag?post=8421"}],"curies":[{"name":"wp","href":"https:\/\/api.w.org\/{rel}","templated":true}]}}