{"id":8423,"date":"2025-03-08T17:16:58","date_gmt":"2025-03-08T17:16:58","guid":{"rendered":"https:\/\/bigfunhobby.com\/butikk\/battery-pack-3000mah-4-8v-nimh-tamiya-and-jr\/"},"modified":"2025-12-04T11:00:43","modified_gmt":"2025-12-04T09:00:43","slug":"batteripakke-3000mah-4-8v-nimh-tamiya-og-jr","status":"publish","type":"product","link":"https:\/\/bigfunhobby.com\/da\/butikk\/battery-pack-3000mah-4-8v-nimh-tamiya-and-jr\/","title":{"rendered":"BATTERIPAKKE 3000mAh - 4,8V NiMh - TAMIYA AND JR"},"content":{"rendered":"<p>Oplev kvalitet og ydeevne med vores NiMh-batteripakke. Denne batteripakke er designet med en h\u00f8j afladningskapacitet, hvilket g\u00f8r den perfekt til st\u00f8rre flymodeller og helikoptere.<\/p>\n<p>Med en kapacitet p\u00e5 3300 mAh og en sp\u00e6nding p\u00e5 4,8 V kan du stole p\u00e5, at denne batteripakke holder sig i gang, n\u00e5r du har mest brug for det. Den leveres med et Tamiya- og JR-stik, hvilket g\u00f8r den kompatibel med en lang r\u00e6kke modelleringshobbyprodukter.<\/p>\n<ul>\n<li>Kapacitet: 3300 mAh<\/li>\n<li>Sp\u00e6nding: 4.8V<\/li>\n<li>Kontaktorer: Tamiya og JR<\/li>\n<li>Dimensioner: 88 mm (L) x 22 mm (H) x 47 mm (B)<\/li>\n<\/ul>\n<p>Dette produkt er en del af vores store udvalg af modeltilbeh\u00f8r, som omfatter alt fra skibsmodeller i tr\u00e6 og bygges\u00e6t til plastikmodeller og skalamodeller. Uanset om du er en erfaren entusiast eller nybegynder, har vi noget for enhver smag.<\/p>\n<p>G\u00e5 ikke glip af chancen for at tage dine modelleringsprojekter til det n\u00e6ste niveau. Bestil din NiMh-batteripakke i dag, og oplev selv forskellen.<\/p>","protected":false},"excerpt":{"rendered":"<p>Kvalitets NiMh-batteripakke med h\u00f8j afladningskapacitet, ideel til st\u00f8rre flymodeller og helikoptere.<\/p>","protected":false},"featured_media":8422,"comment_status":"open","ping_status":"closed","template":"","meta":[],"product_brand":[96,99],"product_cat":[77],"product_tag":[],"class_list":{"0":"post-8423","1":"product","2":"type-product","3":"status-publish","4":"has-post-thumbnail","6":"product_brand-billing-boats","7":"product_brand-tamiya","8":"product_cat-radioutstyr","10":"first","11":"instock","12":"taxable","13":"shipping-taxable","14":"purchasable","15":"product-type-simple"},"_links":{"self":[{"href":"https:\/\/bigfunhobby.com\/da\/wp-json\/wp\/v2\/product\/8423","targetHints":{"allow":["GET"]}}],"collection":[{"href":"https:\/\/bigfunhobby.com\/da\/wp-json\/wp\/v2\/product"}],"about":[{"href":"https:\/\/bigfunhobby.com\/da\/wp-json\/wp\/v2\/types\/product"}],"replies":[{"embeddable":true,"href":"https:\/\/bigfunhobby.com\/da\/wp-json\/wp\/v2\/comments?post=8423"}],"wp:featuredmedia":[{"embeddable":true,"href":"https:\/\/bigfunhobby.com\/da\/wp-json\/wp\/v2\/media\/8422"}],"wp:attachment":[{"href":"https:\/\/bigfunhobby.com\/da\/wp-json\/wp\/v2\/media?parent=8423"}],"wp:term":[{"taxonomy":"product_brand","embeddable":true,"href":"https:\/\/bigfunhobby.com\/da\/wp-json\/wp\/v2\/product_brand?post=8423"},{"taxonomy":"product_cat","embeddable":true,"href":"https:\/\/bigfunhobby.com\/da\/wp-json\/wp\/v2\/product_cat?post=8423"},{"taxonomy":"product_tag","embeddable":true,"href":"https:\/\/bigfunhobby.com\/da\/wp-json\/wp\/v2\/product_tag?post=8423"}],"curies":[{"name":"wp","href":"https:\/\/api.w.org\/{rel}","templated":true}]}}