{"id":8427,"date":"2025-03-08T17:16:59","date_gmt":"2025-03-08T17:16:59","guid":{"rendered":"https:\/\/bigfunhobby.com\/butikk\/2-4g-receiver-water-proof-flysky-bsd\/"},"modified":"2025-12-04T11:00:43","modified_gmt":"2025-12-04T09:00:43","slug":"2-4g-modtager-vandtaet-flysky-bsd","status":"publish","type":"product","link":"https:\/\/bigfunhobby.com\/da\/butikk\/2-4g-receiver-water-proof-flysky-bsd\/","title":{"rendered":"2.4G MODTAGER VANDT\u00c6T FLYSKY - BSD"},"content":{"rendered":"<p>Opgrader dine model- og fjernstyrede k\u00f8ret\u00f8jer med vores 2.4G-modtager fra FlySky. Dette er et ideelt tilbeh\u00f8r til b\u00e5de begyndere og erfarne modelbyggerentusiaster.<\/p>\n<p><strong>Specifikationer:<\/strong><\/p>\n<ul>\n<li>2.4Ghz-system for stabil forbindelse<\/li>\n<li>Vandafvisende, ideel til udend\u00f8rs brug<\/li>\n<li>3 kanaler for \u00f8get funktionalitet<\/li>\n<li>Failsafe-funktion for ekstra sikkerhed<\/li>\n<li>St\u00f8rrelse: 35 x 21 x 12 mm - perfekt til de fleste modeller<\/li>\n<li>V\u00e6gt: 11 g, let nok til ikke at belaste modellen<\/li>\n<li>Sp\u00e6nding: 4,8V - 6,6V<\/li>\n<\/ul>\n<p>Modtageren er designet til at v\u00e6re let og kompakt, s\u00e5 den er nemmere at integrere i dit fjernstyrede k\u00f8ret\u00f8j eller modelprojekt. Den er fremstillet af vandafvisende materialer, som giver ekstra beskyttelse mod elementerne ved udend\u00f8rs brug.<\/p>\n<p>Med sin failsafe-funktion giver modtageren dig ro i sindet i tilf\u00e6lde af signaltab, en funktion, der er s\u00e6rlig nyttig for dem, der betjener fjernstyrede fly eller b\u00e5de.<\/p>\n<p>S\u00e5 uanset om du \u00f8nsker at opgradere dit fjernstyrede k\u00f8ret\u00f8j, din modeljernbane, din skalamodel eller din tr\u00e6skibsmodel, er denne modtager et fremragende valg.<\/p>\n<p>Bestil din 2.4G-modtager i dag, og tag dit modelbygningsprojekt til nye h\u00f8jder!<\/p>","protected":false},"excerpt":{"rendered":"<p>Denne 2,4G-modtager fra FlySky er vandafvisende og optimeret til modelbygning og fjernstyrede k\u00f8ret\u00f8jer. Den har tre kanaler og en failsafe-funktion til sikker brug.<\/p>","protected":false},"featured_media":8426,"comment_status":"open","ping_status":"closed","template":"","meta":[],"product_brand":[],"product_cat":[77],"product_tag":[],"class_list":{"0":"post-8427","1":"product","2":"type-product","3":"status-publish","4":"has-post-thumbnail","6":"product_cat-radioutstyr","8":"first","9":"outofstock","10":"taxable","11":"shipping-taxable","12":"purchasable","13":"product-type-simple"},"_links":{"self":[{"href":"https:\/\/bigfunhobby.com\/da\/wp-json\/wp\/v2\/product\/8427","targetHints":{"allow":["GET"]}}],"collection":[{"href":"https:\/\/bigfunhobby.com\/da\/wp-json\/wp\/v2\/product"}],"about":[{"href":"https:\/\/bigfunhobby.com\/da\/wp-json\/wp\/v2\/types\/product"}],"replies":[{"embeddable":true,"href":"https:\/\/bigfunhobby.com\/da\/wp-json\/wp\/v2\/comments?post=8427"}],"wp:featuredmedia":[{"embeddable":true,"href":"https:\/\/bigfunhobby.com\/da\/wp-json\/wp\/v2\/media\/8426"}],"wp:attachment":[{"href":"https:\/\/bigfunhobby.com\/da\/wp-json\/wp\/v2\/media?parent=8427"}],"wp:term":[{"taxonomy":"product_brand","embeddable":true,"href":"https:\/\/bigfunhobby.com\/da\/wp-json\/wp\/v2\/product_brand?post=8427"},{"taxonomy":"product_cat","embeddable":true,"href":"https:\/\/bigfunhobby.com\/da\/wp-json\/wp\/v2\/product_cat?post=8427"},{"taxonomy":"product_tag","embeddable":true,"href":"https:\/\/bigfunhobby.com\/da\/wp-json\/wp\/v2\/product_tag?post=8427"}],"curies":[{"name":"wp","href":"https:\/\/api.w.org\/{rel}","templated":true}]}}