{"id":8435,"date":"2025-03-08T17:17:01","date_gmt":"2025-03-08T17:17:01","guid":{"rendered":"https:\/\/bigfunhobby.com\/butikk\/king-yellow-6x6-painted-g6-01\/"},"modified":"2025-12-04T11:00:43","modified_gmt":"2025-12-04T09:00:43","slug":"king-yellow-6x6-painted-g6-01","status":"publish","type":"product","link":"https:\/\/bigfunhobby.com\/da\/butikk\/king-yellow-6x6-painted-g6-01\/","title":{"rendered":"KONGE GUL 6X6 MALET G6-01"},"content":{"rendered":"<p>KING YELLOW 6X6 PAINTED G6-01 er mer enn bare et byggesett &#8211; det er en unik opplevelse av modellbygging. Denne fjernstyrte bussmodellen representerer amerikansk design p\u00e5 sitt beste, og gir deg en enest\u00e5ende mulighet til \u00e5 utforske og nyte modellbygging p\u00e5 et helt nytt niv\u00e5.<\/p>\n<p>Modellen er basert p\u00e5 det innovative G6-1 6WD chassiset, noe som gir den fantastisk fremkommelighet og robusthet. Med sine imponerende klatreegenskaper og slitesterke struktur, vil denne modellen gi timer med underholdning og l\u00e6ring.<\/p>\n<p>En viktig detalj er dens ferdig lakkerte karosseri i Camel Yellow, som gir en autentisk og levende fremstilling av en amerikansk skolebuss. Settet inneholder ogs\u00e5 separate deler for \u00e5 gjenskape taklys og stoppskilt, klistremerker for dekor, og maskeringsklistremerker for \u00e5 hjelpe med lakkjobben. <\/p>\n<p><span>Specifikationer:<\/span><\/p>\n<ul>\n<li>Lengde: 478mm, Bredde: 270mm, H\u00f8yde: 239mm<\/li>\n<li>Hjulbase: 173mm + 126mm<\/li>\n<li>Sporm\u00e5l: 200mm (Foran, Midten og Bak)<\/li>\n<li>Dekkbredde\/Diameter: 68mm\/113mm<\/li>\n<li>Monocoque Chassis<\/li>\n<li>Gir-drevet 6WD<\/li>\n<li>3-Bevel Differensialgir<\/li>\n<li>2-delt Styrestang<\/li>\n<li>6-Hjuls Uavhengig Dobbel Wishbonefj\u00e6ring<\/li>\n<li>Girforhold = 18.03:1<\/li>\n<li>Type 540 Motor<\/li>\n<\/ul>\n<p>Husk at du ogs\u00e5 vil trenge et 2-kanals R\/C enhet, batteripakke og lader, samt R6\/AA\/UM3 batterier for senderen, som selges separat.<\/p>\n<p>Enten du er en erfaren modellbygger, eller bare begynner \u00e5 utforske denne fascinerende hobbyen, er KING YELLOW 6X6 PAINTED G6-01 det perfekte valget for deg. Ikke vent lenger, dykk inn i en verden av kreativitet og tekniske ferdigheter &#8211; bestill din modell n\u00e5!<\/p>\n<p>&#8216;<\/p>","protected":false},"excerpt":{"rendered":"<p>KING YELLOW 6X6 PAINTED G6-01 er en unik, fjernstyrt bussmodell med fremragende terrengferdigheter og en spennende amerikansk design. Perfekt for b\u00e5de nybegynnere og erfarne modellbyggere.&#8217;<\/p>","protected":false},"featured_media":8434,"comment_status":"open","ping_status":"closed","template":"","meta":[],"product_brand":[99],"product_cat":[69,84,83],"product_tag":[],"class_list":{"0":"post-8435","1":"product","2":"type-product","3":"status-publish","4":"has-post-thumbnail","6":"product_brand-tamiya","7":"product_cat-69","8":"product_cat-biler","9":"product_cat-rc-fjernstyring","11":"first","12":"instock","13":"taxable","14":"shipping-taxable","15":"purchasable","16":"product-type-simple"},"_links":{"self":[{"href":"https:\/\/bigfunhobby.com\/da\/wp-json\/wp\/v2\/product\/8435","targetHints":{"allow":["GET"]}}],"collection":[{"href":"https:\/\/bigfunhobby.com\/da\/wp-json\/wp\/v2\/product"}],"about":[{"href":"https:\/\/bigfunhobby.com\/da\/wp-json\/wp\/v2\/types\/product"}],"replies":[{"embeddable":true,"href":"https:\/\/bigfunhobby.com\/da\/wp-json\/wp\/v2\/comments?post=8435"}],"wp:featuredmedia":[{"embeddable":true,"href":"https:\/\/bigfunhobby.com\/da\/wp-json\/wp\/v2\/media\/8434"}],"wp:attachment":[{"href":"https:\/\/bigfunhobby.com\/da\/wp-json\/wp\/v2\/media?parent=8435"}],"wp:term":[{"taxonomy":"product_brand","embeddable":true,"href":"https:\/\/bigfunhobby.com\/da\/wp-json\/wp\/v2\/product_brand?post=8435"},{"taxonomy":"product_cat","embeddable":true,"href":"https:\/\/bigfunhobby.com\/da\/wp-json\/wp\/v2\/product_cat?post=8435"},{"taxonomy":"product_tag","embeddable":true,"href":"https:\/\/bigfunhobby.com\/da\/wp-json\/wp\/v2\/product_tag?post=8435"}],"curies":[{"name":"wp","href":"https:\/\/api.w.org\/{rel}","templated":true}]}}