{"id":8437,"date":"2025-03-08T17:17:01","date_gmt":"2025-03-08T17:17:01","guid":{"rendered":"https:\/\/bigfunhobby.com\/butikk\/volkswagen-type-2-t1-painted-body-rc-110-m-06\/"},"modified":"2025-12-04T11:00:43","modified_gmt":"2025-12-04T09:00:43","slug":"volkswagen-type-2-t1-malet-karosseri-rc-110-m-06","status":"publish","type":"product","link":"https:\/\/bigfunhobby.com\/da\/butikk\/volkswagen-type-2-t1-painted-body-rc-110-m-06\/","title":{"rendered":"VOLKSWAGEN TYPE 2 T1 (MALET KAROSSERI) RC 1:10 (M-06)"},"content":{"rendered":"<p>Dyk ned i modelverdenen med vores Volkswagen Type 2 T1-s\u00e6t i skala 1:10. Det er en perfekt model til b\u00e5de begyndere og erfarne modelbyggere, som er interesserede i klassiske biler.<\/p>\n<p>Volkswagen Type 2, kendt som \"folkevognsbussen\", er en sand legende. Den blev designet af den hollandske Volkswagen-import\u00f8r Ben Pon i 1947 og produceret fra 1950 til 1967. I Brasilien fortsatte produktionen indtil 1975, l\u00e6nge efter at den blev indstillet i Tyskland.<\/p>\n<p>S\u00e6ttet leveres med en 540-motor og et f\u00e6rdigmalet karosseri. For at f\u00e6rdigg\u00f8re modellen skal du bruge:<\/p>\n<ul>\n<li>Radio og modtager<\/li>\n<li>4,8 ~ 7,4 kg servo eller st\u00e6rkere<\/li>\n<li>NiMH- eller LiPO-batteri<\/li>\n<li>ESC (hastighedskontrol)<\/li>\n<li>Batterioplader<\/li>\n<\/ul>\n<p>Vi anbefaler ogs\u00e5 at f\u00e5 <a href=\"https:\/\/modelsport.no\/shop\/2-54179\/\" target=\"_blank\" rel=\"noopener\">Kuglelejer<\/a> for en mere autentisk modeloplevelse.<\/p>\n<p>Med sit detaljerede design og realistiske komponenter er denne model et must-have for alle entusiaster af klassiske biler og modellering. Modellen er 426 mm lang og leveres med hjul i klassisk stil og m\u00f8nstrede d\u00e6k. Den er monteret p\u00e5 det baghjulstrukne M-06-chassis, som giver fremragende pr\u00e6stationer.<\/p>\n<p>G\u00f8r dig klar til timevis af kreativ sjov og l\u00e6rerig modelbygning. K\u00f8b Volkswagen Type 2 T1-s\u00e6ttet i dag, og start din rejse ind i modelbygningens fascinerende verden.<\/p>","protected":false},"excerpt":{"rendered":"<p>Genoplev legenden med dette detaljerede Volkswagen Type 2 T1-s\u00e6t i skala 1:10, komplet med f\u00e6rdigmalet karrosseri og 540-motor. Perfekt til b\u00e5de begyndere og erfarne modelbyggere.<\/p>","protected":false},"featured_media":8436,"comment_status":"open","ping_status":"closed","template":"","meta":[],"product_brand":[99],"product_cat":[69,84,83],"product_tag":[],"class_list":{"0":"post-8437","1":"product","2":"type-product","3":"status-publish","4":"has-post-thumbnail","6":"product_brand-tamiya","7":"product_cat-69","8":"product_cat-biler","9":"product_cat-rc-fjernstyring","11":"first","12":"instock","13":"taxable","14":"shipping-taxable","15":"purchasable","16":"product-type-simple"},"_links":{"self":[{"href":"https:\/\/bigfunhobby.com\/da\/wp-json\/wp\/v2\/product\/8437","targetHints":{"allow":["GET"]}}],"collection":[{"href":"https:\/\/bigfunhobby.com\/da\/wp-json\/wp\/v2\/product"}],"about":[{"href":"https:\/\/bigfunhobby.com\/da\/wp-json\/wp\/v2\/types\/product"}],"replies":[{"embeddable":true,"href":"https:\/\/bigfunhobby.com\/da\/wp-json\/wp\/v2\/comments?post=8437"}],"wp:featuredmedia":[{"embeddable":true,"href":"https:\/\/bigfunhobby.com\/da\/wp-json\/wp\/v2\/media\/8436"}],"wp:attachment":[{"href":"https:\/\/bigfunhobby.com\/da\/wp-json\/wp\/v2\/media?parent=8437"}],"wp:term":[{"taxonomy":"product_brand","embeddable":true,"href":"https:\/\/bigfunhobby.com\/da\/wp-json\/wp\/v2\/product_brand?post=8437"},{"taxonomy":"product_cat","embeddable":true,"href":"https:\/\/bigfunhobby.com\/da\/wp-json\/wp\/v2\/product_cat?post=8437"},{"taxonomy":"product_tag","embeddable":true,"href":"https:\/\/bigfunhobby.com\/da\/wp-json\/wp\/v2\/product_tag?post=8437"}],"curies":[{"name":"wp","href":"https:\/\/api.w.org\/{rel}","templated":true}]}}