{"id":8473,"date":"2025-03-08T17:17:08","date_gmt":"2025-03-08T17:17:08","guid":{"rendered":"https:\/\/bigfunhobby.com\/butikk\/19314-light-green-paint-pintura-verde-claro-30-ml\/"},"modified":"2025-12-04T11:00:45","modified_gmt":"2025-12-04T09:00:45","slug":"19314-lysegron-maling-pintura-verde-claro-30-ml","status":"publish","type":"product","link":"https:\/\/bigfunhobby.com\/da\/butikk\/19314-light-green-paint-pintura-verde-claro-30-ml\/","title":{"rendered":"19314 - Lysegr\u00f8n maling \/ Pintura verde claro 30 ml"},"content":{"rendered":"<p>G\u00e5 p\u00e5 opdagelse i vores udvalg af modelleringsmaling, og find vores 19314 - Light Green Paint. Denne maling af h\u00f8j kvalitet er perfekt til at tilf\u00f8je de n\u00f8dvendige detaljer til dine modelprojekter, uanset om det er tr\u00e6skibsmodeller, plastikmodeller, modeljernbaner eller fjernstyrede k\u00f8ret\u00f8jer.<\/p>\n<ul>\n<li><strong>Produktets navn:<\/strong> 19314 - Lysegr\u00f8n maling \/ Pintura verde claro 30 ml<\/li>\n<li><strong>Produktkategori:<\/strong> Modelmaling<\/li>\n<\/ul>\n<p>Denne lysegr\u00f8nne maling er fremstillet af ingredienser af h\u00f8j kvalitet for at sikre en j\u00e6vn p\u00e5f\u00f8ring og en langtidsholdbar finish. Den er nem at p\u00e5f\u00f8re og t\u00f8rrer hurtigt, hvilket g\u00f8r den til et fremragende valg for b\u00e5de begyndere og erfarne modelbyggere.<\/p>\n<p>Modelbygning er en kunstform, der har eksisteret i \u00e5revis, og med vores lysegr\u00f8nne maling kan du bringe dine modeller til live med autentiske detaljer. Uanset om du arbejder p\u00e5 et bygges\u00e6t i tr\u00e6, skaber en skalamodel i plast, bygger en modeljernbane eller dekorerer et fjernstyret k\u00f8ret\u00f8j, har vi den maling, du skal bruge for at fuldf\u00f8re dit projekt med stil.<\/p>\n<p>Vent ikke l\u00e6ngere, l\u00e6g vores lysegr\u00f8nne maling i kurven i dag, og tag dine modelleringsprojekter til det n\u00e6ste niveau med denne maling af h\u00f8j kvalitet. K\u00f8b her og oplev den forskel, som en professionel maling kan g\u00f8re for dine modelleringsprojekter.<\/p>","protected":false},"excerpt":{"rendered":"<p>Vores Light Green Paint er en modelmaling af h\u00f8j kvalitet, som er ideel til at give dine modelprojekter de perfekte detaljer. Den er velegnet til b\u00e5de begyndere og erfarne modelbyggere.<\/p>","protected":false},"featured_media":8472,"comment_status":"open","ping_status":"closed","template":"","meta":[],"product_brand":[95],"product_cat":[78],"product_tag":[],"class_list":{"0":"post-8473","1":"product","2":"type-product","3":"status-publish","4":"has-post-thumbnail","6":"product_brand-occre","7":"product_cat-occre-maling","9":"first","10":"instock","11":"taxable","12":"shipping-taxable","13":"purchasable","14":"product-type-simple"},"_links":{"self":[{"href":"https:\/\/bigfunhobby.com\/da\/wp-json\/wp\/v2\/product\/8473","targetHints":{"allow":["GET"]}}],"collection":[{"href":"https:\/\/bigfunhobby.com\/da\/wp-json\/wp\/v2\/product"}],"about":[{"href":"https:\/\/bigfunhobby.com\/da\/wp-json\/wp\/v2\/types\/product"}],"replies":[{"embeddable":true,"href":"https:\/\/bigfunhobby.com\/da\/wp-json\/wp\/v2\/comments?post=8473"}],"wp:featuredmedia":[{"embeddable":true,"href":"https:\/\/bigfunhobby.com\/da\/wp-json\/wp\/v2\/media\/8472"}],"wp:attachment":[{"href":"https:\/\/bigfunhobby.com\/da\/wp-json\/wp\/v2\/media?parent=8473"}],"wp:term":[{"taxonomy":"product_brand","embeddable":true,"href":"https:\/\/bigfunhobby.com\/da\/wp-json\/wp\/v2\/product_brand?post=8473"},{"taxonomy":"product_cat","embeddable":true,"href":"https:\/\/bigfunhobby.com\/da\/wp-json\/wp\/v2\/product_cat?post=8473"},{"taxonomy":"product_tag","embeddable":true,"href":"https:\/\/bigfunhobby.com\/da\/wp-json\/wp\/v2\/product_tag?post=8473"}],"curies":[{"name":"wp","href":"https:\/\/api.w.org\/{rel}","templated":true}]}}