{"id":8477,"date":"2025-03-08T17:17:09","date_gmt":"2025-03-08T17:17:09","guid":{"rendered":"https:\/\/bigfunhobby.com\/butikk\/19380-gold-paint-pintura-oro-30-ml\/"},"modified":"2025-12-04T11:00:45","modified_gmt":"2025-12-04T09:00:45","slug":"19380-guldmaling-pintura-oro-30-ml","status":"publish","type":"product","link":"https:\/\/bigfunhobby.com\/da\/butikk\/19380-gold-paint-pintura-oro-30-ml\/","title":{"rendered":"19380 - Guldmaling \/ Pintura oro 30 ml"},"content":{"rendered":"<p>Oplev smuk glans med 19380 - Gold Paint \/ Pintura oro 30 ml. Denne guldmaling er perfekt til at give dine modelleringsprojekter det sidste, glitrende touch, uanset om det er plastikmodeller, tr\u00e6skibsmodeller eller modeljernbaner.<\/p>\n<p><strong>Specifikationer:<\/strong><\/p>\n<ul>\n<li>Guldmaling af h\u00f8j kvalitet<\/li>\n<li>30 ml beholder<\/li>\n<li>Perfekt til plastikmodeller, tr\u00e6skibsmodeller, modeljernbaner og meget mere<\/li>\n<\/ul>\n<p>Med denne guldmaling kan du give dine modelleringsprojekter, uanset om det er s\u00e6t til voksne eller b\u00f8rn, en unik finish, som virkelig skiller sig ud. Den er nem at p\u00e5f\u00f8re og giver et j\u00e6vnt og skinnende resultat, uanset hvilken overflade du arbejder p\u00e5.<\/p>\n<p>Lad din kreativitet blomstre med denne guldmaling. Den er ideel til alle typer projekter, fra plastikmodeller til skalamodeller, og giver en smuk finish, der virkelig fremh\u00e6ver detaljerne i dit s\u00e6t.<\/p>\n<p>G\u00e5 ikke glip af muligheden for at give dine modelleringsprojekter det lille ekstra. K\u00f8b 19380 - Guldmaling \/ Pintura oro 30 ml i dag, og oplev den forskel, det kan g\u00f8re for dine s\u00e6t.<\/p>","protected":false},"excerpt":{"rendered":"<p>19380 - Gold Paint \/ Pintura oro 30 ml er en guldmaling af h\u00f8j kvalitet, der giver en funklende finish til ethvert modelleringsprojekt.<\/p>","protected":false},"featured_media":8476,"comment_status":"open","ping_status":"closed","template":"","meta":[],"product_brand":[95],"product_cat":[78],"product_tag":[],"class_list":{"0":"post-8477","1":"product","2":"type-product","3":"status-publish","4":"has-post-thumbnail","6":"product_brand-occre","7":"product_cat-occre-maling","9":"first","10":"instock","11":"taxable","12":"shipping-taxable","13":"purchasable","14":"product-type-simple"},"_links":{"self":[{"href":"https:\/\/bigfunhobby.com\/da\/wp-json\/wp\/v2\/product\/8477","targetHints":{"allow":["GET"]}}],"collection":[{"href":"https:\/\/bigfunhobby.com\/da\/wp-json\/wp\/v2\/product"}],"about":[{"href":"https:\/\/bigfunhobby.com\/da\/wp-json\/wp\/v2\/types\/product"}],"replies":[{"embeddable":true,"href":"https:\/\/bigfunhobby.com\/da\/wp-json\/wp\/v2\/comments?post=8477"}],"wp:featuredmedia":[{"embeddable":true,"href":"https:\/\/bigfunhobby.com\/da\/wp-json\/wp\/v2\/media\/8476"}],"wp:attachment":[{"href":"https:\/\/bigfunhobby.com\/da\/wp-json\/wp\/v2\/media?parent=8477"}],"wp:term":[{"taxonomy":"product_brand","embeddable":true,"href":"https:\/\/bigfunhobby.com\/da\/wp-json\/wp\/v2\/product_brand?post=8477"},{"taxonomy":"product_cat","embeddable":true,"href":"https:\/\/bigfunhobby.com\/da\/wp-json\/wp\/v2\/product_cat?post=8477"},{"taxonomy":"product_tag","embeddable":true,"href":"https:\/\/bigfunhobby.com\/da\/wp-json\/wp\/v2\/product_tag?post=8477"}],"curies":[{"name":"wp","href":"https:\/\/api.w.org\/{rel}","templated":true}]}}