{"id":8499,"date":"2025-03-08T17:17:14","date_gmt":"2025-03-08T17:17:14","guid":{"rendered":"https:\/\/bigfunhobby.com\/butikk\/90503-jupiter-paints-pack-pack-pinturas-jupiter\/"},"modified":"2026-03-03T12:26:14","modified_gmt":"2026-03-03T10:26:14","slug":"90503-jupiter-paints-pack-pack-pinturas-jupiter","status":"publish","type":"product","link":"https:\/\/bigfunhobby.com\/da\/butikk\/90503-jupiter-paints-pack-pack-pinturas-jupiter\/","title":{"rendered":"90503 &#8211; Jupiter paints pack \/ Pack pinturas Jupiter"},"content":{"rendered":"<p>Introduserer Jupiter malingsett 90503 &#8211; ditt essensielle verkt\u00f8y for \u00e5 gi dine modellprosjekter en livaktig finish. Uansett om du arbeider med treskipsmodeller, plastskalamodeller eller modelljernbaner, vil dette malingsettet s\u00f8rge for at du har alle fargene du trenger for \u00e5 gi ditt prosjekt en autentisk finish.<\/p>\n<p><b>Specifikationer:<\/b><\/p>\n<ul>\n<li>Pakken inneholder en rekke forskjellige malingfarger<\/li>\n<li>Perfekt for alle slags modellhobbyprosjekter<\/li>\n<li>Produsert for \u00e5 gi en langvarig og livaktig finish<\/li>\n<\/ul>\n<p>Malingen er spesielt formulert for modellbygging, noe som betyr at den gir en jevn og holdbar finish som vil vare. Enten du er en erfaren modellbygger eller bare begynner, vil du sette pris p\u00e5 kvaliteten og allsidigheten til dette malingsettet.<\/p>\n<p>Modellbygging er en historisk hobby som har blitt ut\u00f8vet i mange \u00e5r. \u00c5 kunne fargelegge dine egne modeller gir en ekstra dimensjon til hobbyen, og lar deg virkelig gj\u00f8re prosjektene dine personlige. Med Jupiter malingsett 90503, kan du f\u00f8lge i fotsporene til mange modellbyggere f\u00f8r deg og gi dine modeller en fantastisk finish.<\/p>\n<p>Ikke vent &#8211; ta modellhobbyprosjektene dine til neste niv\u00e5 med Jupiter malingsett 90503. Kj\u00f8p her og opplev den utrolige kvaliteten selv.<\/p>","protected":false},"excerpt":{"rendered":"<p>Jupiter malingsett 90503, n\u00f8dvendig for alle modellhobbyentusiaster som trenger h\u00f8ykvalitetsfarger for \u00e5 bringe deres prosjekter til liv.<\/p>","protected":false},"featured_media":8498,"comment_status":"open","ping_status":"closed","template":"","meta":[],"product_brand":[95],"product_cat":[78],"product_tag":[],"class_list":{"0":"post-8499","1":"product","2":"type-product","3":"status-publish","4":"has-post-thumbnail","6":"product_brand-occre","7":"product_cat-occre-maling","9":"first","10":"instock","11":"taxable","12":"shipping-taxable","13":"purchasable","14":"product-type-simple"},"_links":{"self":[{"href":"https:\/\/bigfunhobby.com\/da\/wp-json\/wp\/v2\/product\/8499","targetHints":{"allow":["GET"]}}],"collection":[{"href":"https:\/\/bigfunhobby.com\/da\/wp-json\/wp\/v2\/product"}],"about":[{"href":"https:\/\/bigfunhobby.com\/da\/wp-json\/wp\/v2\/types\/product"}],"replies":[{"embeddable":true,"href":"https:\/\/bigfunhobby.com\/da\/wp-json\/wp\/v2\/comments?post=8499"}],"wp:featuredmedia":[{"embeddable":true,"href":"https:\/\/bigfunhobby.com\/da\/wp-json\/wp\/v2\/media\/8498"}],"wp:attachment":[{"href":"https:\/\/bigfunhobby.com\/da\/wp-json\/wp\/v2\/media?parent=8499"}],"wp:term":[{"taxonomy":"product_brand","embeddable":true,"href":"https:\/\/bigfunhobby.com\/da\/wp-json\/wp\/v2\/product_brand?post=8499"},{"taxonomy":"product_cat","embeddable":true,"href":"https:\/\/bigfunhobby.com\/da\/wp-json\/wp\/v2\/product_cat?post=8499"},{"taxonomy":"product_tag","embeddable":true,"href":"https:\/\/bigfunhobby.com\/da\/wp-json\/wp\/v2\/product_tag?post=8499"}],"curies":[{"name":"wp","href":"https:\/\/api.w.org\/{rel}","templated":true}]}}