{"id":8501,"date":"2025-03-08T17:17:14","date_gmt":"2025-03-08T17:17:14","guid":{"rendered":"https:\/\/bigfunhobby.com\/butikk\/90504-titanic-paints-pack-pack-pinturas-titanic\/"},"modified":"2026-03-03T12:26:14","modified_gmt":"2026-03-03T10:26:14","slug":"90504-titanic-paints-pack-pack-pinturas-titanic","status":"publish","type":"product","link":"https:\/\/bigfunhobby.com\/da\/butikk\/90504-titanic-paints-pack-pack-pinturas-titanic\/","title":{"rendered":"90504 &#8211; Titanic paints pack \/ Pack pinturas Titanic"},"content":{"rendered":"<p>Dette er et omfattende malingsett, designet spesielt for \u00e5 gi ditt Titanic byggesett en autentisk og detaljert finish. Settet inneholder et bredt utvalg av farger som benyttes for \u00e5 matche den opprinnelige Titanic, noe som gj\u00f8r det til et uunnv\u00e6rlig verkt\u00f8y for enhver modellbygger.<\/p>\n<p>Settet inneholder flere ulike farger for \u00e5 kunne skape mest mulig autentisk finish p\u00e5 din skalamodell. Fra de dype bl\u00e5tonene i havet, til de rike jordfargene p\u00e5 skroget og den glinsende hvite malingen p\u00e5 overbygget, er dette settet utformet for \u00e5 gi deg et s\u00e5 realistisk resultat som mulig.<\/p>\n<ul>\n<li>Perfekt til b\u00e5de begyndere og erfarne modelbyggere<\/li>\n<li>Et bredt spekter av farger for \u00e5 matche den opprinnelige Titanic<\/li>\n<li>Ideell for detaljert og autentisk modellbygging<\/li>\n<\/ul>\n<p>Historien om Titanic har fascinert mennesker i over et \u00e5rhundre. Dette malingsettet gir deg muligheten til \u00e5 gjenskape dette legendariske skipet i miniatyr, med stor oppmerksomhet p\u00e5 detaljer. Enten du er en erfaren modellbygger, eller du bare er ute etter en ny og engasjerende hobby, vil dette malingsettet gi deg alt du trenger for \u00e5 bringe din Titanic modell til liv.<\/p>\n<p>Ikke vent, start ditt modellbyggingsprosjekt i dag. Bestill 90504 &#8211; Titanic paints pack n\u00e5, og ta din modellbygging til et nytt niv\u00e5.<\/p>","protected":false},"excerpt":{"rendered":"<p>Komplett malingsett for Titanic byggesett. Ideell for detaljert og autentisk modellbygging av Titanic.<\/p>","protected":false},"featured_media":8500,"comment_status":"open","ping_status":"closed","template":"","meta":[],"product_brand":[95],"product_cat":[78],"product_tag":[],"class_list":{"0":"post-8501","1":"product","2":"type-product","3":"status-publish","4":"has-post-thumbnail","6":"product_brand-occre","7":"product_cat-occre-maling","9":"first","10":"outofstock","11":"taxable","12":"shipping-taxable","13":"purchasable","14":"product-type-simple"},"_links":{"self":[{"href":"https:\/\/bigfunhobby.com\/da\/wp-json\/wp\/v2\/product\/8501","targetHints":{"allow":["GET"]}}],"collection":[{"href":"https:\/\/bigfunhobby.com\/da\/wp-json\/wp\/v2\/product"}],"about":[{"href":"https:\/\/bigfunhobby.com\/da\/wp-json\/wp\/v2\/types\/product"}],"replies":[{"embeddable":true,"href":"https:\/\/bigfunhobby.com\/da\/wp-json\/wp\/v2\/comments?post=8501"}],"wp:featuredmedia":[{"embeddable":true,"href":"https:\/\/bigfunhobby.com\/da\/wp-json\/wp\/v2\/media\/8500"}],"wp:attachment":[{"href":"https:\/\/bigfunhobby.com\/da\/wp-json\/wp\/v2\/media?parent=8501"}],"wp:term":[{"taxonomy":"product_brand","embeddable":true,"href":"https:\/\/bigfunhobby.com\/da\/wp-json\/wp\/v2\/product_brand?post=8501"},{"taxonomy":"product_cat","embeddable":true,"href":"https:\/\/bigfunhobby.com\/da\/wp-json\/wp\/v2\/product_cat?post=8501"},{"taxonomy":"product_tag","embeddable":true,"href":"https:\/\/bigfunhobby.com\/da\/wp-json\/wp\/v2\/product_tag?post=8501"}],"curies":[{"name":"wp","href":"https:\/\/api.w.org\/{rel}","templated":true}]}}