{"id":8503,"date":"2025-03-08T17:17:14","date_gmt":"2025-03-08T17:17:14","guid":{"rendered":"https:\/\/bigfunhobby.com\/butikk\/90505-endurance-paints-pack-pack-pinturas\/"},"modified":"2026-04-03T17:42:53","modified_gmt":"2026-04-03T15:42:53","slug":"90505-endurance-paints-pack-pack-pinturas","status":"publish","type":"product","link":"https:\/\/bigfunhobby.com\/da\/butikk\/90505-endurance-paints-pack-pack-pinturas\/","title":{"rendered":"90505 &#8211; Endurance Paints pack \/ Pack pinturas"},"content":{"rendered":"<p>90505 &#8211; Endurance Paints pack gir deg et bredt spekter av h\u00f8ykvalitetsfarger, ideelt for \u00e5 legge til detaljer og liv til dine plastmodeller, treskip, modelljernbane og fjernstyrte kj\u00f8ret\u00f8y. Dette er det perfekte tilbeh\u00f8ret for b\u00e5de nybegynnere og erfarne entusiaster innen modellbygging.<\/p>\n<ul>\n<li>Stort utvalg av farger<\/li>\n<li>H\u00f8y kvalitet<\/li>\n<li>Perfekt for plastmodeller og treskipsmodeller<\/li>\n<li>Flott for b\u00e5de nybegynnere og erfarne modellbyggere<\/li>\n<\/ul>\n<p>Endurance Paints pack er laget med tanke p\u00e5 b\u00e5de detaljrikdom og holdbarhet. Fargene holder seg levende og motstandsdyktige over tid, noe som sikrer at dine byggesett ser like bra ut \u00e5r etter \u00e5r. Denne fargepakken er et must for alle som tar sin modellbygging p\u00e5 alvor.<\/p>\n<p>Enten du jobber med et plastbyggesett, et treskipsbyggesett, eller et modelljernbaneprosjekt, vil denne fargepakken gi deg de fargene du trenger for \u00e5 fullf\u00f8re ditt mesterverk. Bli inspirert, la kreativiteten flyte og se hvordan disse fargene forvandler byggesettet ditt til et realistisk og detaljert kunstverk.<\/p>\n<p>G\u00e5 ikke glipp av denne muligheten til \u00e5 gi byggesettene dine det profesjonelle preget de fortjener. Bestill 90505 &#8211; Endurance Paints pack i dag og ta modellbyggingsarbeidet ditt til nye h\u00f8yder. <\/p>","protected":false},"excerpt":{"rendered":"<p>Oppgrader modellbyggingsarbeidet ditt med 90505 &#8211; Endurance Paints pack. Perfekt for \u00e5 gi plastmodeller og treskip et profesjonelt preg.<\/p>","protected":false},"featured_media":8502,"comment_status":"open","ping_status":"closed","template":"","meta":[],"product_brand":[95],"product_cat":[78],"product_tag":[],"class_list":{"0":"post-8503","1":"product","2":"type-product","3":"status-publish","4":"has-post-thumbnail","6":"product_brand-occre","7":"product_cat-occre-maling","9":"first","10":"outofstock","11":"taxable","12":"shipping-taxable","13":"purchasable","14":"product-type-simple"},"_links":{"self":[{"href":"https:\/\/bigfunhobby.com\/da\/wp-json\/wp\/v2\/product\/8503","targetHints":{"allow":["GET"]}}],"collection":[{"href":"https:\/\/bigfunhobby.com\/da\/wp-json\/wp\/v2\/product"}],"about":[{"href":"https:\/\/bigfunhobby.com\/da\/wp-json\/wp\/v2\/types\/product"}],"replies":[{"embeddable":true,"href":"https:\/\/bigfunhobby.com\/da\/wp-json\/wp\/v2\/comments?post=8503"}],"wp:featuredmedia":[{"embeddable":true,"href":"https:\/\/bigfunhobby.com\/da\/wp-json\/wp\/v2\/media\/8502"}],"wp:attachment":[{"href":"https:\/\/bigfunhobby.com\/da\/wp-json\/wp\/v2\/media?parent=8503"}],"wp:term":[{"taxonomy":"product_brand","embeddable":true,"href":"https:\/\/bigfunhobby.com\/da\/wp-json\/wp\/v2\/product_brand?post=8503"},{"taxonomy":"product_cat","embeddable":true,"href":"https:\/\/bigfunhobby.com\/da\/wp-json\/wp\/v2\/product_cat?post=8503"},{"taxonomy":"product_tag","embeddable":true,"href":"https:\/\/bigfunhobby.com\/da\/wp-json\/wp\/v2\/product_tag?post=8503"}],"curies":[{"name":"wp","href":"https:\/\/api.w.org\/{rel}","templated":true}]}}