{"id":8505,"date":"2025-03-08T17:17:15","date_gmt":"2025-03-08T17:17:15","guid":{"rendered":"https:\/\/bigfunhobby.com\/butikk\/90506-prinz-eugen-paints-pack-pack-pinturas\/"},"modified":"2026-03-03T12:26:14","modified_gmt":"2026-03-03T10:26:14","slug":"90506-prinz-eugen-paints-pack-pack-pinturas","status":"publish","type":"product","link":"https:\/\/bigfunhobby.com\/da\/butikk\/90506-prinz-eugen-paints-pack-pack-pinturas\/","title":{"rendered":"90506 &#8211; Prinz Eugen Paints pack \/ Pack pinturas"},"content":{"rendered":"<p>90506 &#8211; Prinz Eugen Paints pack gir deg alle fargene du trenger for \u00e5 bringe Prinz Eugen modellbyggingssett til liv. Dette er det ultimate tilbeh\u00f8ret for modellbyggere p\u00e5 alle niv\u00e5er, enten du er nybegynner eller en erfaren entusiast.<\/p>\n<p>Denne malingpakken er spesifikt designet for Prinz Eugen modellene, og gir deg n\u00f8yaktig de fargene du trenger for \u00e5 gi modellen et autentisk utseende. Denne pakken vil garantert gi modellen din det profesjonelle utseendet du str\u00e6ber etter.<\/p>\n<ul>\n<li>Spesialtilpasset Prinz Eugen byggesett<\/li>\n<li>Inneholder alle n\u00f8dvendige farger for et autentisk utseende<\/li>\n<li>Passer for modellbyggere p\u00e5 alle niv\u00e5er<\/li>\n<\/ul>\n<p>Prinz Eugen var et ber\u00f8mt tysk krigsskip under andre verdenskrig. Med denne malingpakken kan du gjenskape dette historiske skipet med ekstraordin\u00e6r detaljrikdom og autentisitet.<\/p>\n<p>Invester i kvalitetsmaling for modellbyggesettet ditt og opplev forskjellen det gj\u00f8r for det endelige resultatet. Ikke utsett &#8211; bestill 90506 &#8211; Prinz Eugen Paints pack i dag og ta modellbyggingen din til neste niv\u00e5!<\/p>","protected":false},"excerpt":{"rendered":"<p>90506 &#8211; Prinz Eugen Paints pack er en komplett pakke med maling spesialtilpasset Prinz Eugen modellbyggingssett. Perfekt for b\u00e5de nybegynnere og erfarne modellbyggere.<\/p>","protected":false},"featured_media":8504,"comment_status":"open","ping_status":"closed","template":"","meta":[],"product_brand":[95],"product_cat":[78],"product_tag":[],"class_list":{"0":"post-8505","1":"product","2":"type-product","3":"status-publish","4":"has-post-thumbnail","6":"product_brand-occre","7":"product_cat-occre-maling","9":"first","10":"outofstock","11":"taxable","12":"shipping-taxable","13":"purchasable","14":"product-type-simple"},"_links":{"self":[{"href":"https:\/\/bigfunhobby.com\/da\/wp-json\/wp\/v2\/product\/8505","targetHints":{"allow":["GET"]}}],"collection":[{"href":"https:\/\/bigfunhobby.com\/da\/wp-json\/wp\/v2\/product"}],"about":[{"href":"https:\/\/bigfunhobby.com\/da\/wp-json\/wp\/v2\/types\/product"}],"replies":[{"embeddable":true,"href":"https:\/\/bigfunhobby.com\/da\/wp-json\/wp\/v2\/comments?post=8505"}],"wp:featuredmedia":[{"embeddable":true,"href":"https:\/\/bigfunhobby.com\/da\/wp-json\/wp\/v2\/media\/8504"}],"wp:attachment":[{"href":"https:\/\/bigfunhobby.com\/da\/wp-json\/wp\/v2\/media?parent=8505"}],"wp:term":[{"taxonomy":"product_brand","embeddable":true,"href":"https:\/\/bigfunhobby.com\/da\/wp-json\/wp\/v2\/product_brand?post=8505"},{"taxonomy":"product_cat","embeddable":true,"href":"https:\/\/bigfunhobby.com\/da\/wp-json\/wp\/v2\/product_cat?post=8505"},{"taxonomy":"product_tag","embeddable":true,"href":"https:\/\/bigfunhobby.com\/da\/wp-json\/wp\/v2\/product_tag?post=8505"}],"curies":[{"name":"wp","href":"https:\/\/api.w.org\/{rel}","templated":true}]}}