{"id":8511,"date":"2025-03-08T17:17:16","date_gmt":"2025-03-08T17:17:16","guid":{"rendered":"https:\/\/bigfunhobby.com\/butikk\/90509-palamos-paints-pack-pack-pinturas\/"},"modified":"2026-04-13T23:05:44","modified_gmt":"2026-04-13T21:05:44","slug":"90509-palamos-paints-pack-pack-pinturas","status":"publish","type":"product","link":"https:\/\/bigfunhobby.com\/da\/butikk\/90509-palamos-paints-pack-pack-pinturas\/","title":{"rendered":"90509 &#8211; Palamos paints pack \/ pack pinturas"},"content":{"rendered":"<p>90509 &#8211; Palamos paints pack er et malingsett spesielt designet for deg som elsker modellbygging og \u00f8nsker \u00e5 gi dine treskipsmodeller et unikt og autentisk utseende. Dette settet har alt du trenger for \u00e5 komme i gang med maling av modellskip, uansett om du er nybegynner eller erfaren entusiast.<\/p>\n<ul>\n<li>Ideal for treskipsmodeller<\/li>\n<li>Komplett malingsett<\/li>\n<li>Egnet for b\u00e5de nybegynnere og erfarne modellbyggere<\/li>\n<\/ul>\n<p>Settet inneholder et n\u00f8ye utvalgt spekter av farger som lar deg gi treskipsmodellen din et levende og detaljert uttrykk. Fargene er av h\u00f8y kvalitet, enkle \u00e5 p\u00e5f\u00f8re og t\u00f8rker raskt. Med dette malingsettet kan du virkelig g\u00e5 inn i detaljene og gi modellskipet ditt det ekstra lille som gj\u00f8r det unikt.<\/p>\n<p>Modellbygging er en elsket hobby for mange, og det er ikke uten grunn. Det er en fantastisk m\u00e5te \u00e5 kombinere kreativitet, t\u00e5lmodighet og n\u00f8yaktighet p\u00e5. Med dette malingsettet kan du virkelig ta hobbyen din til neste niv\u00e5.<\/p>\n<p>S\u00e5 hvorfor vente? Start ditt neste modellbyggingsprosjekt i dag. Med 90509 &#8211; Palamos paints pack er du godt rustet til \u00e5 gi modellskipene dine det autentiske utseendet de fortjener. Bestill n\u00e5!<\/p>","protected":false},"excerpt":{"rendered":"<p>90509 &#8211; Palamos paints pack er et komplett malingsett ideelt for alle modellhobbyister som \u00f8nsker \u00e5 gi sine treskipsmodeller et profesjonelt utseende.<\/p>","protected":false},"featured_media":8510,"comment_status":"open","ping_status":"closed","template":"","meta":[],"product_brand":[95],"product_cat":[78],"product_tag":[],"class_list":{"0":"post-8511","1":"product","2":"type-product","3":"status-publish","4":"has-post-thumbnail","6":"product_brand-occre","7":"product_cat-occre-maling","9":"first","10":"outofstock","11":"taxable","12":"shipping-taxable","13":"purchasable","14":"product-type-simple"},"_links":{"self":[{"href":"https:\/\/bigfunhobby.com\/da\/wp-json\/wp\/v2\/product\/8511","targetHints":{"allow":["GET"]}}],"collection":[{"href":"https:\/\/bigfunhobby.com\/da\/wp-json\/wp\/v2\/product"}],"about":[{"href":"https:\/\/bigfunhobby.com\/da\/wp-json\/wp\/v2\/types\/product"}],"replies":[{"embeddable":true,"href":"https:\/\/bigfunhobby.com\/da\/wp-json\/wp\/v2\/comments?post=8511"}],"wp:featuredmedia":[{"embeddable":true,"href":"https:\/\/bigfunhobby.com\/da\/wp-json\/wp\/v2\/media\/8510"}],"wp:attachment":[{"href":"https:\/\/bigfunhobby.com\/da\/wp-json\/wp\/v2\/media?parent=8511"}],"wp:term":[{"taxonomy":"product_brand","embeddable":true,"href":"https:\/\/bigfunhobby.com\/da\/wp-json\/wp\/v2\/product_brand?post=8511"},{"taxonomy":"product_cat","embeddable":true,"href":"https:\/\/bigfunhobby.com\/da\/wp-json\/wp\/v2\/product_cat?post=8511"},{"taxonomy":"product_tag","embeddable":true,"href":"https:\/\/bigfunhobby.com\/da\/wp-json\/wp\/v2\/product_tag?post=8511"}],"curies":[{"name":"wp","href":"https:\/\/api.w.org\/{rel}","templated":true}]}}