{"id":8523,"date":"2025-03-08T17:17:21","date_gmt":"2025-03-08T17:17:21","guid":{"rendered":"https:\/\/bigfunhobby.com\/butikk\/90515-essex-paints-pack-pack-pinturas\/"},"modified":"2026-03-03T12:26:15","modified_gmt":"2026-03-03T10:26:15","slug":"90515-essex-paints-pack-pack-pinturas","status":"publish","type":"product","link":"https:\/\/bigfunhobby.com\/da\/butikk\/90515-essex-paints-pack-pack-pinturas\/","title":{"rendered":"90515 &#8211; Essex paints pack \/ Pack pinturas"},"content":{"rendered":"<p>90515 &#8211; Essex Paints Pack er det perfekte tillegget til din modellbyggingsverkt\u00f8ykasse. Enten du arbeider med treskipsmodeller, plastmodeller eller modelljernbane, vil denne pakken med maling gi dine kreasjoner et realistisk og profesjonelt utseende.<\/p>\n<p>Essex Paints Pack gir deg et bredt spekter av farger, slik at du kan tilpasse dine byggesett etter eget \u00f8nske. Enten du vil fremheve detaljer, skape skyggeeffekter eller gi modellene dine et helt nytt utseende, vil denne malingen hjelpe deg \u00e5 oppn\u00e5 \u00f8nsket resultat.<\/p>\n<ul>\n<li>Kvalitetsmaling, designet spesielt for modellbygging<\/li>\n<li>Bredt spekter av farger for \u00e5 dekke alle dine behov<\/li>\n<li>Passer til alle typer modellbyggingsmaterialer, inkludert tre, plast og metall<\/li>\n<li>Langvarig og holdbar finish<\/li>\n<\/ul>\n<p>\u00c5 male modellene dine kan gi dem et mer realistisk utseende, og kan v\u00e6re en morsom og kreativ del av modellbyggingsprosessen. Enten du er en erfaren modellbygger p\u00e5 jakt etter nye utfordringer, eller en nybegynner som vil ta dine ferdigheter til neste niv\u00e5, vil Essex Paints Pack gi deg alt du trenger for \u00e5 gi dine kreasjoner ekstra liv og autentisitet.<\/p>\n<p>Ikke vent lenger med \u00e5 ta din modellbygging til neste niv\u00e5. <strong>Bestill din Essex Paints Pack i dag<\/strong> og opplev forskjellen kvalitetsmaling kan gj\u00f8re for dine byggesett.<\/p>","protected":false},"excerpt":{"rendered":"<p>Essex Paints Pack er et n\u00f8dvendig tilskudd for enhver modellbygger, med et bredt utvalg av farger for \u00e5 gi dine prosjekter liv og autentisitet.<\/p>","protected":false},"featured_media":8522,"comment_status":"open","ping_status":"closed","template":"","meta":[],"product_brand":[95],"product_cat":[78],"product_tag":[],"class_list":{"0":"post-8523","1":"product","2":"type-product","3":"status-publish","4":"has-post-thumbnail","6":"product_brand-occre","7":"product_cat-occre-maling","9":"first","10":"instock","11":"taxable","12":"shipping-taxable","13":"purchasable","14":"product-type-simple"},"_links":{"self":[{"href":"https:\/\/bigfunhobby.com\/da\/wp-json\/wp\/v2\/product\/8523","targetHints":{"allow":["GET"]}}],"collection":[{"href":"https:\/\/bigfunhobby.com\/da\/wp-json\/wp\/v2\/product"}],"about":[{"href":"https:\/\/bigfunhobby.com\/da\/wp-json\/wp\/v2\/types\/product"}],"replies":[{"embeddable":true,"href":"https:\/\/bigfunhobby.com\/da\/wp-json\/wp\/v2\/comments?post=8523"}],"wp:featuredmedia":[{"embeddable":true,"href":"https:\/\/bigfunhobby.com\/da\/wp-json\/wp\/v2\/media\/8522"}],"wp:attachment":[{"href":"https:\/\/bigfunhobby.com\/da\/wp-json\/wp\/v2\/media?parent=8523"}],"wp:term":[{"taxonomy":"product_brand","embeddable":true,"href":"https:\/\/bigfunhobby.com\/da\/wp-json\/wp\/v2\/product_brand?post=8523"},{"taxonomy":"product_cat","embeddable":true,"href":"https:\/\/bigfunhobby.com\/da\/wp-json\/wp\/v2\/product_cat?post=8523"},{"taxonomy":"product_tag","embeddable":true,"href":"https:\/\/bigfunhobby.com\/da\/wp-json\/wp\/v2\/product_tag?post=8523"}],"curies":[{"name":"wp","href":"https:\/\/api.w.org\/{rel}","templated":true}]}}