{"id":8537,"date":"2025-03-08T17:17:24","date_gmt":"2025-03-08T17:17:24","guid":{"rendered":"https:\/\/bigfunhobby.com\/butikk\/90525-hms-bounty-paints-pack-pack-pinturas\/"},"modified":"2026-03-03T12:26:17","modified_gmt":"2026-03-03T10:26:17","slug":"90525-hms-bounty-paints-pack-pack-pinturas","status":"publish","type":"product","link":"https:\/\/bigfunhobby.com\/da\/butikk\/90525-hms-bounty-paints-pack-pack-pinturas\/","title":{"rendered":"90525 - HMS Bounty malingspakke \/ pack pinturas"},"content":{"rendered":"<p><strong>90525 - HMS Bounty-farver i pakke<\/strong> er et komplet malingss\u00e6t udviklet specielt til bygges\u00e6t af <strong>HMS Bounty<\/strong> fra OcCre. S\u00e6ttet indeholder alle de n\u00f8dvendige farver for at give din model et autentisk og historisk korrekt udseende, som skibet s\u00e5 ud i det 18. \u00e5rhundrede.<\/p>\n<h3>Information om produktet:<\/h3>\n<ul>\n<li>Skr\u00e6ddersyet til OcCre HMS Bounty tr\u00e6skibsmodel<\/li>\n<li>Indeholder flere omhyggeligt udvalgte akrylfarver<\/li>\n<li>Perfekt til b\u00e5de pensel og airbrush (med passende fortynder)<\/li>\n<li>Giver god d\u00e6kning og t\u00f8rrer hurtigt<\/li>\n<\/ul>\n<p>Malingss\u00e6ttet forenkler byggeprocessen ved at give dig alle de rigtige farver p\u00e5 \u00e9t sted - klar til brug. Det sparer tid, sikrer en j\u00e6vn finish og leverer et professionelt resultat, der matcher producentens specifikationer.<\/p>\n<p><strong>Bestil nu, og f\u00e5 de farver, du skal bruge til at v\u00e6kke HMS Bounty til live - med autenticitet og kvalitet i hvert eneste penselstr\u00f8g!<\/strong><\/p>","protected":false},"excerpt":{"rendered":"<p>Komplet malingss\u00e6t til HMS Bounty-modellen fra OcCre. Indeholder n\u00f8jagtigt afstemte farver for et autentisk og historisk korrekt resultat.<\/p>","protected":false},"featured_media":8536,"comment_status":"open","ping_status":"closed","template":"","meta":[],"product_brand":[95],"product_cat":[78],"product_tag":[],"class_list":{"0":"post-8537","1":"product","2":"type-product","3":"status-publish","4":"has-post-thumbnail","6":"product_brand-occre","7":"product_cat-occre-maling","9":"first","10":"instock","11":"taxable","12":"shipping-taxable","13":"purchasable","14":"product-type-simple"},"_links":{"self":[{"href":"https:\/\/bigfunhobby.com\/da\/wp-json\/wp\/v2\/product\/8537","targetHints":{"allow":["GET"]}}],"collection":[{"href":"https:\/\/bigfunhobby.com\/da\/wp-json\/wp\/v2\/product"}],"about":[{"href":"https:\/\/bigfunhobby.com\/da\/wp-json\/wp\/v2\/types\/product"}],"replies":[{"embeddable":true,"href":"https:\/\/bigfunhobby.com\/da\/wp-json\/wp\/v2\/comments?post=8537"}],"wp:featuredmedia":[{"embeddable":true,"href":"https:\/\/bigfunhobby.com\/da\/wp-json\/wp\/v2\/media\/8536"}],"wp:attachment":[{"href":"https:\/\/bigfunhobby.com\/da\/wp-json\/wp\/v2\/media?parent=8537"}],"wp:term":[{"taxonomy":"product_brand","embeddable":true,"href":"https:\/\/bigfunhobby.com\/da\/wp-json\/wp\/v2\/product_brand?post=8537"},{"taxonomy":"product_cat","embeddable":true,"href":"https:\/\/bigfunhobby.com\/da\/wp-json\/wp\/v2\/product_cat?post=8537"},{"taxonomy":"product_tag","embeddable":true,"href":"https:\/\/bigfunhobby.com\/da\/wp-json\/wp\/v2\/product_tag?post=8537"}],"curies":[{"name":"wp","href":"https:\/\/api.w.org\/{rel}","templated":true}]}}