{"id":8545,"date":"2025-03-08T17:17:26","date_gmt":"2025-03-08T17:17:26","guid":{"rendered":"https:\/\/bigfunhobby.com\/butikk\/90532-hms-erebus-paints-pack-pack-pinturas\/"},"modified":"2026-03-03T12:26:17","modified_gmt":"2026-03-03T10:26:17","slug":"90532-hms-erebus-paints-pack-pack-pinturas","status":"publish","type":"product","link":"https:\/\/bigfunhobby.com\/da\/butikk\/90532-hms-erebus-paints-pack-pack-pinturas\/","title":{"rendered":"90532 - HMS Erebus maling PACK \/ Pack pinturas"},"content":{"rendered":"<p>Dybden og pr\u00e6cisionen i HMS Erebus Paints PACK tager modelbygning til det n\u00e6ste niveau. Uanset om du er en erfaren bygherre eller en nybegynder, giver dette s\u00e6t dig alt, hvad du beh\u00f8ver for at skabe en detaljeret og historisk korrekt model af det ber\u00f8mte skib HMS Erebus.<\/p>\n<ul>\n<li>S\u00e6ttet indeholder en bred vifte af kvalitetsmaling i forskellige farver, som giver dig mulighed for at tilpasse modellen efter din smag.<\/li>\n<li>Det er nemt at bruge og passer til alle niveauer af modelbyggere, fra begyndere til erfarne entusiaster.<\/li>\n<li>Perfekt til dem, der interesserer sig for historiske modeller, tr\u00e6skibsmodeller eller bare elsker udfordringen og gl\u00e6den ved at modellere.<\/li>\n<\/ul>\n<p>HMS Erebus er kendt for sine opdagelsesrejser og sin tragiske sk\u00e6bne og har en s\u00e6rlig plads i s\u00f8fartshistorien. Ved at bygge denne model f\u00e5r du mulighed for at dykke dybere ned i denne fascinerende historie.<\/p>\n<p>Det er tid til at tage din modelbygning til nye h\u00f8jder. HMS Erebus Paints PACK tilbyder en unik og engagerende oplevelse for alle modelbygningsentusiaster. Vent ikke l\u00e6ngere, tag springet og oplev gl\u00e6den ved at skabe dit eget stykke historie. Bestil nu!<\/p>","protected":false},"excerpt":{"rendered":"<p>Oplev gl\u00e6den ved at bygge modeller med HMS Erebus Paints PACK. Dette s\u00e6t er perfekt til b\u00e5de begyndere og erfarne bygherrer og indeholder alt, hvad du skal bruge for at bringe historien til live.<\/p>","protected":false},"featured_media":8544,"comment_status":"open","ping_status":"closed","template":"","meta":[],"product_brand":[95],"product_cat":[78],"product_tag":[],"class_list":{"0":"post-8545","1":"product","2":"type-product","3":"status-publish","4":"has-post-thumbnail","6":"product_brand-occre","7":"product_cat-occre-maling","9":"first","10":"instock","11":"taxable","12":"shipping-taxable","13":"purchasable","14":"product-type-simple"},"_links":{"self":[{"href":"https:\/\/bigfunhobby.com\/da\/wp-json\/wp\/v2\/product\/8545","targetHints":{"allow":["GET"]}}],"collection":[{"href":"https:\/\/bigfunhobby.com\/da\/wp-json\/wp\/v2\/product"}],"about":[{"href":"https:\/\/bigfunhobby.com\/da\/wp-json\/wp\/v2\/types\/product"}],"replies":[{"embeddable":true,"href":"https:\/\/bigfunhobby.com\/da\/wp-json\/wp\/v2\/comments?post=8545"}],"wp:featuredmedia":[{"embeddable":true,"href":"https:\/\/bigfunhobby.com\/da\/wp-json\/wp\/v2\/media\/8544"}],"wp:attachment":[{"href":"https:\/\/bigfunhobby.com\/da\/wp-json\/wp\/v2\/media?parent=8545"}],"wp:term":[{"taxonomy":"product_brand","embeddable":true,"href":"https:\/\/bigfunhobby.com\/da\/wp-json\/wp\/v2\/product_brand?post=8545"},{"taxonomy":"product_cat","embeddable":true,"href":"https:\/\/bigfunhobby.com\/da\/wp-json\/wp\/v2\/product_cat?post=8545"},{"taxonomy":"product_tag","embeddable":true,"href":"https:\/\/bigfunhobby.com\/da\/wp-json\/wp\/v2\/product_tag?post=8545"}],"curies":[{"name":"wp","href":"https:\/\/api.w.org\/{rel}","templated":true}]}}