{"id":8547,"date":"2025-03-08T17:17:26","date_gmt":"2025-03-08T17:17:26","guid":{"rendered":"https:\/\/bigfunhobby.com\/butikk\/90535-lisboa-paints-pack-pack-pinturas\/"},"modified":"2026-03-03T12:26:17","modified_gmt":"2026-03-03T10:26:17","slug":"90535-lisboa-paints-pack-pack-pinturas","status":"publish","type":"product","link":"https:\/\/bigfunhobby.com\/da\/butikk\/90535-lisboa-paints-pack-pack-pinturas\/","title":{"rendered":"90535 &#8211; Lisboa paints pack \/ pack pinturas"},"content":{"rendered":"<p>Utforsk det allsidige malingsettet 90535 &#8211; Lisboa paints pack. Uansett om du er en nybegynner eller erfaren modellbygger, vil dette malingsettet oppfylle alle dine modellbyggingsbehov, fra treskipsmodeller til plastmodeller.<\/p>\n<p>Spesifikasjonene for Lisboa paints pack inkluderer en rekke farger som er n\u00f8ye utvalgt for \u00e5 gi modellene dine en autentisk og realistisk utseende. Disse malingene er laget med tanke p\u00e5 modellbyggere og gir overlegen dekning og langvarig holdbarhet.<\/p>\n<p>Materialene er av h\u00f8y kvalitet, noe som sikrer at malingen holder seg godt p\u00e5 overflaten av modellene, enten det er tre eller plast. Dette malingsettet er derfor et utmerket valg for b\u00e5de plastmodellbygging og byggesett i tre.<\/p>\n<p>N\u00e5r det gjelder historie, har Lisboa paints pack blitt utviklet med tanke p\u00e5 modellbyggere og hobbyentusiaster. Malingsettet er inspirert av farger og nyanser som finnes i den vakre byen Lisboa, noe som gir modellene dine et unikt og autentisk preg.<\/p>\n<p>I v\u00e5r nettbutikk finner du et bredt utvalg av malingsett og andre modellbyggingsprodukter. Utforsk v\u00e5rt sortiment og bestill ditt Lisboa paints pack i dag for \u00e5 ta modellbyggingen din til et nytt niv\u00e5. Ikke vent, bestill n\u00e5!<\/p>","protected":false},"excerpt":{"rendered":"<p>Oppdag malingsettet 90535 &#8211; Lisboa paints pack, perfekt for alle dine modellbyggingsbehov, uansett om det er treskipsmodeller eller plastmodeller.<\/p>","protected":false},"featured_media":8546,"comment_status":"open","ping_status":"closed","template":"","meta":[],"product_brand":[95],"product_cat":[78],"product_tag":[],"class_list":{"0":"post-8547","1":"product","2":"type-product","3":"status-publish","4":"has-post-thumbnail","6":"product_brand-occre","7":"product_cat-occre-maling","9":"first","10":"instock","11":"taxable","12":"shipping-taxable","13":"purchasable","14":"product-type-simple"},"_links":{"self":[{"href":"https:\/\/bigfunhobby.com\/da\/wp-json\/wp\/v2\/product\/8547","targetHints":{"allow":["GET"]}}],"collection":[{"href":"https:\/\/bigfunhobby.com\/da\/wp-json\/wp\/v2\/product"}],"about":[{"href":"https:\/\/bigfunhobby.com\/da\/wp-json\/wp\/v2\/types\/product"}],"replies":[{"embeddable":true,"href":"https:\/\/bigfunhobby.com\/da\/wp-json\/wp\/v2\/comments?post=8547"}],"wp:featuredmedia":[{"embeddable":true,"href":"https:\/\/bigfunhobby.com\/da\/wp-json\/wp\/v2\/media\/8546"}],"wp:attachment":[{"href":"https:\/\/bigfunhobby.com\/da\/wp-json\/wp\/v2\/media?parent=8547"}],"wp:term":[{"taxonomy":"product_brand","embeddable":true,"href":"https:\/\/bigfunhobby.com\/da\/wp-json\/wp\/v2\/product_brand?post=8547"},{"taxonomy":"product_cat","embeddable":true,"href":"https:\/\/bigfunhobby.com\/da\/wp-json\/wp\/v2\/product_cat?post=8547"},{"taxonomy":"product_tag","embeddable":true,"href":"https:\/\/bigfunhobby.com\/da\/wp-json\/wp\/v2\/product_tag?post=8547"}],"curies":[{"name":"wp","href":"https:\/\/api.w.org\/{rel}","templated":true}]}}