{"id":8559,"date":"2025-03-08T17:17:29","date_gmt":"2025-03-08T17:17:29","guid":{"rendered":"https:\/\/bigfunhobby.com\/butikk\/90547-basic-paints-dye-pack-pack-pinturas-basica-tintes\/"},"modified":"2026-03-03T12:26:18","modified_gmt":"2026-03-03T10:26:18","slug":"90547-basic-paints-dye-pack-pack-pinturas-basica-tintes","status":"publish","type":"product","link":"https:\/\/bigfunhobby.com\/da\/butikk\/90547-basic-paints-dye-pack-pack-pinturas-basica-tintes\/","title":{"rendered":"90547 - Grundl\u00e6ggende maling + farvepakke \/ Pack pinturas b\u00e1sica + tintes"},"content":{"rendered":"<p>Uanset om du er en erfaren modelbygger eller tager dine f\u00f8rste skridt ind i denne fascinerende hobby, er vores Basic paints + dye pack (90547) et must i din v\u00e6rkt\u00f8jskasse. Uanset om du arbejder med plastmodeller, tr\u00e6skibsmodeller eller modeljernbaner, er dette malingss\u00e6t n\u00f8glen til at give dine modeller liv og dybde.<\/p>\n<p><b>Specifikationer:<\/b><\/p>\n<ul>\n<li>Pakken indeholder et bredt udvalg af basisfarver.<\/li>\n<li>Indeholder ogs\u00e5 flere farvetoner for at give dine modeller det perfekte realistiske udseende.<\/li>\n<\/ul>\n<p>Malingss\u00e6ttet er designet til b\u00e5de begyndere og erfarne modelbyggere. For begyndere er det en fremragende m\u00e5de at komme i gang med at male og tilpasse dine egne s\u00e6t. For erfarne hobbyister vil dette s\u00e6t v\u00e6re en v\u00e6rdifuld tilf\u00f8jelse til dit allerede eksisterende udvalg af maling.<\/p>\n<p>Modelbygning er en hobby med en rig historie, fra de f\u00f8rste skibsmodeller af tr\u00e6 til nutidens detaljerede plastikmodeller og indviklede modeljernbaner. Med dette malers\u00e6t kan du blive en del af denne historie ved at skabe dine egne sm\u00e5 kunstv\u00e6rker.<\/p>\n<p>At male og tilpasse sine egne modeller giver modelbyggeriet en ekstra dimension og g\u00f8r hvert projekt unikt. Med Basic paints + dye pack (90547) har du alt, hvad du skal bruge for at komme i gang.<\/p>\n<p><b>Vent ikke l\u00e6ngere, start dit n\u00e6ste modelleringsprojekt med Basic paints + dye pack. Bestil den nu!<\/b><\/p>","protected":false},"excerpt":{"rendered":"<p>Basic paints + dye pack (90547) er et uundv\u00e6rligt malingss\u00e6t til alle modelbyggere, perfekt til b\u00e5de begyndere og erfarne hobbyfolk.<\/p>","protected":false},"featured_media":8558,"comment_status":"open","ping_status":"closed","template":"","meta":[],"product_brand":[95],"product_cat":[78],"product_tag":[],"class_list":{"0":"post-8559","1":"product","2":"type-product","3":"status-publish","4":"has-post-thumbnail","6":"product_brand-occre","7":"product_cat-occre-maling","9":"first","10":"instock","11":"taxable","12":"shipping-taxable","13":"purchasable","14":"product-type-simple"},"_links":{"self":[{"href":"https:\/\/bigfunhobby.com\/da\/wp-json\/wp\/v2\/product\/8559","targetHints":{"allow":["GET"]}}],"collection":[{"href":"https:\/\/bigfunhobby.com\/da\/wp-json\/wp\/v2\/product"}],"about":[{"href":"https:\/\/bigfunhobby.com\/da\/wp-json\/wp\/v2\/types\/product"}],"replies":[{"embeddable":true,"href":"https:\/\/bigfunhobby.com\/da\/wp-json\/wp\/v2\/comments?post=8559"}],"wp:featuredmedia":[{"embeddable":true,"href":"https:\/\/bigfunhobby.com\/da\/wp-json\/wp\/v2\/media\/8558"}],"wp:attachment":[{"href":"https:\/\/bigfunhobby.com\/da\/wp-json\/wp\/v2\/media?parent=8559"}],"wp:term":[{"taxonomy":"product_brand","embeddable":true,"href":"https:\/\/bigfunhobby.com\/da\/wp-json\/wp\/v2\/product_brand?post=8559"},{"taxonomy":"product_cat","embeddable":true,"href":"https:\/\/bigfunhobby.com\/da\/wp-json\/wp\/v2\/product_cat?post=8559"},{"taxonomy":"product_tag","embeddable":true,"href":"https:\/\/bigfunhobby.com\/da\/wp-json\/wp\/v2\/product_tag?post=8559"}],"curies":[{"name":"wp","href":"https:\/\/api.w.org\/{rel}","templated":true}]}}