{"id":8565,"date":"2025-03-08T17:17:31","date_gmt":"2025-03-08T17:17:31","guid":{"rendered":"https:\/\/bigfunhobby.com\/butikk\/90550-metallic-paints-pack-pack-pinturas-metalicas\/"},"modified":"2026-03-03T12:26:18","modified_gmt":"2026-03-03T10:26:18","slug":"90550-metallic-paints-pack-pack-pinturas-metalicas","status":"publish","type":"product","link":"https:\/\/bigfunhobby.com\/da\/butikk\/90550-metallic-paints-pack-pack-pinturas-metalicas\/","title":{"rendered":"90550 &#8211; Metallic paints PACK \/ Pack pinturas met\u00e1licas"},"content":{"rendered":"<p>Hvis du har en lidenskap for modellbygging og \u00f8nsker \u00e5 ta dine byggesett til neste niv\u00e5, er Metallic Paints PACK det perfekte valget. Dette malingsettet gir deg muligheten til \u00e5 gi dine modeller en unik og realistisk finish, uansett om du bygger et treskipsmodell, en plastmodell, en modelljernbane eller et fjernstyrt kj\u00f8ret\u00f8y.<\/p>\n<ul>\n<li>Settet inneholder forskjellige farger med metallisk finish<\/li>\n<li>Brukes til en rekke byggesett og modeller<\/li>\n<li>Velegnet til b\u00e5de begyndere og erfarne modelbyggere<\/li>\n<\/ul>\n<p>Med Metallic Paints PACK, kan du uttrykke din kreativitet og legge til et personlig preg p\u00e5 alle dine modeller. Disse malingene er spesielt designet for modellbygging, og gir en glatt og jevn finish som kan motst\u00e5 slitasje over tid.<\/p>\n<p>Disse malingene er ogs\u00e5 ideelle for byggesett for voksne, og kan brukes til \u00e5 forbedre utseendet p\u00e5 b\u00e5de moderne og historiske modeller. Uansett om du har en forkj\u00e6rlighet for skalamodeller, modelljernbane eller treskipsmodeller, vil Metallic Paints PACK gi deg de resultatene du er ute etter.<\/p>\n<p>Ikke la dine byggesett v\u00e6re vanlige og kjedelige. Legg til litt glans og gi dem et profesjonelt utseende med Metallic Paints PACK. Kj\u00f8p ditt sett i dag og begynn \u00e5 skape fantastiske og realistiske modeller.<\/p>","protected":false},"excerpt":{"rendered":"<p>Metallic Paints PACK er et sett med metalliske maling, perfekt til b\u00e5de nybegynnere og erfarne modellbyggere.<\/p>","protected":false},"featured_media":8564,"comment_status":"open","ping_status":"closed","template":"","meta":[],"product_brand":[95],"product_cat":[78],"product_tag":[],"class_list":{"0":"post-8565","1":"product","2":"type-product","3":"status-publish","4":"has-post-thumbnail","6":"product_brand-occre","7":"product_cat-occre-maling","9":"first","10":"outofstock","11":"taxable","12":"shipping-taxable","13":"purchasable","14":"product-type-simple"},"_links":{"self":[{"href":"https:\/\/bigfunhobby.com\/da\/wp-json\/wp\/v2\/product\/8565","targetHints":{"allow":["GET"]}}],"collection":[{"href":"https:\/\/bigfunhobby.com\/da\/wp-json\/wp\/v2\/product"}],"about":[{"href":"https:\/\/bigfunhobby.com\/da\/wp-json\/wp\/v2\/types\/product"}],"replies":[{"embeddable":true,"href":"https:\/\/bigfunhobby.com\/da\/wp-json\/wp\/v2\/comments?post=8565"}],"wp:featuredmedia":[{"embeddable":true,"href":"https:\/\/bigfunhobby.com\/da\/wp-json\/wp\/v2\/media\/8564"}],"wp:attachment":[{"href":"https:\/\/bigfunhobby.com\/da\/wp-json\/wp\/v2\/media?parent=8565"}],"wp:term":[{"taxonomy":"product_brand","embeddable":true,"href":"https:\/\/bigfunhobby.com\/da\/wp-json\/wp\/v2\/product_brand?post=8565"},{"taxonomy":"product_cat","embeddable":true,"href":"https:\/\/bigfunhobby.com\/da\/wp-json\/wp\/v2\/product_cat?post=8565"},{"taxonomy":"product_tag","embeddable":true,"href":"https:\/\/bigfunhobby.com\/da\/wp-json\/wp\/v2\/product_tag?post=8565"}],"curies":[{"name":"wp","href":"https:\/\/api.w.org\/{rel}","templated":true}]}}