{"id":8567,"date":"2025-03-08T17:17:31","date_gmt":"2025-03-08T17:17:31","guid":{"rendered":"https:\/\/bigfunhobby.com\/butikk\/90551-dye-brushes-pack-pack-tintes-y-pinceles\/"},"modified":"2026-03-03T12:26:18","modified_gmt":"2026-03-03T10:26:18","slug":"90551-farvepensler-pakke-pakke-tintes-y-pinceles","status":"publish","type":"product","link":"https:\/\/bigfunhobby.com\/da\/butikk\/90551-dye-brushes-pack-pack-tintes-y-pinceles\/","title":{"rendered":"90551 - Farve- og penselpakke \/ Pack tintes y pinceles"},"content":{"rendered":"<p>Vores 90551 - DYE + brushes pack er et ideelt tilbeh\u00f8r til alle, der kan lide at modellere, uanset om du er nybegynder eller en erfaren entusiast. S\u00e6ttet indeholder en bred vifte af farver og pensler, som giver dig mulighed for at give dine modelleringsprojekter det perfekte look.<\/p>\n<p><strong>Specifikationer:<\/strong><\/p>\n<ul>\n<li>Varieret udvalg af farver i h\u00f8j kvalitet<\/li>\n<li>Forskellige b\u00f8rstest\u00f8rrelser til pr\u00e6cisionsarbejde<\/li>\n<li>Velegnet til b\u00e5de tr\u00e6- og plastikmodeller<\/li>\n<\/ul>\n<p>S\u00e6ttet er designet til modelbyggere, der arbejder med skibsmodeller i tr\u00e6, plastikmodeller og modeljernbaner. Det giver dig mulighed for at arbejde med detaljer og skabe realistiske effekter p\u00e5 dine modeller.<\/p>\n<p>Modellering har en lang og interessant historie, der g\u00e5r helt tilbage til oldtiden. Med vores 90551 - DYE + brushes pack kan du bidrage til denne historie ved at skabe dine egne fantastiske modeller. <\/p>\n<p>Uanset om du er en erfaren modelbygger p\u00e5 udkig efter kvalitetsmaterialer eller en nybegynder, der har brug for et komplet s\u00e6t for at komme i gang, s\u00e5 er dette produktet for dig. Kom i gang med dit n\u00e6ste projekt, og opdag gl\u00e6den ved at modellere. <\/p>\n<p><strong>Bestil 90551 - DYE + brushes pack i dag, og tag din modellering til det n\u00e6ste niveau!<\/strong><\/p>","protected":false},"excerpt":{"rendered":"<p>90551 - DYE + brushes pack er et komplet s\u00e6t af farver og pensler, perfekt til modelbygning og andre kreative hobbyer.<\/p>","protected":false},"featured_media":8566,"comment_status":"open","ping_status":"closed","template":"","meta":[],"product_brand":[95],"product_cat":[78],"product_tag":[],"class_list":{"0":"post-8567","1":"product","2":"type-product","3":"status-publish","4":"has-post-thumbnail","6":"product_brand-occre","7":"product_cat-occre-maling","9":"first","10":"outofstock","11":"taxable","12":"shipping-taxable","13":"purchasable","14":"product-type-simple"},"_links":{"self":[{"href":"https:\/\/bigfunhobby.com\/da\/wp-json\/wp\/v2\/product\/8567","targetHints":{"allow":["GET"]}}],"collection":[{"href":"https:\/\/bigfunhobby.com\/da\/wp-json\/wp\/v2\/product"}],"about":[{"href":"https:\/\/bigfunhobby.com\/da\/wp-json\/wp\/v2\/types\/product"}],"replies":[{"embeddable":true,"href":"https:\/\/bigfunhobby.com\/da\/wp-json\/wp\/v2\/comments?post=8567"}],"wp:featuredmedia":[{"embeddable":true,"href":"https:\/\/bigfunhobby.com\/da\/wp-json\/wp\/v2\/media\/8566"}],"wp:attachment":[{"href":"https:\/\/bigfunhobby.com\/da\/wp-json\/wp\/v2\/media?parent=8567"}],"wp:term":[{"taxonomy":"product_brand","embeddable":true,"href":"https:\/\/bigfunhobby.com\/da\/wp-json\/wp\/v2\/product_brand?post=8567"},{"taxonomy":"product_cat","embeddable":true,"href":"https:\/\/bigfunhobby.com\/da\/wp-json\/wp\/v2\/product_cat?post=8567"},{"taxonomy":"product_tag","embeddable":true,"href":"https:\/\/bigfunhobby.com\/da\/wp-json\/wp\/v2\/product_tag?post=8567"}],"curies":[{"name":"wp","href":"https:\/\/api.w.org\/{rel}","templated":true}]}}