{"id":8569,"date":"2025-03-08T17:17:31","date_gmt":"2025-03-08T17:17:31","guid":{"rendered":"https:\/\/bigfunhobby.com\/butikk\/90552-new-orleans-paints-pack-pack-pinturas\/"},"modified":"2026-03-03T12:26:18","modified_gmt":"2026-03-03T10:26:18","slug":"90552-new-orleans-paints-pack-pack-pinturas","status":"publish","type":"product","link":"https:\/\/bigfunhobby.com\/da\/butikk\/90552-new-orleans-paints-pack-pack-pinturas\/","title":{"rendered":"90552 &#8211; New Orleans paints pack \/ Pack pinturas"},"content":{"rendered":"<p>90552 &#8211; New Orleans paints pack er settet for deg som elsker detaljer i modellhobbyprosjekter. Dette er en pakke med flere h\u00f8ykvalitetsfarger som gir dine modeller et detaljert og livaktig utseende. Perfekt for b\u00e5de nybegynnere og erfarne modellbyggere.<\/p>\n<p><b>Specifikationer:<\/b><\/p>\n<ul>\n<li>Flere farger inkludert<\/li>\n<li>H\u00f8ykvalitets maling<\/li>\n<li>Passer for alle typer modellhobbyprosjekter<\/li>\n<\/ul>\n<p>Pakken inneholder et bredt spekter av farger, slik at du har alt du trenger for \u00e5 gi dine treskipsmodeller, plastmodeller, modelljernbane eller fjernstyrte kj\u00f8ret\u00f8y et profesjonelt utseende. Uansett om du skal male en skalamodell av et historisk skip eller et moderne toglokomotiv, vil denne pakken dekke dine behov.<\/p>\n<p>Produktnavnet &#8216;New Orleans paints pack&#8217; henspeiler til den velkjente byen i Louisiana, kjent for sin levende kultur og fargerike arkitektur. Dette malingsettet gjenspeiler denne mangfoldigheten, og gir deg muligheten til \u00e5 gjenskape denne atmosf\u00e6ren i dine modellbyggingsprosjekter.<\/p>\n<p>Ikke g\u00e5 glipp av muligheten til \u00e5 ta dine modeller til neste niv\u00e5. Med 90552 &#8211; New Orleans paints pack kan du gi dine modeller et unikt og livaktig utseende. <b>K\u00f8b her<\/b> og start oppgraderingen av dine modellhobbyprosjekter allerede i dag!<\/p>","protected":false},"excerpt":{"rendered":"<p>Med 90552 &#8211; New Orleans paints pack f\u00e5r du et komplett sett med farger til dine modellhobbyprosjekter. H\u00f8ykvalitets maling for detaljert og livaktig utf\u00f8relse.<\/p>","protected":false},"featured_media":8568,"comment_status":"open","ping_status":"closed","template":"","meta":[],"product_brand":[95],"product_cat":[78],"product_tag":[],"class_list":{"0":"post-8569","1":"product","2":"type-product","3":"status-publish","4":"has-post-thumbnail","6":"product_brand-occre","7":"product_cat-occre-maling","9":"first","10":"instock","11":"taxable","12":"shipping-taxable","13":"purchasable","14":"product-type-simple"},"_links":{"self":[{"href":"https:\/\/bigfunhobby.com\/da\/wp-json\/wp\/v2\/product\/8569","targetHints":{"allow":["GET"]}}],"collection":[{"href":"https:\/\/bigfunhobby.com\/da\/wp-json\/wp\/v2\/product"}],"about":[{"href":"https:\/\/bigfunhobby.com\/da\/wp-json\/wp\/v2\/types\/product"}],"replies":[{"embeddable":true,"href":"https:\/\/bigfunhobby.com\/da\/wp-json\/wp\/v2\/comments?post=8569"}],"wp:featuredmedia":[{"embeddable":true,"href":"https:\/\/bigfunhobby.com\/da\/wp-json\/wp\/v2\/media\/8568"}],"wp:attachment":[{"href":"https:\/\/bigfunhobby.com\/da\/wp-json\/wp\/v2\/media?parent=8569"}],"wp:term":[{"taxonomy":"product_brand","embeddable":true,"href":"https:\/\/bigfunhobby.com\/da\/wp-json\/wp\/v2\/product_brand?post=8569"},{"taxonomy":"product_cat","embeddable":true,"href":"https:\/\/bigfunhobby.com\/da\/wp-json\/wp\/v2\/product_cat?post=8569"},{"taxonomy":"product_tag","embeddable":true,"href":"https:\/\/bigfunhobby.com\/da\/wp-json\/wp\/v2\/product_tag?post=8569"}],"curies":[{"name":"wp","href":"https:\/\/api.w.org\/{rel}","templated":true}]}}