{"id":8579,"date":"2025-03-08T17:17:37","date_gmt":"2025-03-08T17:17:37","guid":{"rendered":"https:\/\/bigfunhobby.com\/butikk\/occre-sandpaper-pack-p-80p-150p220-sanding-sponge\/"},"modified":"2026-03-03T12:26:18","modified_gmt":"2026-03-03T10:26:18","slug":"occre-sandpaper-pack-p-80p-150p220-sanding-sponge","status":"publish","type":"product","link":"https:\/\/bigfunhobby.com\/da\/butikk\/occre-sandpaper-pack-p-80p-150p220-sanding-sponge\/","title":{"rendered":"OcCre &#8211; Sandpaper Pack (P-80+P-150+P220) + Sanding Sponge"},"content":{"rendered":"<p>Dette er OcCre &#8211; Sandpapirpakke og slipe svamp, et essensielt verkt\u00f8y for alle modellbyggere. Med dette settet kan du oppn\u00e5 den perfekte finishen p\u00e5 dine byggesett, enten det er treskipsmodeller, plastmodeller eller modelljernbane.<\/p>\n<ul>\n<li>P-80 Grovkornet sandpapir brukes for \u00e5 grovslipes forsterkningsblokker, slipe kantene p\u00e5 rammene og forme stengene som skal brukes til master.<\/li>\n<li>P-150 Mediumkornet sandpapir brukes til \u00e5 slipe stengene til master, lage generelle pinner, slipe det f\u00f8rste skrogbelegget og for \u00e5 forene tykkelsen p\u00e5 skrogplankene.<\/li>\n<li>P-220 Finkornet sandpapir er ideelt for den f\u00f8rste slipingen av rammene og fjerning av eventuelle ru flekker p\u00e5 tre. Dette er et allsidig papir, egnet for \u00e5 gi en fin finish til skrogbelegget, master og deler som krever en fin finish.<\/li>\n<li>Ultrafinkornet slipe svamp er en svamp med veldig fint korn, ideell for polering og fjerning av eventuelle grader fra metallstykker (st\u00f8ping) f\u00f8r maling. Den er ogs\u00e5 veldig nyttig for sliping mellom lag under lakkeringen av skroget, dekk og andre overflater.<\/li>\n<\/ul>\n<p>Enten du er en erfaren modellbygger eller en nybegynner, vil denne sandpapirpakken og slipe svampen utgj\u00f8re en forskjell i sluttresultatet av dine byggesett. F\u00e5 den perfekte finishen p\u00e5 dine modeller, fra treskipsmodeller til plastmodeller og modelljernbane.<\/p>\n<p>Ikke g\u00e5 glipp av denne muligheten til \u00e5 ta dine modellbyggingsferdigheter til neste niv\u00e5. Kj\u00f8p OcCre &#8211; Sandpapirpakke og slipe svamp i dag og start reisen mot perfekt modellbygging.<\/p>","protected":false},"excerpt":{"rendered":"<p>OcCre &#8211; Sandpapirpakke og slipe svamp for modellbygging, ideell for nybegynnere og erfarne entusiaster som \u00f8nsker \u00e5 oppn\u00e5 en perfekt finish p\u00e5 sine byggesett.<\/p>","protected":false},"featured_media":8578,"comment_status":"open","ping_status":"closed","template":"","meta":[],"product_brand":[95],"product_cat":[58],"product_tag":[],"class_list":{"0":"post-8579","1":"product","2":"type-product","3":"status-publish","4":"has-post-thumbnail","6":"product_brand-occre","7":"product_cat-verktoy","9":"first","10":"instock","11":"taxable","12":"shipping-taxable","13":"purchasable","14":"product-type-simple"},"_links":{"self":[{"href":"https:\/\/bigfunhobby.com\/da\/wp-json\/wp\/v2\/product\/8579","targetHints":{"allow":["GET"]}}],"collection":[{"href":"https:\/\/bigfunhobby.com\/da\/wp-json\/wp\/v2\/product"}],"about":[{"href":"https:\/\/bigfunhobby.com\/da\/wp-json\/wp\/v2\/types\/product"}],"replies":[{"embeddable":true,"href":"https:\/\/bigfunhobby.com\/da\/wp-json\/wp\/v2\/comments?post=8579"}],"wp:featuredmedia":[{"embeddable":true,"href":"https:\/\/bigfunhobby.com\/da\/wp-json\/wp\/v2\/media\/8578"}],"wp:attachment":[{"href":"https:\/\/bigfunhobby.com\/da\/wp-json\/wp\/v2\/media?parent=8579"}],"wp:term":[{"taxonomy":"product_brand","embeddable":true,"href":"https:\/\/bigfunhobby.com\/da\/wp-json\/wp\/v2\/product_brand?post=8579"},{"taxonomy":"product_cat","embeddable":true,"href":"https:\/\/bigfunhobby.com\/da\/wp-json\/wp\/v2\/product_cat?post=8579"},{"taxonomy":"product_tag","embeddable":true,"href":"https:\/\/bigfunhobby.com\/da\/wp-json\/wp\/v2\/product_tag?post=8579"}],"curies":[{"name":"wp","href":"https:\/\/api.w.org\/{rel}","templated":true}]}}