{"id":8581,"date":"2025-03-08T17:17:39","date_gmt":"2025-03-08T17:17:39","guid":{"rendered":"https:\/\/bigfunhobby.com\/butikk\/19158-occre-precision-set-precision-measuring-and-cutting-kit\/"},"modified":"2026-03-03T12:26:18","modified_gmt":"2026-03-03T10:26:18","slug":"19158-occre-precision-set-precision-measuring-and-cutting-kit","status":"publish","type":"product","link":"https:\/\/bigfunhobby.com\/da\/butikk\/19158-occre-precision-set-precision-measuring-and-cutting-kit\/","title":{"rendered":"19158 &#8211; OcCre &#8211; Precision Set\u00a9 &#8211; Precision Measuring and Cutting Kit"},"content":{"rendered":"<p>Precision Set\u00a9 fra OcCre er et uunnv\u00e6rlig verkt\u00f8ysett for alle som driver med modellbygging. Settet inneholder n\u00f8dvendige verkt\u00f8y for m\u00e5ling og kutting med presisjon, noe som er essensielt for \u00e5 bygge alt fra treskipsmodeller til plastmodeller og modelljernbaner.<\/p>\n<ul>\n<li>Et lukket kvadrat.<\/li>\n<li>Et \u00e5pent kvadrat.<\/li>\n<li>En lang sag.<\/li>\n<li>En kort sag.<\/li>\n<li>En vinkelprotraktor.<\/li>\n<li>En 10cm metrisk linjal.<\/li>\n<li>En blad for \u00e5 barbere strimler.<\/li>\n<\/ul>\n<p>Sagene er laget for \u00e5 lage presise kutt p\u00e5 sm\u00e5 deler, noe som er avgj\u00f8rende i detaljert modellbygging. Kvadratene er nyttige for \u00e5 sjekke vinkler, og sikrer at delene st\u00e5r i en 90\u00b0 vinkel til hverandre. Dette er spesielt viktig n\u00e5r du bygger treskipsmodeller hvor presisjon er n\u00f8kkelen til et vellykket resultat.<\/p>\n<p>Den 10 cm lange linjalen er perfekt for \u00e5 m\u00e5le sm\u00e5 deler og justere ulike komponenter. Vinkelprotraktoren hjelper deg med \u00e5 beregne eller kopiere vinkler, noe som kan v\u00e6re sv\u00e6rt nyttig i modelljernbanebygging. Bladet brukes for \u00e5 lage spor og forskj\u00f8nne strimler i lengderetningen.<\/p>\n<p>Enten du er en erfaren modellbygger eller en nybegynner, er Precision Set\u00a9 et must for \u00e5 sikre at arbeidet ditt er n\u00f8yaktig og av h\u00f8y kvalitet. Ikke vent lenger, gj\u00f8r modellbyggingsprosjektene dine enklere og mer presise med dette settet. <strong>Bestill ditt Precision Set\u00a9 n\u00e5!<\/strong><\/p>","protected":false},"excerpt":{"rendered":"<p>Precision Set\u00a9 fra OcCre er et essensielt m\u00e5le- og kuttsett for presisjon i modellbygging, ideelt for bygging av treskipsmodeller, plastmodeller og modelljernbaner.<\/p>","protected":false},"featured_media":8580,"comment_status":"open","ping_status":"closed","template":"","meta":[],"product_brand":[95],"product_cat":[58],"product_tag":[],"class_list":{"0":"post-8581","1":"product","2":"type-product","3":"status-publish","4":"has-post-thumbnail","6":"product_brand-occre","7":"product_cat-verktoy","9":"first","10":"instock","11":"taxable","12":"shipping-taxable","13":"purchasable","14":"product-type-simple"},"_links":{"self":[{"href":"https:\/\/bigfunhobby.com\/da\/wp-json\/wp\/v2\/product\/8581","targetHints":{"allow":["GET"]}}],"collection":[{"href":"https:\/\/bigfunhobby.com\/da\/wp-json\/wp\/v2\/product"}],"about":[{"href":"https:\/\/bigfunhobby.com\/da\/wp-json\/wp\/v2\/types\/product"}],"replies":[{"embeddable":true,"href":"https:\/\/bigfunhobby.com\/da\/wp-json\/wp\/v2\/comments?post=8581"}],"wp:featuredmedia":[{"embeddable":true,"href":"https:\/\/bigfunhobby.com\/da\/wp-json\/wp\/v2\/media\/8580"}],"wp:attachment":[{"href":"https:\/\/bigfunhobby.com\/da\/wp-json\/wp\/v2\/media?parent=8581"}],"wp:term":[{"taxonomy":"product_brand","embeddable":true,"href":"https:\/\/bigfunhobby.com\/da\/wp-json\/wp\/v2\/product_brand?post=8581"},{"taxonomy":"product_cat","embeddable":true,"href":"https:\/\/bigfunhobby.com\/da\/wp-json\/wp\/v2\/product_cat?post=8581"},{"taxonomy":"product_tag","embeddable":true,"href":"https:\/\/bigfunhobby.com\/da\/wp-json\/wp\/v2\/product_tag?post=8581"}],"curies":[{"name":"wp","href":"https:\/\/api.w.org\/{rel}","templated":true}]}}