{"id":8585,"date":"2025-03-08T17:17:41","date_gmt":"2025-03-08T17:17:41","guid":{"rendered":"https:\/\/bigfunhobby.com\/butikk\/new-orleans-streetcar\/"},"modified":"2026-03-03T12:26:18","modified_gmt":"2026-03-03T10:26:18","slug":"new-orleans-streetcar","status":"publish","type":"product","link":"https:\/\/bigfunhobby.com\/da\/butikk\/new-orleans-streetcar\/","title":{"rendered":"New Orleans sporvogn"},"content":{"rendered":"<p>Oplev gl\u00e6den ved at bygge modeller med New Orleans Streetcar-s\u00e6ttet. Dette skalamodels\u00e6t giver dig mulighed for at bygge en detaljeret og trov\u00e6rdig gengivelse af en af de mest ikoniske sporvogne i verden.<\/p>\n<p>S\u00e6ttet indeholder alle de n\u00f8dvendige dele til at samle sporvognen p\u00e5 en n\u00f8jagtig og realistisk m\u00e5de. Elementer som bund, passagerrum, udvendige detaljer og hjul er designet til at ligne den originale sporvogn s\u00e5 meget som muligt. Materialer af h\u00f8j kvalitet og fokus p\u00e5 h\u00e5ndv\u00e6rket g\u00f8r byggeprocessen til en givende oplevelse, og det endelige resultat indfanger essensen af historisk elegance.<\/p>\n<p>Denne model er inspireret af den legendariske sporvognslinje 'Desire 922', som blev nedlagt i 1948. Linjen og dens historiske betydning blev ud\u00f8deliggjort i Tennessee Williams' Pulitzer Prize-vindende skuespil \"A Streetcar Named Desire\", som senere blev filmatiseret og vandt en Oscar.<\/p>\n<h2>Specifikationer for New Orleans Streetcar-s\u00e6ttet:<\/h2>\n<ul>\n<li>Skala: 1\/24<\/li>\n<li>L\u00e6ngde: 562 mm (602 mm med vogn)<\/li>\n<li>Bredde: 104 mm<\/li>\n<li>H\u00f8jde: 142 mm (190 mm med vogn)<\/li>\n<\/ul>\n<p>For at g\u00f8re modellen endnu mere autentisk anbefaler vi at tilf\u00f8je en <a href=\"https:\/\/occre.com\/en\/products\/pack-pinturas-new-orleans\" target=\"_blank\" rel=\"noopener\">Malingss\u00e6t<\/a> og en <a href=\"https:\/\/occre.com\/en\/products\/kit-luces-led-para-maquetas\" target=\"_blank\" rel=\"noopener\">LED-lyss\u00e6t<\/a>.<\/p>\n<p>Uanset om du er en erfaren modelbygger eller nybegynder, vil du finde gl\u00e6de ved at bygge denne historiske model. New Orleans Streetcar-s\u00e6ttet er perfekt til alle, der elsker modelbygning, historie og kunst. Bestil dit s\u00e6t i dag, og begynd at bygge!<\/p>","protected":false},"excerpt":{"rendered":"<p>Udforsk kunsten og historien bag New Orleans Streetcar, et detaljeret og autentisk s\u00e6t af en af verdens mest ikoniske sporvogne. Ideelt til b\u00e5de begyndere og erfarne modelbyggere.<\/p>","protected":false},"featured_media":8584,"comment_status":"open","ping_status":"closed","template":"","meta":[],"product_brand":[95],"product_cat":[68],"product_tag":[],"class_list":{"0":"post-8585","1":"product","2":"type-product","3":"status-publish","4":"has-post-thumbnail","6":"product_brand-occre","7":"product_cat-togtrikk-occre","9":"first","10":"outofstock","11":"taxable","12":"shipping-taxable","13":"purchasable","14":"product-type-simple"},"_links":{"self":[{"href":"https:\/\/bigfunhobby.com\/da\/wp-json\/wp\/v2\/product\/8585","targetHints":{"allow":["GET"]}}],"collection":[{"href":"https:\/\/bigfunhobby.com\/da\/wp-json\/wp\/v2\/product"}],"about":[{"href":"https:\/\/bigfunhobby.com\/da\/wp-json\/wp\/v2\/types\/product"}],"replies":[{"embeddable":true,"href":"https:\/\/bigfunhobby.com\/da\/wp-json\/wp\/v2\/comments?post=8585"}],"wp:featuredmedia":[{"embeddable":true,"href":"https:\/\/bigfunhobby.com\/da\/wp-json\/wp\/v2\/media\/8584"}],"wp:attachment":[{"href":"https:\/\/bigfunhobby.com\/da\/wp-json\/wp\/v2\/media?parent=8585"}],"wp:term":[{"taxonomy":"product_brand","embeddable":true,"href":"https:\/\/bigfunhobby.com\/da\/wp-json\/wp\/v2\/product_brand?post=8585"},{"taxonomy":"product_cat","embeddable":true,"href":"https:\/\/bigfunhobby.com\/da\/wp-json\/wp\/v2\/product_cat?post=8585"},{"taxonomy":"product_tag","embeddable":true,"href":"https:\/\/bigfunhobby.com\/da\/wp-json\/wp\/v2\/product_tag?post=8585"}],"curies":[{"name":"wp","href":"https:\/\/api.w.org\/{rel}","templated":true}]}}