{"id":8587,"date":"2025-03-08T17:17:42","date_gmt":"2025-03-08T17:17:42","guid":{"rendered":"https:\/\/bigfunhobby.com\/butikk\/occre-saw-32mm-with-handle\/"},"modified":"2026-03-03T12:26:18","modified_gmt":"2026-03-03T10:26:18","slug":"occre-saw-32mm-with-handle","status":"publish","type":"product","link":"https:\/\/bigfunhobby.com\/da\/butikk\/occre-saw-32mm-with-handle\/","title":{"rendered":"OcCre &#8211; Saw 32mm with handle"},"content":{"rendered":"<p>OcCre &#8211; Sag 32mm med h\u00e5ndtak er et uunnv\u00e6rlig verkt\u00f8y for alle som elsker modellbygging. Med sin sterke metallblad og utskiftbare gjengefeste h\u00e5ndtak, gir denne saga deg muligheten til \u00e5 lage presise kutt, enten det er i rett vinkel eller skr\u00e5tt.<\/p>\n<p>Dette er s\u00e6rlig nyttig n\u00e5r du jobber med materialer som strimler, stenger eller planker, enten det er for et treskipsmodell byggesett, en plastmodell, eller et modelljernbane prosjekt. Uansett hva slags modellbygging du foretar deg, er denne saga et must-have verkt\u00f8y.<\/p>\n<ul>\n<li>Metallsag p\u00e5 32mm<\/li>\n<li>Med utbyttbart gjengefestet h\u00e5ndtak<\/li>\n<li>Ideal for kutting av strimler, stenger eller planker<\/li>\n<\/ul>\n<p>Det er ingen tvil om at et godt verkt\u00f8y kan gj\u00f8re forskjellen mellom et godt resultat og et flott resultat. Med OcCre &#8211; Sag 32mm med h\u00e5ndtak kan du v\u00e6re sikker p\u00e5 at du vil oppn\u00e5 det sistnevnte.<\/p>\n<p>S\u00e5 uansett om du er en erfaren modellbygger, eller om du er en nybegynner som vil investere i kvalitetsverkt\u00f8y, er dette det perfekte valget for deg. Ikke vent lenger &#8211; ta modellbyggingen til neste niv\u00e5 n\u00e5. Se v\u00e5rt utvalg og bestill din OcCre &#8211; Sag 32mm med h\u00e5ndtak i dag.<\/p>","protected":false},"excerpt":{"rendered":"<p>OcCre &#8211; Sag 32mm med h\u00e5ndtak er et ideelt verkt\u00f8y for presise kutt, enten rett eller skr\u00e5tt, av strimler, stenger eller planker. Det er perfekt for modellbygging entusiaster.<\/p>","protected":false},"featured_media":8586,"comment_status":"open","ping_status":"closed","template":"","meta":[],"product_brand":[95],"product_cat":[58],"product_tag":[],"class_list":{"0":"post-8587","1":"product","2":"type-product","3":"status-publish","4":"has-post-thumbnail","6":"product_brand-occre","7":"product_cat-verktoy","9":"first","10":"instock","11":"taxable","12":"shipping-taxable","13":"purchasable","14":"product-type-simple"},"_links":{"self":[{"href":"https:\/\/bigfunhobby.com\/da\/wp-json\/wp\/v2\/product\/8587","targetHints":{"allow":["GET"]}}],"collection":[{"href":"https:\/\/bigfunhobby.com\/da\/wp-json\/wp\/v2\/product"}],"about":[{"href":"https:\/\/bigfunhobby.com\/da\/wp-json\/wp\/v2\/types\/product"}],"replies":[{"embeddable":true,"href":"https:\/\/bigfunhobby.com\/da\/wp-json\/wp\/v2\/comments?post=8587"}],"wp:featuredmedia":[{"embeddable":true,"href":"https:\/\/bigfunhobby.com\/da\/wp-json\/wp\/v2\/media\/8586"}],"wp:attachment":[{"href":"https:\/\/bigfunhobby.com\/da\/wp-json\/wp\/v2\/media?parent=8587"}],"wp:term":[{"taxonomy":"product_brand","embeddable":true,"href":"https:\/\/bigfunhobby.com\/da\/wp-json\/wp\/v2\/product_brand?post=8587"},{"taxonomy":"product_cat","embeddable":true,"href":"https:\/\/bigfunhobby.com\/da\/wp-json\/wp\/v2\/product_cat?post=8587"},{"taxonomy":"product_tag","embeddable":true,"href":"https:\/\/bigfunhobby.com\/da\/wp-json\/wp\/v2\/product_tag?post=8587"}],"curies":[{"name":"wp","href":"https:\/\/api.w.org\/{rel}","templated":true}]}}