{"id":8589,"date":"2025-03-08T17:17:44","date_gmt":"2025-03-08T17:17:44","guid":{"rendered":"https:\/\/bigfunhobby.com\/butikk\/occre-beeswax-thread-conditioner\/"},"modified":"2026-03-03T12:26:19","modified_gmt":"2026-03-03T10:26:19","slug":"occre-bivoks-tradbalsam","status":"publish","type":"product","link":"https:\/\/bigfunhobby.com\/da\/butikk\/occre-beeswax-thread-conditioner\/","title":{"rendered":"OcCre - Bivoks-tr\u00e5dbalsam"},"content":{"rendered":"<p>Forbedr kvaliteten og holdbarheden af dine tr\u00e5de med OcCre - Beeswax thread conditioner. Denne naturlige bivoks 100% er ideel til alle typer modellering, fra skibsmodeller og bygges\u00e6t i tr\u00e6 til plastikmodeller og skalamodeller.<\/p>\n<p>OcCre - Beeswax thread conditioner er specielt udviklet til:<\/p>\n<ul>\n<li>Forhindrer, at tr\u00e5den flosser<\/li>\n<li>Voks tr\u00e5dene for en glat og holdbar finish<\/li>\n<li>Giver mere stivhed til gevindene, hvilket giver bedre kontrol under samlingen<\/li>\n<li>K\u00e6m tr\u00e5den for at undg\u00e5 sammenfiltring og knuder<\/li>\n<\/ul>\n<p>Uanset om du er en erfaren modelbygger eller en nybegynder, vil brug af bivoks p\u00e5 dine tr\u00e5de forbedre oplevelsen og resultatet af dit byggeprojekt. Det giver dine tr\u00e5de en glat og professionel finish, der holder, og g\u00f8r samleprocessen lettere og mere behagelig.<\/p>\n<p>Historisk set har bivoks l\u00e6nge v\u00e6ret brugt i forskellige h\u00e5ndv\u00e6rk, herunder syning og broderi, p\u00e5 grund af sine fantastiske tr\u00e5dplejeegenskaber. Nu bringer OcCre denne gamle visdom ind i modelbygningens verden.<\/p>\n<p>Forbedr dine modelleringsprojekter i dag med OcCre - Beeswax thread conditioner. Bestil nu, og oplev selv forskellen!<\/p>","protected":false},"excerpt":{"rendered":"<p>OcCre - Beeswax thread conditioner er en 100% naturlig bivoks, der bruges til at forhindre tr\u00e5dflosning, voksbehandle tr\u00e5de, \u00f8ge stivheden og k\u00e6mme tr\u00e5de i modellering.<\/p>","protected":false},"featured_media":8588,"comment_status":"open","ping_status":"closed","template":"","meta":[],"product_brand":[95],"product_cat":[58],"product_tag":[],"class_list":{"0":"post-8589","1":"product","2":"type-product","3":"status-publish","4":"has-post-thumbnail","6":"product_brand-occre","7":"product_cat-verktoy","9":"first","10":"instock","11":"taxable","12":"shipping-taxable","13":"purchasable","14":"product-type-simple"},"_links":{"self":[{"href":"https:\/\/bigfunhobby.com\/da\/wp-json\/wp\/v2\/product\/8589","targetHints":{"allow":["GET"]}}],"collection":[{"href":"https:\/\/bigfunhobby.com\/da\/wp-json\/wp\/v2\/product"}],"about":[{"href":"https:\/\/bigfunhobby.com\/da\/wp-json\/wp\/v2\/types\/product"}],"replies":[{"embeddable":true,"href":"https:\/\/bigfunhobby.com\/da\/wp-json\/wp\/v2\/comments?post=8589"}],"wp:featuredmedia":[{"embeddable":true,"href":"https:\/\/bigfunhobby.com\/da\/wp-json\/wp\/v2\/media\/8588"}],"wp:attachment":[{"href":"https:\/\/bigfunhobby.com\/da\/wp-json\/wp\/v2\/media?parent=8589"}],"wp:term":[{"taxonomy":"product_brand","embeddable":true,"href":"https:\/\/bigfunhobby.com\/da\/wp-json\/wp\/v2\/product_brand?post=8589"},{"taxonomy":"product_cat","embeddable":true,"href":"https:\/\/bigfunhobby.com\/da\/wp-json\/wp\/v2\/product_cat?post=8589"},{"taxonomy":"product_tag","embeddable":true,"href":"https:\/\/bigfunhobby.com\/da\/wp-json\/wp\/v2\/product_tag?post=8589"}],"curies":[{"name":"wp","href":"https:\/\/api.w.org\/{rel}","templated":true}]}}