{"id":8591,"date":"2025-03-08T17:17:45","date_gmt":"2025-03-08T17:17:45","guid":{"rendered":"https:\/\/bigfunhobby.com\/butikk\/amerigo-vespucci-basic-1100\/"},"modified":"2026-03-03T12:26:19","modified_gmt":"2026-03-03T10:26:19","slug":"amerigo-vespucci-basic-1100","status":"publish","type":"product","link":"https:\/\/bigfunhobby.com\/da\/butikk\/amerigo-vespucci-basic-1100\/","title":{"rendered":"Amerigo Vespucci Basic 1:100"},"content":{"rendered":"<p>Uanset om du er en erfaren modelbygger eller en ivrig nybegynder, vil du nyde Amerigo Vespucci Basic 1:100-s\u00e6ttet. Dette s\u00e6t giver dig mulighed for at genopleve historien gennem en n\u00f8jagtig kopi af det ber\u00f8mte sejlskib Amerigo Vespucci.<\/p>\n<p>S\u00e6ttet indeholder mere end 600 forskellige dele. Det giver dig mulighed for at fordybe dig i byggeprocessen og samle en imponerende tr\u00e6skibsmodel stykke for stykke. Bem\u00e6rk, at sejl ikke er inkluderet i s\u00e6ttet.<\/p>\n<ul>\n<li>Alle dele er fremstillet af FSC- eller PEFC-certificeret tr\u00e6, hvilket garanterer h\u00f8j kvalitet og b\u00e6redygtighed.<\/li>\n<li>S\u00e6ttet indeholder en st\u00f8beplade med skibets navn, som giver modellen et autentisk pr\u00e6g.<\/li>\n<li>Detaljerede instruktioner p\u00e5 fem sprog og trinvise videovejledninger g\u00f8r byggeprocessen tilg\u00e6ngelig og forst\u00e5elig.<\/li>\n<li>S\u00e6ttet indeholder ogs\u00e5 billeder i h\u00f8j opl\u00f8sning til hvert byggetrin, en stykliste med m\u00e5l og materialer og et IP-kort, der g\u00f8r det nemt at identificere delene.<\/li>\n<li>Pr\u00e6cisionssk\u00e6ring sikrer, at alle dele passer perfekt sammen.<\/li>\n<li>Modellen leveres med livstidsgaranti, hvilket beviser vores tillid til produktets kvalitet.<\/li>\n<\/ul>\n<p>Amerigo Vespucci er kendt for sin sk\u00f8nhed og detaljerigdom. Med dette s\u00e6t kan du skabe din egen model af skibet og f\u00e5 en dybere forst\u00e5else af s\u00f8fartshistorien.<\/p>\n<p>Vent ikke, start din modelkarriere med Amerigo Vespucci Basic 1:100-s\u00e6ttet. Bestil det nu!<\/p>","protected":false},"excerpt":{"rendered":"<p>Oplev gl\u00e6den ved at bygge modeller med Amerigo Vespucci Basic 1:100-s\u00e6ttet. Med over 600 dele i h\u00f8j kvalitet og detaljerede instruktioner er dette en fantastisk hobby for b\u00e5de begyndere og erfarne entusiaster.<\/p>","protected":false},"featured_media":8590,"comment_status":"open","ping_status":"closed","template":"","meta":[],"product_brand":[95],"product_cat":[67],"product_tag":[],"class_list":{"0":"post-8591","1":"product","2":"type-product","3":"status-publish","4":"has-post-thumbnail","6":"product_brand-occre","7":"product_cat-bater-occre","9":"first","10":"instock","11":"taxable","12":"shipping-taxable","13":"purchasable","14":"product-type-simple"},"_links":{"self":[{"href":"https:\/\/bigfunhobby.com\/da\/wp-json\/wp\/v2\/product\/8591","targetHints":{"allow":["GET"]}}],"collection":[{"href":"https:\/\/bigfunhobby.com\/da\/wp-json\/wp\/v2\/product"}],"about":[{"href":"https:\/\/bigfunhobby.com\/da\/wp-json\/wp\/v2\/types\/product"}],"replies":[{"embeddable":true,"href":"https:\/\/bigfunhobby.com\/da\/wp-json\/wp\/v2\/comments?post=8591"}],"wp:featuredmedia":[{"embeddable":true,"href":"https:\/\/bigfunhobby.com\/da\/wp-json\/wp\/v2\/media\/8590"}],"wp:attachment":[{"href":"https:\/\/bigfunhobby.com\/da\/wp-json\/wp\/v2\/media?parent=8591"}],"wp:term":[{"taxonomy":"product_brand","embeddable":true,"href":"https:\/\/bigfunhobby.com\/da\/wp-json\/wp\/v2\/product_brand?post=8591"},{"taxonomy":"product_cat","embeddable":true,"href":"https:\/\/bigfunhobby.com\/da\/wp-json\/wp\/v2\/product_cat?post=8591"},{"taxonomy":"product_tag","embeddable":true,"href":"https:\/\/bigfunhobby.com\/da\/wp-json\/wp\/v2\/product_tag?post=8591"}],"curies":[{"name":"wp","href":"https:\/\/api.w.org\/{rel}","templated":true}]}}