{"id":8594,"date":"2025-03-08T17:17:46","date_gmt":"2025-03-08T17:17:46","guid":{"rendered":"https:\/\/bigfunhobby.com\/butikk\/base-exhibition-flying-dutchman\/"},"modified":"2026-03-03T12:26:19","modified_gmt":"2026-03-03T10:26:19","slug":"basisudstilling-flyvende-hollaender","status":"publish","type":"product","link":"https:\/\/bigfunhobby.com\/da\/butikk\/base-exhibition-flying-dutchman\/","title":{"rendered":"19148 - Basisudstilling Flyvende Holl\u00e6nder"},"content":{"rendered":"<p>Dyk dybere ned i modeluniverset med vores eksklusive udstillingsbase til tr\u00e6skibsmodellen Flying Dutchman. Dette er en unik m\u00e5de at fremvise dit h\u00e5ndv\u00e6rk og din sans for detaljer.<\/p>\n<p>Udstillingsbasen indeholder:<\/p>\n<ul>\n<li>MDF-tr\u00e6, der er kendt for sin holdbarhed og glatte overflade,<\/li>\n<li>To messingst\u00f8tter formet som tentakler, hvilket giver et unikt og interessant look,<\/li>\n<li>Detaljerede instruktioner for at sikre en problemfri installation.<\/li>\n<\/ul>\n<p>Specifikationer:<\/p>\n<p><b>L\u00e6ngde<\/b>: 300 mm<br \/><b>Bredde<\/b>: 150 mm<br \/><b>H\u00f8jde<\/b>: 95 mm<\/p>\n<p>Denne displaybase er skabt specielt til tr\u00e6skibsmodellen Flying Dutchman og skaber en indrammet udstilling, der vil imponere alle, der ser den. Det er en perfekt m\u00e5de at fremh\u00e6ve din passion for modelbygning p\u00e5, uanset om du er en erfaren entusiast eller en nybegynder, der leder efter en unik m\u00e5de at fremvise dit arbejde p\u00e5.<\/p>\n<p>T\u00f8v ikke, tag det n\u00e6ste skridt i modelleringens verden. G\u00f8r din tr\u00e6skibsmodel til en attraktion, som ingen kan ignorere. <b>Book din udstillingsbase til Flying Dutchman her.<\/b><\/p>","protected":false},"excerpt":{"rendered":"<p>Udforsk modelverdenen med vores eksklusive displaybase til tr\u00e6skibsmodellen Flying Dutchman. Perfekt til at fremvise dine f\u00e6rdigheder og din passion for modelbygning.<\/p>","protected":false},"featured_media":10012,"comment_status":"open","ping_status":"closed","template":"","meta":[],"product_brand":[95],"product_cat":[60],"product_tag":[],"class_list":{"0":"post-8594","1":"product","2":"type-product","3":"status-publish","4":"has-post-thumbnail","6":"product_brand-occre","7":"product_cat-tilbehor-trebyggesett","9":"first","10":"outofstock","11":"taxable","12":"shipping-taxable","13":"purchasable","14":"product-type-simple"},"_links":{"self":[{"href":"https:\/\/bigfunhobby.com\/da\/wp-json\/wp\/v2\/product\/8594","targetHints":{"allow":["GET"]}}],"collection":[{"href":"https:\/\/bigfunhobby.com\/da\/wp-json\/wp\/v2\/product"}],"about":[{"href":"https:\/\/bigfunhobby.com\/da\/wp-json\/wp\/v2\/types\/product"}],"replies":[{"embeddable":true,"href":"https:\/\/bigfunhobby.com\/da\/wp-json\/wp\/v2\/comments?post=8594"}],"wp:featuredmedia":[{"embeddable":true,"href":"https:\/\/bigfunhobby.com\/da\/wp-json\/wp\/v2\/media\/10012"}],"wp:attachment":[{"href":"https:\/\/bigfunhobby.com\/da\/wp-json\/wp\/v2\/media?parent=8594"}],"wp:term":[{"taxonomy":"product_brand","embeddable":true,"href":"https:\/\/bigfunhobby.com\/da\/wp-json\/wp\/v2\/product_brand?post=8594"},{"taxonomy":"product_cat","embeddable":true,"href":"https:\/\/bigfunhobby.com\/da\/wp-json\/wp\/v2\/product_cat?post=8594"},{"taxonomy":"product_tag","embeddable":true,"href":"https:\/\/bigfunhobby.com\/da\/wp-json\/wp\/v2\/product_tag?post=8594"}],"curies":[{"name":"wp","href":"https:\/\/api.w.org\/{rel}","templated":true}]}}