{"id":8596,"date":"2025-03-08T17:17:47","date_gmt":"2025-03-08T17:17:47","guid":{"rendered":"https:\/\/bigfunhobby.com\/butikk\/led-lighting-set-for-scale-models\/"},"modified":"2026-03-03T12:26:19","modified_gmt":"2026-03-03T10:26:19","slug":"led-belysningssaet-til-skalamodeller","status":"publish","type":"product","link":"https:\/\/bigfunhobby.com\/da\/butikk\/led-lighting-set-for-scale-models\/","title":{"rendered":"LED-belysningss\u00e6t til skalamodeller"},"content":{"rendered":"<p>Dette LED-lyss\u00e6t til skalamodeller tilf\u00f8jer en ekstra dimension til dine modelprojekter ved at give realistisk belysning. Uanset om det er et skibsbygges\u00e6t i tr\u00e6, en plastikmodel af et tog eller en anden form for modelbygning, vil dette s\u00e6t kunne give dit projekt et autentisk pr\u00e6g.<\/p>\n<p>S\u00e6ttet indeholder alt, hvad du skal bruge for at belyse din model:<\/p>\n<ul>\n<li>25 hvide lysemitterende dioder (LED)<\/li>\n<li>25 modstander<\/li>\n<li>2,5 meter r\u00f8dt kabel<\/li>\n<li>2,5 meter sort kabel<\/li>\n<li>Krympeflex<\/li>\n<li>Batteriholder med d\u00e6ksel og kontakt<\/li>\n<li>Instruktioner i farver p\u00e5 fem sprog<\/li>\n<li>Skematisk oversigt over det grundl\u00e6ggende elektriske kredsl\u00f8b<\/li>\n<\/ul>\n<p>LED-lys kan give et realistisk udseende til alt fra modeljernbaner og skalamodeller til bygges\u00e6t i tr\u00e6. Med dette s\u00e6t har du alt, hvad du beh\u00f8ver for at give dine modeller det lille ekstra. Uanset om du er nybegynder eller erfaren modelbygger, vil dette s\u00e6t v\u00e6re en v\u00e6rdifuld ekstra ressource.<\/p>\n<p>G\u00f8r dine modelleringsprojekter endnu bedre med dette omfattende LED-lyss\u00e6t. Bestil dit s\u00e6t i dag, og tag din modelbygning til det n\u00e6ste niveau.<\/p>","protected":false},"excerpt":{"rendered":"<p>LED-belysningss\u00e6t til skalamodeller med alt, hvad du skal bruge for at f\u00e5 realistisk belysning til dine modelskibe, modeltog og alle slags modelprojekter.<\/p>","protected":false},"featured_media":8595,"comment_status":"open","ping_status":"closed","template":"","meta":[],"product_brand":[95],"product_cat":[60],"product_tag":[],"class_list":{"0":"post-8596","1":"product","2":"type-product","3":"status-publish","4":"has-post-thumbnail","6":"product_brand-occre","7":"product_cat-tilbehor-trebyggesett","9":"first","10":"instock","11":"taxable","12":"shipping-taxable","13":"purchasable","14":"product-type-simple"},"_links":{"self":[{"href":"https:\/\/bigfunhobby.com\/da\/wp-json\/wp\/v2\/product\/8596","targetHints":{"allow":["GET"]}}],"collection":[{"href":"https:\/\/bigfunhobby.com\/da\/wp-json\/wp\/v2\/product"}],"about":[{"href":"https:\/\/bigfunhobby.com\/da\/wp-json\/wp\/v2\/types\/product"}],"replies":[{"embeddable":true,"href":"https:\/\/bigfunhobby.com\/da\/wp-json\/wp\/v2\/comments?post=8596"}],"wp:featuredmedia":[{"embeddable":true,"href":"https:\/\/bigfunhobby.com\/da\/wp-json\/wp\/v2\/media\/8595"}],"wp:attachment":[{"href":"https:\/\/bigfunhobby.com\/da\/wp-json\/wp\/v2\/media?parent=8596"}],"wp:term":[{"taxonomy":"product_brand","embeddable":true,"href":"https:\/\/bigfunhobby.com\/da\/wp-json\/wp\/v2\/product_brand?post=8596"},{"taxonomy":"product_cat","embeddable":true,"href":"https:\/\/bigfunhobby.com\/da\/wp-json\/wp\/v2\/product_cat?post=8596"},{"taxonomy":"product_tag","embeddable":true,"href":"https:\/\/bigfunhobby.com\/da\/wp-json\/wp\/v2\/product_tag?post=8596"}],"curies":[{"name":"wp","href":"https:\/\/api.w.org\/{rel}","templated":true}]}}