{"id":8598,"date":"2025-03-08T17:17:47","date_gmt":"2025-03-08T17:17:47","guid":{"rendered":"https:\/\/bigfunhobby.com\/butikk\/occre-brass-plate-55x47x03-mm\/"},"modified":"2026-03-03T12:26:20","modified_gmt":"2026-03-03T10:26:20","slug":"occre-messingplade-55x47x03-mm","status":"publish","type":"product","link":"https:\/\/bigfunhobby.com\/da\/butikk\/occre-brass-plate-55x47x03-mm\/","title":{"rendered":"17045 - OcCre - Messingplade 55x47x0,3 mm"},"content":{"rendered":"<p>Dette er en messingplade fra OcCre, som er perfekt til den erfarne modelbygger eller den entusiastiske nybegynder. Med dimensioner p\u00e5 55x47x0,3 mm giver den dig mulighed for at arbejde p\u00e5 b\u00e5de sm\u00e5 og store projekter.<\/p>\n<p><strong>Specifikationer:<\/strong><\/p>\n<ul>\n<li>Producent: OcCre<\/li>\n<li>Dimensioner: 55x47x0,3 mm<\/li>\n<li>Antal i pakken: 10 enheder<\/li>\n<\/ul>\n<p>Denne messingplade er produceret af OcCre, som er en anerkendt producent inden for modelbygning. Messing er et fremragende materiale til modellering p\u00e5 grund af dets holdbarhed og formbarhed.<\/p>\n<p>Messingpladen kan bruges til mange forskellige projekter, f.eks. skibsmodeller af tr\u00e6, plastikmodeller og modeljernbaner. Uanset om du er en erfaren entusiast eller en nybegynder, vil denne messingplade give dig masser af muligheder for kreativ udfoldelse.<\/p>\n<p>Nu har du mulighed for at tage din modellering til det n\u00e6ste niveau. K\u00f8b messingpladen her, og start dit n\u00e6ste projekt i dag!<\/p>","protected":false},"excerpt":{"rendered":"<p>Denne messingplade fra OcCre i m\u00e5lene 55x47x0,3 mm er perfekt til detaljeret modellering. Pakken indeholder 10 enheder.<\/p>","protected":false},"featured_media":10008,"comment_status":"open","ping_status":"closed","template":"","meta":[],"product_brand":[95],"product_cat":[60],"product_tag":[],"class_list":{"0":"post-8598","1":"product","2":"type-product","3":"status-publish","4":"has-post-thumbnail","6":"product_brand-occre","7":"product_cat-tilbehor-trebyggesett","9":"first","10":"instock","11":"taxable","12":"shipping-taxable","13":"purchasable","14":"product-type-simple"},"_links":{"self":[{"href":"https:\/\/bigfunhobby.com\/da\/wp-json\/wp\/v2\/product\/8598","targetHints":{"allow":["GET"]}}],"collection":[{"href":"https:\/\/bigfunhobby.com\/da\/wp-json\/wp\/v2\/product"}],"about":[{"href":"https:\/\/bigfunhobby.com\/da\/wp-json\/wp\/v2\/types\/product"}],"replies":[{"embeddable":true,"href":"https:\/\/bigfunhobby.com\/da\/wp-json\/wp\/v2\/comments?post=8598"}],"wp:featuredmedia":[{"embeddable":true,"href":"https:\/\/bigfunhobby.com\/da\/wp-json\/wp\/v2\/media\/10008"}],"wp:attachment":[{"href":"https:\/\/bigfunhobby.com\/da\/wp-json\/wp\/v2\/media?parent=8598"}],"wp:term":[{"taxonomy":"product_brand","embeddable":true,"href":"https:\/\/bigfunhobby.com\/da\/wp-json\/wp\/v2\/product_brand?post=8598"},{"taxonomy":"product_cat","embeddable":true,"href":"https:\/\/bigfunhobby.com\/da\/wp-json\/wp\/v2\/product_cat?post=8598"},{"taxonomy":"product_tag","embeddable":true,"href":"https:\/\/bigfunhobby.com\/da\/wp-json\/wp\/v2\/product_tag?post=8598"}],"curies":[{"name":"wp","href":"https:\/\/api.w.org\/{rel}","templated":true}]}}