{"id":8609,"date":"2025-03-08T17:17:48","date_gmt":"2025-03-08T17:17:48","guid":{"rendered":"https:\/\/bigfunhobby.com\/butikk\/05mm-raw-thread\/"},"modified":"2026-03-03T12:26:20","modified_gmt":"2026-03-03T10:26:20","slug":"05mm-ra-gevind","status":"publish","type":"product","link":"https:\/\/bigfunhobby.com\/da\/butikk\/05mm-raw-thread\/","title":{"rendered":"0,5 mm r\u00e5 tr\u00e5d"},"content":{"rendered":"<p> Denne 0,5 mm r\u00e5 bomuldstr\u00e5d er det perfekte tilbeh\u00f8r til modelskibe. Med sin naturlige farve og h\u00f8je kvalitet er den b\u00e5de \u00e6stetisk tiltalende og funktionel, hvilket g\u00f8r den til et ideelt valg for b\u00e5de begyndere og erfarne modelbyggere.<\/p>\n<p> <strong>Produktspecifikationer:<\/strong> <\/p>\n<ul>\n<li> Type: 0,5 mm r\u00e5 bomuldstr\u00e5d <\/li>\n<li> Farve: R\u00e5\/naturlig <\/li>\n<li> Anvendelse: Velegnet til modelskibe <\/li>\n<li> Indhold: 2 ruller pr. pose <\/li>\n<\/ul>\n<p> Tr\u00e5den er lavet af bomuld i h\u00f8j kvalitet, hvilket sikrer holdbarhed og langvarig brug. Den naturlige farve giver en autentisk fornemmelse, som er afg\u00f8rende for realistisk modelbygning. <\/p>\n<p> Modelbygning har en lang historie og har altid v\u00e6ret en popul\u00e6r hobby for folk i alle aldre. Uanset om du er nybegynder eller en garvet entusiast, vil denne bomuldstr\u00e5d helt sikkert forbedre dine byggeprojekter. <\/p>\n<p> G\u00e5 ikke glip af muligheden for at opgradere dine modelprojekter. K\u00f8b denne 0,5 mm r\u00e5 bomuldstr\u00e5d i dag, og tag dine modelskibe til det n\u00e6ste niveau! <\/p>","protected":false},"excerpt":{"rendered":"<p>0,5 mm r\u00e5 bomuldstr\u00e5d til modelskibe. Ideel til b\u00e5de begyndere og erfarne modelbyggere.<\/p>","protected":false},"featured_media":9971,"comment_status":"open","ping_status":"closed","template":"","meta":[],"product_brand":[95],"product_cat":[66,60],"product_tag":[],"class_list":{"0":"post-8609","1":"product","2":"type-product","3":"status-publish","4":"has-post-thumbnail","6":"product_brand-occre","7":"product_cat-blokker-sjakkler-tauverk","8":"product_cat-tilbehor-trebyggesett","10":"first","11":"outofstock","12":"taxable","13":"shipping-taxable","14":"purchasable","15":"product-type-simple"},"_links":{"self":[{"href":"https:\/\/bigfunhobby.com\/da\/wp-json\/wp\/v2\/product\/8609","targetHints":{"allow":["GET"]}}],"collection":[{"href":"https:\/\/bigfunhobby.com\/da\/wp-json\/wp\/v2\/product"}],"about":[{"href":"https:\/\/bigfunhobby.com\/da\/wp-json\/wp\/v2\/types\/product"}],"replies":[{"embeddable":true,"href":"https:\/\/bigfunhobby.com\/da\/wp-json\/wp\/v2\/comments?post=8609"}],"wp:featuredmedia":[{"embeddable":true,"href":"https:\/\/bigfunhobby.com\/da\/wp-json\/wp\/v2\/media\/9971"}],"wp:attachment":[{"href":"https:\/\/bigfunhobby.com\/da\/wp-json\/wp\/v2\/media?parent=8609"}],"wp:term":[{"taxonomy":"product_brand","embeddable":true,"href":"https:\/\/bigfunhobby.com\/da\/wp-json\/wp\/v2\/product_brand?post=8609"},{"taxonomy":"product_cat","embeddable":true,"href":"https:\/\/bigfunhobby.com\/da\/wp-json\/wp\/v2\/product_cat?post=8609"},{"taxonomy":"product_tag","embeddable":true,"href":"https:\/\/bigfunhobby.com\/da\/wp-json\/wp\/v2\/product_tag?post=8609"}],"curies":[{"name":"wp","href":"https:\/\/api.w.org\/{rel}","templated":true}]}}