{"id":8615,"date":"2025-03-08T17:17:48","date_gmt":"2025-03-08T17:17:48","guid":{"rendered":"https:\/\/bigfunhobby.com\/butikk\/10mm-eyebolt\/"},"modified":"2026-03-03T12:26:20","modified_gmt":"2026-03-03T10:26:20","slug":"10-mm-ojebolt","status":"publish","type":"product","link":"https:\/\/bigfunhobby.com\/da\/butikk\/10mm-eyebolt\/","title":{"rendered":"17026 - 10 mm \u00f8jebolt"},"content":{"rendered":"<p>Vores 17026 - 10 mm \u00f8jebolt er et uundv\u00e6rligt tilbeh\u00f8r for enhver modelbygningsentusiast. Denne \u00f8jebolt er fremstillet af messingbelagt st\u00e5l og er en autentisk og holdbar tilf\u00f8jelse til dine modelleringsprojekter.<\/p>\n<p>Uanset om du bygger en <strong>Tre-skibs model<\/strong>og k\u00f8rer en <strong>modeljernbane<\/strong> eller genoprette en <strong>model af veterank\u00f8ret\u00f8j<\/strong>Disse \u00f8jebolte tilf\u00f8jer et element af realisme til dit h\u00e5ndv\u00e6rk.<\/p>\n<ul>\n<li><strong>Produktets navn:<\/strong> 17026 - 10 mm \u00f8jebolt<\/li>\n<li><strong>Materialer:<\/strong> Messingbelagt st\u00e5l<\/li>\n<li><strong>Nummer:<\/strong> 60 enheder pr. pakke<\/li>\n<li><strong>Anvendelse:<\/strong> Modelskibe, modeltog, modeller af veterank\u00f8ret\u00f8jer<\/li>\n<\/ul>\n<p>Messingbelagt st\u00e5l giver en robust og holdbar finish, der sikrer, at dine modeller kan holde til tidens tand. \u00d8jeboltene er nemme at montere og giver et professionelt pr\u00e6g til alle dine modelprojekter.<\/p>\n<p>S\u00e5 uanset om du er en erfaren modelbygger eller en nybegynder, giver vores 10 mm \u00f8jebolte dig den kvalitet, du har brug for til at bringe dine modeller til live. Vent ikke, forbedr dine modelleringsprojekter med vores 10 mm \u00f8jebolte i dag.<\/p>\n<p><strong>Se udvalget og bestil nu!<\/strong><\/p>","protected":false},"excerpt":{"rendered":"<p>17026 - 10 mm \u00f8jebolt af messingbelagt st\u00e5l, ideel til modelskibe, modeltog og veterank\u00f8ret\u00f8jer. Leveres i pakker med 60 enheder.<\/p>","protected":false},"featured_media":9995,"comment_status":"open","ping_status":"closed","template":"","meta":[],"product_brand":[95],"product_cat":[66,60],"product_tag":[],"class_list":{"0":"post-8615","1":"product","2":"type-product","3":"status-publish","4":"has-post-thumbnail","6":"product_brand-occre","7":"product_cat-blokker-sjakkler-tauverk","8":"product_cat-tilbehor-trebyggesett","10":"first","11":"instock","12":"taxable","13":"shipping-taxable","14":"purchasable","15":"product-type-simple"},"_links":{"self":[{"href":"https:\/\/bigfunhobby.com\/da\/wp-json\/wp\/v2\/product\/8615","targetHints":{"allow":["GET"]}}],"collection":[{"href":"https:\/\/bigfunhobby.com\/da\/wp-json\/wp\/v2\/product"}],"about":[{"href":"https:\/\/bigfunhobby.com\/da\/wp-json\/wp\/v2\/types\/product"}],"replies":[{"embeddable":true,"href":"https:\/\/bigfunhobby.com\/da\/wp-json\/wp\/v2\/comments?post=8615"}],"wp:featuredmedia":[{"embeddable":true,"href":"https:\/\/bigfunhobby.com\/da\/wp-json\/wp\/v2\/media\/9995"}],"wp:attachment":[{"href":"https:\/\/bigfunhobby.com\/da\/wp-json\/wp\/v2\/media?parent=8615"}],"wp:term":[{"taxonomy":"product_brand","embeddable":true,"href":"https:\/\/bigfunhobby.com\/da\/wp-json\/wp\/v2\/product_brand?post=8615"},{"taxonomy":"product_cat","embeddable":true,"href":"https:\/\/bigfunhobby.com\/da\/wp-json\/wp\/v2\/product_cat?post=8615"},{"taxonomy":"product_tag","embeddable":true,"href":"https:\/\/bigfunhobby.com\/da\/wp-json\/wp\/v2\/product_tag?post=8615"}],"curies":[{"name":"wp","href":"https:\/\/api.w.org\/{rel}","templated":true}]}}