{"id":8638,"date":"2025-03-08T17:17:50","date_gmt":"2025-03-08T17:17:50","guid":{"rendered":"https:\/\/bigfunhobby.com\/butikk\/5mm-block\/"},"modified":"2025-12-04T11:00:53","modified_gmt":"2025-12-04T09:00:53","slug":"5-mm-blok","status":"publish","type":"product","link":"https:\/\/bigfunhobby.com\/da\/butikk\/5mm-block\/","title":{"rendered":"17001 - 5 mm blok"},"content":{"rendered":"<p>17001 - 5 mm-blokken er et vigtigt tilbeh\u00f8r for alle, der kan lide at bygge modelskibe. Denne lille, men vigtige brik bruges sammen med spanterne og rigningen, der st\u00f8tter skibets sejl, og er med til at give det f\u00e6rdige produkt et realistisk og detaljeret udseende.<\/p>\n<p>Is\u00e6r til tr\u00e6skibsmodeller og -s\u00e6t er 5 mm-blokken et uundv\u00e6rligt v\u00e6rkt\u00f8j. Sammen med andet tilbeh\u00f8r og detaljer hj\u00e6lper den dig med at skabe en skalamodel, der ligner et rigtigt skib i miniature.<\/p>\n<ul>\n<li>Produktnavn: 17001 - 5 mm blok<\/li>\n<li>St\u00f8rrelse: 5 mm<\/li>\n<li>Materiale: Fremstillet af h\u00f8jkvalitetsmateriale, der kan modst\u00e5 belastningen fra spir og rigning<\/li>\n<li>Antal i pakken: 20 enheder<\/li>\n<\/ul>\n<p>Modelbygning er en popul\u00e6r hobby for b\u00e5de voksne og b\u00f8rn, og med det rigtige udstyr og tilbeh\u00f8r kan du bygge imponerende modeller, som du kan v\u00e6re stolt af. Uanset om du er en erfaren modelbygger eller nybegynder, vil 17001 - 5 mm-blokken v\u00e6re en v\u00e6rdifuld tilf\u00f8jelse til din v\u00e6rkt\u00f8jskasse.<\/p>\n<p>T\u00f8v ikke med at tr\u00e6de ind i modelleringens fascinerende verden. Bestil 17001 - 5 mm-blokken nu, og begynd at bygge dit n\u00e6ste mesterv\u00e6rk!<\/p>","protected":false},"excerpt":{"rendered":"<p>17001 - 5 mm-blokken er ideel til brug ved konstruktion af modelskibe. Den bruges sammen med spanter og rigning, der st\u00f8tter skibets sejl.<\/p>","protected":false},"featured_media":9992,"comment_status":"open","ping_status":"closed","template":"","meta":[],"product_brand":[95],"product_cat":[66,60],"product_tag":[],"class_list":{"0":"post-8638","1":"product","2":"type-product","3":"status-publish","4":"has-post-thumbnail","6":"product_brand-occre","7":"product_cat-blokker-sjakkler-tauverk","8":"product_cat-tilbehor-trebyggesett","10":"first","11":"instock","12":"taxable","13":"shipping-taxable","14":"purchasable","15":"product-type-simple"},"_links":{"self":[{"href":"https:\/\/bigfunhobby.com\/da\/wp-json\/wp\/v2\/product\/8638","targetHints":{"allow":["GET"]}}],"collection":[{"href":"https:\/\/bigfunhobby.com\/da\/wp-json\/wp\/v2\/product"}],"about":[{"href":"https:\/\/bigfunhobby.com\/da\/wp-json\/wp\/v2\/types\/product"}],"replies":[{"embeddable":true,"href":"https:\/\/bigfunhobby.com\/da\/wp-json\/wp\/v2\/comments?post=8638"}],"wp:featuredmedia":[{"embeddable":true,"href":"https:\/\/bigfunhobby.com\/da\/wp-json\/wp\/v2\/media\/9992"}],"wp:attachment":[{"href":"https:\/\/bigfunhobby.com\/da\/wp-json\/wp\/v2\/media?parent=8638"}],"wp:term":[{"taxonomy":"product_brand","embeddable":true,"href":"https:\/\/bigfunhobby.com\/da\/wp-json\/wp\/v2\/product_brand?post=8638"},{"taxonomy":"product_cat","embeddable":true,"href":"https:\/\/bigfunhobby.com\/da\/wp-json\/wp\/v2\/product_cat?post=8638"},{"taxonomy":"product_tag","embeddable":true,"href":"https:\/\/bigfunhobby.com\/da\/wp-json\/wp\/v2\/product_tag?post=8638"}],"curies":[{"name":"wp","href":"https:\/\/api.w.org\/{rel}","templated":true}]}}