{"id":8641,"date":"2025-03-08T17:17:51","date_gmt":"2025-03-08T17:17:51","guid":{"rendered":"https:\/\/bigfunhobby.com\/butikk\/occre-paints-exhibitor\/"},"modified":"2026-03-03T12:26:22","modified_gmt":"2026-03-03T10:26:22","slug":"occre-maling-udstiller","status":"publish","type":"product","link":"https:\/\/bigfunhobby.com\/da\/butikk\/occre-paints-exhibitor\/","title":{"rendered":"OcCre - Udstiller af maling"},"content":{"rendered":"<p>Er du modelbygger og p\u00e5 udkig efter den perfekte m\u00e5de at holde styr p\u00e5 dine malingsprodukter? S\u00e5 er OcCre - Paints Exhibitor l\u00f8sningen for dig. Det er et uundv\u00e6rligt tilbeh\u00f8r til b\u00e5de begyndere og erfarne modelbyggere, som gerne vil holde styr p\u00e5 deres maling, bejdser, lakker og v\u00e6rkt\u00f8j.<\/p>\n<p>Specifikationerne for denne udstiller omfatter en praktisk skuffe med plads til v\u00e6rkt\u00f8j, farvestoffer, spartelmasse og andet n\u00f8dvendigt tilbeh\u00f8r. Den smukke udstillingsboks hj\u00e6lper med at holde orden og giver dig et nemt overblik over dine materialer.<\/p>\n<p>Dette produkt er lavet til at v\u00e6re robust og langtidsholdbart, s\u00e5 du kan v\u00e6re sikker p\u00e5, at det vil st\u00f8tte dine modelprojekter i mange \u00e5r fremover. Uanset om du arbejder med skibsmodeller i tr\u00e6, plastikmodeller, modeljernbaner eller fjernstyrede k\u00f8ret\u00f8jer, vil denne udstiller v\u00e6re en uvurderlig hj\u00e6lp i din organisation.<\/p>\n<p>S\u00e5 hvorfor vente? Med OcCre - Paints Exhibitor kan du fokusere mere p\u00e5 den kreative side af modelbyggeriet og mindre p\u00e5 at lede efter den rigtige maling eller det rigtige v\u00e6rkt\u00f8j. Tag skridtet mod en mere organiseret modelbygningsproces i dag. K\u00f8b den her.<\/p>","protected":false},"excerpt":{"rendered":"<p>OcCre - Paints Exhibitor er det ultimative tilbeh\u00f8r til at organisere maling, bejdser, lakker og v\u00e6rkt\u00f8j for entusiastiske modelbyggere.<\/p>","protected":false},"featured_media":8640,"comment_status":"open","ping_status":"closed","template":"","meta":[],"product_brand":[95],"product_cat":[58],"product_tag":[],"class_list":{"0":"post-8641","1":"product","2":"type-product","3":"status-publish","4":"has-post-thumbnail","6":"product_brand-occre","7":"product_cat-verktoy","9":"first","10":"instock","11":"taxable","12":"shipping-taxable","13":"purchasable","14":"product-type-simple"},"_links":{"self":[{"href":"https:\/\/bigfunhobby.com\/da\/wp-json\/wp\/v2\/product\/8641","targetHints":{"allow":["GET"]}}],"collection":[{"href":"https:\/\/bigfunhobby.com\/da\/wp-json\/wp\/v2\/product"}],"about":[{"href":"https:\/\/bigfunhobby.com\/da\/wp-json\/wp\/v2\/types\/product"}],"replies":[{"embeddable":true,"href":"https:\/\/bigfunhobby.com\/da\/wp-json\/wp\/v2\/comments?post=8641"}],"wp:featuredmedia":[{"embeddable":true,"href":"https:\/\/bigfunhobby.com\/da\/wp-json\/wp\/v2\/media\/8640"}],"wp:attachment":[{"href":"https:\/\/bigfunhobby.com\/da\/wp-json\/wp\/v2\/media?parent=8641"}],"wp:term":[{"taxonomy":"product_brand","embeddable":true,"href":"https:\/\/bigfunhobby.com\/da\/wp-json\/wp\/v2\/product_brand?post=8641"},{"taxonomy":"product_cat","embeddable":true,"href":"https:\/\/bigfunhobby.com\/da\/wp-json\/wp\/v2\/product_cat?post=8641"},{"taxonomy":"product_tag","embeddable":true,"href":"https:\/\/bigfunhobby.com\/da\/wp-json\/wp\/v2\/product_tag?post=8641"}],"curies":[{"name":"wp","href":"https:\/\/api.w.org\/{rel}","templated":true}]}}