{"id":8651,"date":"2025-03-08T17:17:55","date_gmt":"2025-03-08T17:17:55","guid":{"rendered":"https:\/\/bigfunhobby.com\/butikk\/occre-organizer-module\/"},"modified":"2026-03-03T12:26:22","modified_gmt":"2026-03-03T10:26:22","slug":"occre-organiser-modul","status":"publish","type":"product","link":"https:\/\/bigfunhobby.com\/da\/butikk\/occre-organizer-module\/","title":{"rendered":"OcCre - Organiseringsmodul"},"content":{"rendered":"<p>Vil du gerne holde dit modelleringsomr\u00e5de ryddeligt og organiseret? S\u00e5 er OcCre - Organiser Module den perfekte tilf\u00f8jelse til dig. Dette modul er specielt designet til at holde dine plastbakker godt opbevaret og organiseret, hvilket er vigtigt for b\u00e5de begyndere og erfarne modelbyggere.<\/p>\n<p>Dette er mere end bare et almindeligt opbevaringsomr\u00e5de. Organiser Module har en skuffe til opbevaring af v\u00e6rkt\u00f8j, instruktioner og meget mere. Det giver dig hurtig og nem adgang til alt, hvad du skal bruge til dit bygges\u00e6t, uanset om det er en skibsmodel i tr\u00e6, en plastikmodel, en modeljernbane eller et fjernstyret k\u00f8ret\u00f8j.<\/p>\n<p>Den \u00f8verste del af modulet giver ogs\u00e5 ekstra opbevaringsplads til materialer, v\u00e6rkt\u00f8j, tilbeh\u00f8r og lignende. Det giver dig mulighed for at have alt, hvad du skal bruge til din modelbygning, samlet p\u00e5 \u00e9t sted, hvilket g\u00f8r byggeprocessen mere effektiv og behagelig.<\/p>\n<p>Det er v\u00e6rd at bem\u00e6rke, at plastbakker til organisering ikke medf\u00f8lger. Men bare rolig, de kan nemt k\u00f8bes separat som supplement til dit Organiser Module.<\/p>\n<p>OcCre - Organiser Module er ogs\u00e5 den perfekte tilf\u00f8jelse til Workshop Cabinet. Sammen giver de dig et komplet og funktionelt arbejdsomr\u00e5de til din modellering.<\/p>\n<p>Vent ikke l\u00e6ngere. G\u00f8r din modellering mere organiseret og effektiv med OcCre - Organizer Module. K\u00f8b det nu!<\/p>","protected":false},"excerpt":{"rendered":"<p>OcCre - Organiser Module er en fantastisk tilf\u00f8jelse til at holde plastbakker korrekt opbevaret og organiseret. Dette modul har en skuffe til opbevaring af v\u00e6rkt\u00f8j, instruktioner og meget mere.<\/p>","protected":false},"featured_media":8650,"comment_status":"open","ping_status":"closed","template":"","meta":[],"product_brand":[95],"product_cat":[58],"product_tag":[],"class_list":{"0":"post-8651","1":"product","2":"type-product","3":"status-publish","4":"has-post-thumbnail","6":"product_brand-occre","7":"product_cat-verktoy","9":"first","10":"instock","11":"taxable","12":"shipping-taxable","13":"purchasable","14":"product-type-simple"},"_links":{"self":[{"href":"https:\/\/bigfunhobby.com\/da\/wp-json\/wp\/v2\/product\/8651","targetHints":{"allow":["GET"]}}],"collection":[{"href":"https:\/\/bigfunhobby.com\/da\/wp-json\/wp\/v2\/product"}],"about":[{"href":"https:\/\/bigfunhobby.com\/da\/wp-json\/wp\/v2\/types\/product"}],"replies":[{"embeddable":true,"href":"https:\/\/bigfunhobby.com\/da\/wp-json\/wp\/v2\/comments?post=8651"}],"wp:featuredmedia":[{"embeddable":true,"href":"https:\/\/bigfunhobby.com\/da\/wp-json\/wp\/v2\/media\/8650"}],"wp:attachment":[{"href":"https:\/\/bigfunhobby.com\/da\/wp-json\/wp\/v2\/media?parent=8651"}],"wp:term":[{"taxonomy":"product_brand","embeddable":true,"href":"https:\/\/bigfunhobby.com\/da\/wp-json\/wp\/v2\/product_brand?post=8651"},{"taxonomy":"product_cat","embeddable":true,"href":"https:\/\/bigfunhobby.com\/da\/wp-json\/wp\/v2\/product_cat?post=8651"},{"taxonomy":"product_tag","embeddable":true,"href":"https:\/\/bigfunhobby.com\/da\/wp-json\/wp\/v2\/product_tag?post=8651"}],"curies":[{"name":"wp","href":"https:\/\/api.w.org\/{rel}","templated":true}]}}