{"id":8654,"date":"2025-03-08T17:17:57","date_gmt":"2025-03-08T17:17:57","guid":{"rendered":"https:\/\/bigfunhobby.com\/butikk\/sail-set-endurance\/"},"modified":"2025-12-04T11:00:54","modified_gmt":"2025-12-04T09:00:54","slug":"sail-set-endurance","status":"publish","type":"product","link":"https:\/\/bigfunhobby.com\/da\/butikk\/sail-set-endurance\/","title":{"rendered":"Sejlene er sat. Udholdenhed"},"content":{"rendered":"<p>Dykke inn i en fascinerende del av polarhistorien med Sail set. Endurance, et detaljert byggesett som gjenskaper det ikoniske skipet fra Sir Ernest Shackletons legendariske Antarktis-ekspedisjon. Dette er et ideelt byggesett for voksne som er interesserte i historie og modellbygging.<\/p>\n<p>Endurance ble sj\u00f8satt den 17. desember 1912 under navnet &#8216;Polaris&#8217;. Opprinnelig rigget som en fregatt, ble den omgjort til en tre-mastet bark og deltok i den ber\u00f8mte &#8216;Imperial Trans-Antarctic Expedition&#8217; i 1914, ledet av Sir Ernest Shackleton.<\/p>\n<p>Etter \u00e5 ha forlist 19. august 1915, ble de fanget i isen i Weddellhavet. I 522 dager t\u00e5lte de vindhastigheter p\u00e5 opptil 300 km\/t og temperaturer p\u00e5 40 grader under null. Shackleton og noen f\u00e5 menn ombord i b\u00e5ten &#8216;James Caird&#8217;, gjennomf\u00f8rte en av de mest minneverdige og heroiske reisene i sj\u00f8fartens historie. Sammen med hele mannskapet oppn\u00e5dde de den viktigste bragden av alle&#8230; \u00e5 overleve.<\/p>\n<p>Denne ekspedisjonen er husket som en episk historie om utholdenhet, heroisme og overlevelse. Og n\u00e5 kan du gjenoppleve denne historien med v\u00e5rt byggesett. Sail set. Endurance er et ideelt prosjekt for de som elsker historie, modellbygging og utfordringene som f\u00f8lger med \u00e5 sette sammen et treskipsmodell.<\/p>\n<p>La deg inspirere av denne utrolige historien og start ditt neste modellbyggingsprosjekt med Sail set. Endurance. Perfekt for b\u00e5de nybegynnere og erfarne modellbyggere. <strong>Start din modellbyggingsreise her.<\/strong><\/p>","protected":false},"excerpt":{"rendered":"<p>Sail set. Endurance er et miniatyrskalamodell av det historiske seilskipet Endurance, perfekt for b\u00e5de nybegynnere og erfarne modellbyggere.<\/p>","protected":false},"featured_media":0,"comment_status":"open","ping_status":"closed","template":"","meta":[],"product_brand":[95],"product_cat":[60],"product_tag":[],"class_list":{"0":"post-8654","1":"product","2":"type-product","3":"status-publish","5":"product_brand-occre","6":"product_cat-tilbehor-trebyggesett","8":"first","9":"instock","10":"taxable","11":"shipping-taxable","12":"purchasable","13":"product-type-simple"},"_links":{"self":[{"href":"https:\/\/bigfunhobby.com\/da\/wp-json\/wp\/v2\/product\/8654","targetHints":{"allow":["GET"]}}],"collection":[{"href":"https:\/\/bigfunhobby.com\/da\/wp-json\/wp\/v2\/product"}],"about":[{"href":"https:\/\/bigfunhobby.com\/da\/wp-json\/wp\/v2\/types\/product"}],"replies":[{"embeddable":true,"href":"https:\/\/bigfunhobby.com\/da\/wp-json\/wp\/v2\/comments?post=8654"}],"wp:attachment":[{"href":"https:\/\/bigfunhobby.com\/da\/wp-json\/wp\/v2\/media?parent=8654"}],"wp:term":[{"taxonomy":"product_brand","embeddable":true,"href":"https:\/\/bigfunhobby.com\/da\/wp-json\/wp\/v2\/product_brand?post=8654"},{"taxonomy":"product_cat","embeddable":true,"href":"https:\/\/bigfunhobby.com\/da\/wp-json\/wp\/v2\/product_cat?post=8654"},{"taxonomy":"product_tag","embeddable":true,"href":"https:\/\/bigfunhobby.com\/da\/wp-json\/wp\/v2\/product_tag?post=8654"}],"curies":[{"name":"wp","href":"https:\/\/api.w.org\/{rel}","templated":true}]}}