{"id":8674,"date":"2025-03-08T17:18:06","date_gmt":"2025-03-08T17:18:06","guid":{"rendered":"https:\/\/bigfunhobby.com\/butikk\/occre-sanders-pack\/"},"modified":"2026-03-03T12:26:24","modified_gmt":"2026-03-03T10:26:24","slug":"occre-sanders-pack","status":"publish","type":"product","link":"https:\/\/bigfunhobby.com\/da\/butikk\/occre-sanders-pack\/","title":{"rendered":"OcCre &#8211; Sanders Pack"},"content":{"rendered":"<p>OcCre &#8211; Sanders Pack er et n\u00f8dvendig verkt\u00f8ysett for enhver som er interessert i modellbygging. Det er perfekt for finsliping av detaljer p\u00e5 dine byggesett, enten det er treskipmodeller, plastmodeller, modelljernbaner eller fjernstyrte kj\u00f8ret\u00f8y.<\/p>\n<ul>\n<li>Kort sander for sm\u00e5 og vanskelige omr\u00e5der<\/li>\n<li>Rigid (stiv) buet sander for st\u00f8rre, flate omr\u00e5der<\/li>\n<li>Fleksibel sander for buede og uregelmessige overflater<\/li>\n<\/ul>\n<p>Disse sliperedskapene er laget med tanke p\u00e5 kvalitet og holdbarhet, noe som gj\u00f8r dem til et verdifullt tillegg til ditt verkt\u00f8ysett for modellbygging. Enten du er en erfaren modellbygger eller en nybegynner, vil disse verkt\u00f8yene hjelpe deg med \u00e5 oppn\u00e5 den profesjonelle finishen du \u00f8nsker for dine prosjekter.<\/p>\n<p>Modellbygging er en hobby som har en lang historie, og kvalitetsverkt\u00f8y som dette har alltid v\u00e6rt viktig for \u00e5 oppn\u00e5 best mulig resultat. Med OcCre &#8211; Sanders Pack, kan du g\u00e5 i fotsporene til erfarne modellbyggere og skape dine egne mesterverk med fantastiske detaljer.<\/p>\n<p>Ikke la denne muligheten g\u00e5 fra deg. Utnytt det fulle potensialet i dine modellbyggeprosjekter med OcCre &#8211; Sanders Pack. Bestill ditt sett n\u00e5 og ta modellbyggingen til neste niv\u00e5.<\/p>","protected":false},"excerpt":{"rendered":"<p>OcCre &#8211; Sanders Pack er et ideelt verkt\u00f8ysett for b\u00e5de nybegynnere og erfarne modellbyggere, med inkludert kort, b\u00f8yelig og rigid sander for finpusset detaljering.<\/p>","protected":false},"featured_media":8673,"comment_status":"open","ping_status":"closed","template":"","meta":[],"product_brand":[95],"product_cat":[58],"product_tag":[],"class_list":{"0":"post-8674","1":"product","2":"type-product","3":"status-publish","4":"has-post-thumbnail","6":"product_brand-occre","7":"product_cat-verktoy","9":"first","10":"instock","11":"taxable","12":"shipping-taxable","13":"purchasable","14":"product-type-simple"},"_links":{"self":[{"href":"https:\/\/bigfunhobby.com\/da\/wp-json\/wp\/v2\/product\/8674","targetHints":{"allow":["GET"]}}],"collection":[{"href":"https:\/\/bigfunhobby.com\/da\/wp-json\/wp\/v2\/product"}],"about":[{"href":"https:\/\/bigfunhobby.com\/da\/wp-json\/wp\/v2\/types\/product"}],"replies":[{"embeddable":true,"href":"https:\/\/bigfunhobby.com\/da\/wp-json\/wp\/v2\/comments?post=8674"}],"wp:featuredmedia":[{"embeddable":true,"href":"https:\/\/bigfunhobby.com\/da\/wp-json\/wp\/v2\/media\/8673"}],"wp:attachment":[{"href":"https:\/\/bigfunhobby.com\/da\/wp-json\/wp\/v2\/media?parent=8674"}],"wp:term":[{"taxonomy":"product_brand","embeddable":true,"href":"https:\/\/bigfunhobby.com\/da\/wp-json\/wp\/v2\/product_brand?post=8674"},{"taxonomy":"product_cat","embeddable":true,"href":"https:\/\/bigfunhobby.com\/da\/wp-json\/wp\/v2\/product_cat?post=8674"},{"taxonomy":"product_tag","embeddable":true,"href":"https:\/\/bigfunhobby.com\/da\/wp-json\/wp\/v2\/product_tag?post=8674"}],"curies":[{"name":"wp","href":"https:\/\/api.w.org\/{rel}","templated":true}]}}