{"id":8678,"date":"2025-03-08T17:18:08","date_gmt":"2025-03-08T17:18:08","guid":{"rendered":"https:\/\/bigfunhobby.com\/butikk\/sail-set-hms-terror\/"},"modified":"2025-12-04T11:00:56","modified_gmt":"2025-12-04T09:00:56","slug":"sail-set-hms-terror","status":"publish","type":"product","link":"https:\/\/bigfunhobby.com\/da\/butikk\/sail-set-hms-terror\/","title":{"rendered":"Sail set. HMS Terror"},"content":{"rendered":"<p>Dette HMS Terror seilsettet gir deg mulighet til \u00e5 bygge din egen treskipsmodell av det betydningsfulle fart\u00f8yet. Med en rik historie og detaljert design, er dette byggesettet spennende b\u00e5de for nybegynnere og erfarne innen modellbygging.<\/p>\n<p><strong>Specifikationer:<\/strong><br \/> <br \/>\n&#8211; Skala: 1:75<br \/> <br \/>\n&#8211; Lengde: 65 cm<br \/> <br \/>\n&#8211; H\u00f8yde: 47 cm<br \/> <br \/>\n&#8211; Brede: 16 cm<br \/> <br \/>\n&#8211; Materiale: Tre og metall<\/p>\n<p>Seilsettet er laget av h\u00f8ykvalitets materialer, med detaljer i tre og metall. HMS Terror er kjent fra sin ekspedisjon i 1845 under ledelse av kaptein Sir John A. Franklin, i s\u00f8ken etter Nordvestpassasjen. Skipet var et av de f\u00f8rste utstyrt med hjelpemotorer, og var forsterket med jernplater for \u00e5 t\u00e5le m\u00f8tet med isen i det arktiske farvannet.<\/p>\n<p>Den mystiske forsvinningen av HMS Terror og dets s\u00f8sterskip Erebus har fascinert historikere og entusiaster i over et \u00e5rhundre. De forsvant sporl\u00f8st i det arktiske is\u00f8det, og ble ikke funnet igjen f\u00f8r i 2016. De godt bevarte restene av skipet gir oss et unikt innblikk i fortiden, og med dette byggesettet kan du lage din egen versjon av dette historiske fart\u00f8yet.<\/p>\n<p>S\u00e5 enten du er en entusiast for modellbygging, en historieinteressert eller begge deler, er dette HMS Terror seilsettet et ypperlig valg. Start byggeprosjektet ditt i dag og rekonstruer et stykke maritim historie.<\/p>\n<p><strong>Bestill HMS Terror seilsettet n\u00e5 og ta steget inn i en fascinerende verden av modellbygging og historie.<\/strong><\/p>","protected":false},"excerpt":{"rendered":"<p>HMS Terror seilsett er en detaljert treskipsmodell av det historiske fart\u00f8yet fra 1845. Perfekt for entusiaster av modellbygging og maritim historie.<\/p>","protected":false},"featured_media":0,"comment_status":"open","ping_status":"closed","template":"","meta":[],"product_brand":[95],"product_cat":[60],"product_tag":[],"class_list":{"0":"post-8678","1":"product","2":"type-product","3":"status-publish","5":"product_brand-occre","6":"product_cat-tilbehor-trebyggesett","8":"first","9":"instock","10":"taxable","11":"shipping-taxable","12":"purchasable","13":"product-type-simple"},"_links":{"self":[{"href":"https:\/\/bigfunhobby.com\/da\/wp-json\/wp\/v2\/product\/8678","targetHints":{"allow":["GET"]}}],"collection":[{"href":"https:\/\/bigfunhobby.com\/da\/wp-json\/wp\/v2\/product"}],"about":[{"href":"https:\/\/bigfunhobby.com\/da\/wp-json\/wp\/v2\/types\/product"}],"replies":[{"embeddable":true,"href":"https:\/\/bigfunhobby.com\/da\/wp-json\/wp\/v2\/comments?post=8678"}],"wp:attachment":[{"href":"https:\/\/bigfunhobby.com\/da\/wp-json\/wp\/v2\/media?parent=8678"}],"wp:term":[{"taxonomy":"product_brand","embeddable":true,"href":"https:\/\/bigfunhobby.com\/da\/wp-json\/wp\/v2\/product_brand?post=8678"},{"taxonomy":"product_cat","embeddable":true,"href":"https:\/\/bigfunhobby.com\/da\/wp-json\/wp\/v2\/product_cat?post=8678"},{"taxonomy":"product_tag","embeddable":true,"href":"https:\/\/bigfunhobby.com\/da\/wp-json\/wp\/v2\/product_tag?post=8678"}],"curies":[{"name":"wp","href":"https:\/\/api.w.org\/{rel}","templated":true}]}}