{"id":8688,"date":"2025-03-08T17:18:13","date_gmt":"2025-03-08T17:18:13","guid":{"rendered":"https:\/\/bigfunhobby.com\/butikk\/occre-scissors-9-cm\/"},"modified":"2026-03-03T12:26:24","modified_gmt":"2026-03-03T10:26:24","slug":"occre-saks-9-cm","status":"publish","type":"product","link":"https:\/\/bigfunhobby.com\/da\/butikk\/occre-scissors-9-cm\/","title":{"rendered":"OcCre - Saks 9 cm"},"content":{"rendered":"<p>Uanset om du er en erfaren modelbygger eller en nybegynder, er OcCre - Scissors 9 cm et must-have-v\u00e6rkt\u00f8j til din hobby. Denne lille saks er ideel til pr\u00e6cis klipning og giver dig den n\u00f8jagtighed, du har brug for, n\u00e5r du arbejder p\u00e5 detaljerne i dine bygges\u00e6t.<\/p>\n<p>OcCre - Scissors 9 cm er is\u00e6r nyttige til at klippe rigningstr\u00e5de p\u00e5 tr\u00e6skibsmodeller og er et uundv\u00e6rligt v\u00e6rkt\u00f8j for alle, der arbejder med denne type modellering. De giver dig mulighed for at arbejde pr\u00e6cist og sikkert og sikrer, at dine modeller ser s\u00e5 realistiske ud som muligt.<\/p>\n<ul>\n<li>Produkt: OcCre - Saks 9 cm<\/li>\n<li>Ideel til pr\u00e6cisionssk\u00e6ring af rigningstr\u00e5de<\/li>\n<li>Perfekt til b\u00e5de begyndere og erfarne modelbyggere<\/li>\n<\/ul>\n<p>N\u00e5r man bygger modeller, er det vigtigt at have det rigtige v\u00e6rkt\u00f8j til opgaven. Med OcCre - Scissors 9 cm kan du klippe rigningstr\u00e5de med pr\u00e6cision og lethed, uanset om du arbejder med et tr\u00e6skibsmodels\u00e6t eller andre typer s\u00e6t. Uanset om du er en erfaren entusiast eller en nybegynder, vil denne saks hj\u00e6lpe dig med at f\u00e5 arbejdet gjort rigtigt.<\/p>\n<p>Vent ikke, opgrader din modelv\u00e6rkt\u00f8jskasse i dag. K\u00f8b OcCre - Scissors 9 cm nu, og oplev den forskel, de kan g\u00f8re i dine modelleringsprojekter.<\/p>","protected":false},"excerpt":{"rendered":"<p>OcCre - Saks 9 cm er ideel til modelbygning, is\u00e6r til pr\u00e6cisionsklipning af rigningstr\u00e5de. Perfekt til b\u00e5de begyndere og erfarne entusiaster.<\/p>","protected":false},"featured_media":8687,"comment_status":"open","ping_status":"closed","template":"","meta":[],"product_brand":[95],"product_cat":[58],"product_tag":[],"class_list":{"0":"post-8688","1":"product","2":"type-product","3":"status-publish","4":"has-post-thumbnail","6":"product_brand-occre","7":"product_cat-verktoy","9":"first","10":"instock","11":"taxable","12":"shipping-taxable","13":"purchasable","14":"product-type-simple"},"_links":{"self":[{"href":"https:\/\/bigfunhobby.com\/da\/wp-json\/wp\/v2\/product\/8688","targetHints":{"allow":["GET"]}}],"collection":[{"href":"https:\/\/bigfunhobby.com\/da\/wp-json\/wp\/v2\/product"}],"about":[{"href":"https:\/\/bigfunhobby.com\/da\/wp-json\/wp\/v2\/types\/product"}],"replies":[{"embeddable":true,"href":"https:\/\/bigfunhobby.com\/da\/wp-json\/wp\/v2\/comments?post=8688"}],"wp:featuredmedia":[{"embeddable":true,"href":"https:\/\/bigfunhobby.com\/da\/wp-json\/wp\/v2\/media\/8687"}],"wp:attachment":[{"href":"https:\/\/bigfunhobby.com\/da\/wp-json\/wp\/v2\/media?parent=8688"}],"wp:term":[{"taxonomy":"product_brand","embeddable":true,"href":"https:\/\/bigfunhobby.com\/da\/wp-json\/wp\/v2\/product_brand?post=8688"},{"taxonomy":"product_cat","embeddable":true,"href":"https:\/\/bigfunhobby.com\/da\/wp-json\/wp\/v2\/product_cat?post=8688"},{"taxonomy":"product_tag","embeddable":true,"href":"https:\/\/bigfunhobby.com\/da\/wp-json\/wp\/v2\/product_tag?post=8688"}],"curies":[{"name":"wp","href":"https:\/\/api.w.org\/{rel}","templated":true}]}}