{"id":8697,"date":"2025-03-08T17:18:19","date_gmt":"2025-03-08T17:18:19","guid":{"rendered":"https:\/\/bigfunhobby.com\/butikk\/occre-rigid-curved-sander\/"},"modified":"2026-03-03T12:26:24","modified_gmt":"2026-03-03T10:26:24","slug":"occre-stiv-buet-slibemaskine","status":"publish","type":"product","link":"https:\/\/bigfunhobby.com\/da\/butikk\/occre-rigid-curved-sander\/","title":{"rendered":"OcCre - Stiv buet slibemaskine"},"content":{"rendered":"<p>OcCre Rigid Curved Sander er et uundv\u00e6rligt v\u00e6rkt\u00f8j i enhver modelbyggers v\u00e6rkt\u00f8jskasse. Dette v\u00e6rkt\u00f8j er specielt designet til at slibe buede omr\u00e5der p\u00e5 skrog- og skinnemodeller, et omr\u00e5de, hvor andre slibemaskiner ofte kommer til kort. <\/p>\n<p>Uanset om du arbejder med <strong>Modeljernbaner<\/strong>, <strong>Modeller af tr\u00e6skibe<\/strong> eller <strong>Vintage-modellering<\/strong>vil denne slibemaskine v\u00e6re et uvurderligt v\u00e6rkt\u00f8j. Den kommer til, hvor andre v\u00e6rkt\u00f8jer ikke kan komme til, og sikrer en glat og smuk finish p\u00e5 dine modeller. <\/p>\n<ul>\n<li>Specielt designet til buede omr\u00e5der<\/li>\n<li>Uundv\u00e6rlig til modellering<\/li>\n<li>Giver en j\u00e6vn og glat overflade<\/li>\n<li>Kommer derhen, hvor andre kv\u00e6rne ikke kan<\/li>\n<\/ul>\n<p>Historisk set har modelbygning v\u00e6ret en tidskr\u00e6vende og detaljeorienteret hobby. Med de rigtige v\u00e6rkt\u00f8jer kan du nu opn\u00e5 resultater, der er b\u00e5de imponerende og realistiske, uden at det kr\u00e6ver un\u00f8dvendige anstrengelser. <\/p>\n<p>Invester i OcCre Rigid Curved Sander i dag for at tage din modelbygning til nye h\u00f8jder. Med dette v\u00e6rkt\u00f8j i h\u00e5nden kan du skabe modeller med en finish af h\u00f8j kvalitet, der virkelig bringer dine s\u00e6t til live. <strong>K\u00f8b her<\/strong> for selv at opleve forskellen.<\/p>","protected":false},"excerpt":{"rendered":"<p>OcCre Rigid Curved Sander er et uundv\u00e6rligt modelv\u00e6rkt\u00f8j, der er perfekt til at slibe buede omr\u00e5der p\u00e5 skrog- og skinnemodeller, hvor andre slibemaskiner ikke kan komme til.<\/p>","protected":false},"featured_media":8696,"comment_status":"open","ping_status":"closed","template":"","meta":[],"product_brand":[95],"product_cat":[58],"product_tag":[],"class_list":{"0":"post-8697","1":"product","2":"type-product","3":"status-publish","4":"has-post-thumbnail","6":"product_brand-occre","7":"product_cat-verktoy","9":"first","10":"outofstock","11":"taxable","12":"shipping-taxable","13":"purchasable","14":"product-type-simple"},"_links":{"self":[{"href":"https:\/\/bigfunhobby.com\/da\/wp-json\/wp\/v2\/product\/8697","targetHints":{"allow":["GET"]}}],"collection":[{"href":"https:\/\/bigfunhobby.com\/da\/wp-json\/wp\/v2\/product"}],"about":[{"href":"https:\/\/bigfunhobby.com\/da\/wp-json\/wp\/v2\/types\/product"}],"replies":[{"embeddable":true,"href":"https:\/\/bigfunhobby.com\/da\/wp-json\/wp\/v2\/comments?post=8697"}],"wp:featuredmedia":[{"embeddable":true,"href":"https:\/\/bigfunhobby.com\/da\/wp-json\/wp\/v2\/media\/8696"}],"wp:attachment":[{"href":"https:\/\/bigfunhobby.com\/da\/wp-json\/wp\/v2\/media?parent=8697"}],"wp:term":[{"taxonomy":"product_brand","embeddable":true,"href":"https:\/\/bigfunhobby.com\/da\/wp-json\/wp\/v2\/product_brand?post=8697"},{"taxonomy":"product_cat","embeddable":true,"href":"https:\/\/bigfunhobby.com\/da\/wp-json\/wp\/v2\/product_cat?post=8697"},{"taxonomy":"product_tag","embeddable":true,"href":"https:\/\/bigfunhobby.com\/da\/wp-json\/wp\/v2\/product_tag?post=8697"}],"curies":[{"name":"wp","href":"https:\/\/api.w.org\/{rel}","templated":true}]}}