{"id":8701,"date":"2025-03-08T17:18:20","date_gmt":"2025-03-08T17:18:20","guid":{"rendered":"https:\/\/bigfunhobby.com\/butikk\/occre-sheet-marker\/"},"modified":"2026-03-03T12:26:24","modified_gmt":"2026-03-03T10:26:24","slug":"occre-sheet-marker","status":"publish","type":"product","link":"https:\/\/bigfunhobby.com\/da\/butikk\/occre-sheet-marker\/","title":{"rendered":"OcCre - Markeringsark"},"content":{"rendered":"<p>OcCre - Sheet marker er et ideelt v\u00e6rkt\u00f8j til modelbyggere, der skal lave reliefarbejde p\u00e5 metalplader. Det er et tilbeh\u00f8r, der vil forbedre kvaliteten af dit arbejde, uanset om du er en erfaren modelbygger eller en nybegynder.<\/p>\n<p>Specifikationerne for dette v\u00e6rkt\u00f8j er omhyggeligt designet til at give pr\u00e6cision og brugervenlighed. Med en robust konstruktion er det lavet til at modst\u00e5 mange projekter.<\/p>\n<p>Dette er et produkt, der er perfekt til dem, der arbejder med modeljernbaner. Det giver dig mulighed for at skabe realistiske detaljer p\u00e5 dine modeller, f.eks. teksturer p\u00e5 lokomotiver eller andre jernbaneelementer.<\/p>\n<p>Modelbygning har en lang historie, og mange entusiaster har i \u00e5renes l\u00f8b fundet stor gl\u00e6de ved at skabe miniudgaver af virkeligheden. Med det rigtige v\u00e6rkt\u00f8j kan du tage din hobby til det n\u00e6ste niveau, og OcCre - Sheet marker er et s\u00e5dant v\u00e6rkt\u00f8j.<\/p>\n<p>Uanset om du arbejder p\u00e5 plastikmodeller, tr\u00e6skibsmodeller eller modeljernbaner, vil dette v\u00e6rkt\u00f8j v\u00e6re en vigtig del af dit modelbygges\u00e6t. Vent ikke, bestil din OcCre - Sheet marker i dag, og oplev den forskel, den kan g\u00f8re for dine projekter!<\/p>","protected":false},"excerpt":{"rendered":"<p>OcCre - Sheet marker er et uundv\u00e6rligt tilbeh\u00f8r til metalarbejde inden for modelbygning, is\u00e6r for modeljernbaneentusiaster.<\/p>","protected":false},"featured_media":8700,"comment_status":"open","ping_status":"closed","template":"","meta":[],"product_brand":[95],"product_cat":[58],"product_tag":[],"class_list":{"0":"post-8701","1":"product","2":"type-product","3":"status-publish","4":"has-post-thumbnail","6":"product_brand-occre","7":"product_cat-verktoy","9":"first","10":"instock","11":"taxable","12":"shipping-taxable","13":"purchasable","14":"product-type-simple"},"_links":{"self":[{"href":"https:\/\/bigfunhobby.com\/da\/wp-json\/wp\/v2\/product\/8701","targetHints":{"allow":["GET"]}}],"collection":[{"href":"https:\/\/bigfunhobby.com\/da\/wp-json\/wp\/v2\/product"}],"about":[{"href":"https:\/\/bigfunhobby.com\/da\/wp-json\/wp\/v2\/types\/product"}],"replies":[{"embeddable":true,"href":"https:\/\/bigfunhobby.com\/da\/wp-json\/wp\/v2\/comments?post=8701"}],"wp:featuredmedia":[{"embeddable":true,"href":"https:\/\/bigfunhobby.com\/da\/wp-json\/wp\/v2\/media\/8700"}],"wp:attachment":[{"href":"https:\/\/bigfunhobby.com\/da\/wp-json\/wp\/v2\/media?parent=8701"}],"wp:term":[{"taxonomy":"product_brand","embeddable":true,"href":"https:\/\/bigfunhobby.com\/da\/wp-json\/wp\/v2\/product_brand?post=8701"},{"taxonomy":"product_cat","embeddable":true,"href":"https:\/\/bigfunhobby.com\/da\/wp-json\/wp\/v2\/product_cat?post=8701"},{"taxonomy":"product_tag","embeddable":true,"href":"https:\/\/bigfunhobby.com\/da\/wp-json\/wp\/v2\/product_tag?post=8701"}],"curies":[{"name":"wp","href":"https:\/\/api.w.org\/{rel}","templated":true}]}}