{"id":8703,"date":"2025-03-08T17:18:22","date_gmt":"2025-03-08T17:18:22","guid":{"rendered":"https:\/\/bigfunhobby.com\/butikk\/occre-cutting-mat-300x220-mm\/"},"modified":"2026-03-03T12:26:24","modified_gmt":"2026-03-03T10:26:24","slug":"occre-skaerematte-300x220-mm","status":"publish","type":"product","link":"https:\/\/bigfunhobby.com\/da\/butikk\/occre-cutting-mat-300x220-mm\/","title":{"rendered":"OcCre - Sk\u00e6rem\u00e5tte 300\u00d7220 mm"},"content":{"rendered":"<p>Uanset om du er en erfaren entusiast eller lige er begyndt p\u00e5 din modelbyggerrejse, er OcCre Cutting mat 300\u00d7220 mm et must-have-v\u00e6rkt\u00f8j til at give dine projekter en professionel finish. Sk\u00e6rem\u00e5tten giver en glat og beskyttende overflade til omhyggelig og pr\u00e6cis sk\u00e6ring, hvilket er vigtigt for skibsmodeller af b\u00e5de plast og tr\u00e6.<\/p>\n<p>Denne sk\u00e6rem\u00e5tte m\u00e5ler 300\u00d7220 mm og giver dig masser af plads til at arbejde, samtidig med at den beskytter din arbejdsflade mod skader. Den er lavet af materialer af h\u00f8j kvalitet, s\u00e5 den kan holde til mange timers modellering.<\/p>\n<p>Der er ingen tvivl om, at pr\u00e6cis sk\u00e6ring er n\u00f8glen til at skabe detaljerede og realistiske modeller. Uanset om du arbejder p\u00e5 en modeljernbane, bygger en skalamodel af et skib eller laver en vintagemodel, vil denne sk\u00e6rem\u00e5tte hj\u00e6lpe dig med at opn\u00e5 de bedste resultater.<\/p>\n<p>S\u00e5 uanset om du er p\u00e5 udkig efter det perfekte bygges\u00e6t til voksne, eller du bare har brug for det rigtige udstyr til at f\u00e6rdigg\u00f8re dit modeljernbaneprojekt, er OcCre-sk\u00e6rem\u00e5tten et fremragende valg. Vent ikke, start din modelbyggerrejse i dag med de rigtige v\u00e6rkt\u00f8jer. K\u00f8b den her.<\/p>","protected":false},"excerpt":{"rendered":"<p>OcCre-sk\u00e6rem\u00e5tten er et uundv\u00e6rligt v\u00e6rkt\u00f8j for enhver modelbygger, ideel til pr\u00e6cis sk\u00e6ring af dele til skibsmodeller af b\u00e5de plast og tr\u00e6.<\/p>","protected":false},"featured_media":8702,"comment_status":"open","ping_status":"closed","template":"","meta":[],"product_brand":[95],"product_cat":[58],"product_tag":[],"class_list":{"0":"post-8703","1":"product","2":"type-product","3":"status-publish","4":"has-post-thumbnail","6":"product_brand-occre","7":"product_cat-verktoy","9":"first","10":"instock","11":"taxable","12":"shipping-taxable","13":"purchasable","14":"product-type-simple"},"_links":{"self":[{"href":"https:\/\/bigfunhobby.com\/da\/wp-json\/wp\/v2\/product\/8703","targetHints":{"allow":["GET"]}}],"collection":[{"href":"https:\/\/bigfunhobby.com\/da\/wp-json\/wp\/v2\/product"}],"about":[{"href":"https:\/\/bigfunhobby.com\/da\/wp-json\/wp\/v2\/types\/product"}],"replies":[{"embeddable":true,"href":"https:\/\/bigfunhobby.com\/da\/wp-json\/wp\/v2\/comments?post=8703"}],"wp:featuredmedia":[{"embeddable":true,"href":"https:\/\/bigfunhobby.com\/da\/wp-json\/wp\/v2\/media\/8702"}],"wp:attachment":[{"href":"https:\/\/bigfunhobby.com\/da\/wp-json\/wp\/v2\/media?parent=8703"}],"wp:term":[{"taxonomy":"product_brand","embeddable":true,"href":"https:\/\/bigfunhobby.com\/da\/wp-json\/wp\/v2\/product_brand?post=8703"},{"taxonomy":"product_cat","embeddable":true,"href":"https:\/\/bigfunhobby.com\/da\/wp-json\/wp\/v2\/product_cat?post=8703"},{"taxonomy":"product_tag","embeddable":true,"href":"https:\/\/bigfunhobby.com\/da\/wp-json\/wp\/v2\/product_tag?post=8703"}],"curies":[{"name":"wp","href":"https:\/\/api.w.org\/{rel}","templated":true}]}}