{"id":8720,"date":"2025-03-08T17:18:26","date_gmt":"2025-03-08T17:18:26","guid":{"rendered":"https:\/\/bigfunhobby.com\/butikk\/06x7mm-sapelli-sheet\/"},"modified":"2025-12-04T11:00:58","modified_gmt":"2025-12-04T09:00:58","slug":"06x7mm-sapelli-ark","status":"publish","type":"product","link":"https:\/\/bigfunhobby.com\/da\/butikk\/06x7mm-sapelli-sheet\/","title":{"rendered":"0,6x7 mm sapelli-ark"},"content":{"rendered":"<p>Tag dine modelprojekter til det n\u00e6ste niveau med vores 0,6x7 mm sapelliplade. Dette produkt er ideelt til b\u00e5de begyndere og erfarne entusiaster, der bygger tr\u00e6skibsmodeller, modeljernbaner og klassiske modelbiler.<\/p>\n<ul>\n<li><strong>Specifikationer:<\/strong> Hver pakke indeholder 25 enheder sapelli-plader. Pladerne er 0,6 mm tykke og 7 mm brede, hvilket giver dig fleksibilitet til at tilpasse dem, s\u00e5 de passer til dine byggebehov.<\/li>\n<li><strong>Materialer:<\/strong> Br\u00e6dderne er lavet af sapelli-tr\u00e6, et materiale af h\u00f8j kvalitet, der er kendt for sin robusthed og \u00e6stetik. Det g\u00f8r dem til et ideelt valg til modellering.<\/li>\n<\/ul>\n<p>Sapelli-tr\u00e6 har en lang historie inden for modelbygning. Dets unikke egenskaber g\u00f8r det til et popul\u00e6rt valg blandt modelbyggere. Uanset om du laver en detaljeret skalamodel af et tog, et klassisk tr\u00e6skib eller en gammel modelbil, vil vores Sapelli-plader hj\u00e6lpe dig med at opn\u00e5 en autentisk finish.<\/p>\n<p>Uanset om du er en erfaren modelbygger eller nybegynder, vil du s\u00e6tte pris p\u00e5 vores sapelli-pladers h\u00f8je kvalitet og alsidighed. Vent ikke l\u00e6ngere, men tag din modelbygning til n\u00e6ste niveau. <strong>Bestil dine sapelli-skiver nu!<\/strong><\/p>","protected":false},"excerpt":{"rendered":"<p>0,6x7 mm sapelliplade er et n\u00f8dvendigt tilbeh\u00f8r til enhver modelbygger. Det er perfekt til at bygge tr\u00e6skibsmodeller, modeljernbaner og modelbiler.<\/p>","protected":false},"featured_media":9964,"comment_status":"open","ping_status":"closed","template":"","meta":[],"product_brand":[95],"product_cat":[60],"product_tag":[],"class_list":{"0":"post-8720","1":"product","2":"type-product","3":"status-publish","4":"has-post-thumbnail","6":"product_brand-occre","7":"product_cat-tilbehor-trebyggesett","9":"first","10":"outofstock","11":"taxable","12":"shipping-taxable","13":"purchasable","14":"product-type-simple"},"_links":{"self":[{"href":"https:\/\/bigfunhobby.com\/da\/wp-json\/wp\/v2\/product\/8720","targetHints":{"allow":["GET"]}}],"collection":[{"href":"https:\/\/bigfunhobby.com\/da\/wp-json\/wp\/v2\/product"}],"about":[{"href":"https:\/\/bigfunhobby.com\/da\/wp-json\/wp\/v2\/types\/product"}],"replies":[{"embeddable":true,"href":"https:\/\/bigfunhobby.com\/da\/wp-json\/wp\/v2\/comments?post=8720"}],"wp:featuredmedia":[{"embeddable":true,"href":"https:\/\/bigfunhobby.com\/da\/wp-json\/wp\/v2\/media\/9964"}],"wp:attachment":[{"href":"https:\/\/bigfunhobby.com\/da\/wp-json\/wp\/v2\/media?parent=8720"}],"wp:term":[{"taxonomy":"product_brand","embeddable":true,"href":"https:\/\/bigfunhobby.com\/da\/wp-json\/wp\/v2\/product_brand?post=8720"},{"taxonomy":"product_cat","embeddable":true,"href":"https:\/\/bigfunhobby.com\/da\/wp-json\/wp\/v2\/product_cat?post=8720"},{"taxonomy":"product_tag","embeddable":true,"href":"https:\/\/bigfunhobby.com\/da\/wp-json\/wp\/v2\/product_tag?post=8720"}],"curies":[{"name":"wp","href":"https:\/\/api.w.org\/{rel}","templated":true}]}}