{"id":8727,"date":"2025-03-08T17:18:26","date_gmt":"2025-03-08T17:18:26","guid":{"rendered":"https:\/\/bigfunhobby.com\/butikk\/1x5mm-linden-strip\/"},"modified":"2025-12-04T11:00:59","modified_gmt":"2025-12-04T09:00:59","slug":"1x5mm-linden-strip","status":"publish","type":"product","link":"https:\/\/bigfunhobby.com\/da\/butikk\/1x5mm-linden-strip\/","title":{"rendered":"1x5mm linden strip"},"content":{"rendered":"<p>V\u00e5r 1x5mm lindetrelist er et ypperlig materiale for deg som holder p\u00e5 med modellbygging. Enten du bygger treskipsmodeller, modelljernbane eller veteranbilmodeller, vil disse listene v\u00e6re et uvurderlig tilskudd til byggesettet ditt.<\/p>\n<p><strong>Specifikationer:<\/strong> Hver pakke inneholder 4 stk 1x5mm lindetrelist. Lindetre er kjent for sin letthet, fleksibilitet og glatte overflate, noe som gj\u00f8r det til et ideelt tre for modellbygging.<\/p>\n<p><strong>Materialer:<\/strong> Lindetre er et popul\u00e6rt materiale i modellbygging p\u00e5 grunn av dets estetiske appell og enkelhet \u00e5 jobbe med. Dets naturlige, lyse farge gir en autentisk look til dine modeller.<\/p>\n<p><strong>Historie:<\/strong> Bruken av lindetre i modellbygging har en lang historie. Det har v\u00e6rt brukt i \u00e5rhundrer for \u00e5 lage alt fra sm\u00e5 skalamodeller til store, detaljerte treskipsmodeller.<\/p>\n<p>Enten du er en erfaren entusiast eller en nybegynner innen modellbygging, vil v\u00e5r 1x5mm lindetrelist v\u00e6re et flott tilskudd til byggesettet ditt. Med disse listene kan du virkelig ta hobbyen din til neste niv\u00e5. <\/p>\n<p>Ikke vent lenger, bestill din 1x5mm lindetrelist i dag og start byggingen!<\/p>","protected":false},"excerpt":{"rendered":"<p>1x5mm lindetrelist er et kvalitetsbyggemateriale til bruk i modellbygging, perfekt for byggesett i tre, modelljernbane og veteranbilmodeller.<\/p>","protected":false},"featured_media":9963,"comment_status":"open","ping_status":"closed","template":"","meta":[],"product_brand":[95],"product_cat":[60],"product_tag":[],"class_list":{"0":"post-8727","1":"product","2":"type-product","3":"status-publish","4":"has-post-thumbnail","6":"product_brand-occre","7":"product_cat-tilbehor-trebyggesett","9":"first","10":"outofstock","11":"taxable","12":"shipping-taxable","13":"purchasable","14":"product-type-simple"},"_links":{"self":[{"href":"https:\/\/bigfunhobby.com\/da\/wp-json\/wp\/v2\/product\/8727","targetHints":{"allow":["GET"]}}],"collection":[{"href":"https:\/\/bigfunhobby.com\/da\/wp-json\/wp\/v2\/product"}],"about":[{"href":"https:\/\/bigfunhobby.com\/da\/wp-json\/wp\/v2\/types\/product"}],"replies":[{"embeddable":true,"href":"https:\/\/bigfunhobby.com\/da\/wp-json\/wp\/v2\/comments?post=8727"}],"wp:featuredmedia":[{"embeddable":true,"href":"https:\/\/bigfunhobby.com\/da\/wp-json\/wp\/v2\/media\/9963"}],"wp:attachment":[{"href":"https:\/\/bigfunhobby.com\/da\/wp-json\/wp\/v2\/media?parent=8727"}],"wp:term":[{"taxonomy":"product_brand","embeddable":true,"href":"https:\/\/bigfunhobby.com\/da\/wp-json\/wp\/v2\/product_brand?post=8727"},{"taxonomy":"product_cat","embeddable":true,"href":"https:\/\/bigfunhobby.com\/da\/wp-json\/wp\/v2\/product_cat?post=8727"},{"taxonomy":"product_tag","embeddable":true,"href":"https:\/\/bigfunhobby.com\/da\/wp-json\/wp\/v2\/product_tag?post=8727"}],"curies":[{"name":"wp","href":"https:\/\/api.w.org\/{rel}","templated":true}]}}