{"id":8731,"date":"2025-03-08T17:18:28","date_gmt":"2025-03-08T17:18:28","guid":{"rendered":"https:\/\/bigfunhobby.com\/butikk\/2x5mm-sapelli-strip\/"},"modified":"2025-12-04T11:00:59","modified_gmt":"2025-12-04T09:00:59","slug":"2x5mm-sapelli-strimmel","status":"publish","type":"product","link":"https:\/\/bigfunhobby.com\/da\/butikk\/2x5mm-sapelli-strip\/","title":{"rendered":"2x5mm sapelli-strimmel"},"content":{"rendered":"<p>Disse 2x5 mm sapelli-tr\u00e6lister er perfekte til modelbyggere. Uanset om du bygger skibsmodeller af tr\u00e6, arbejder med modeljernbaner eller modellerer antikke k\u00f8ret\u00f8jer, vil disse tr\u00e6lister give dit projekt en \u00e6gte og autentisk finish.<\/p>\n<p> Hver pakke indeholder tre strimler, og de er lavet af sapelli-tr\u00e6, der er kendt for sin holdbarhed og smukke r\u00f8dbrune farve. Disse egenskaber g\u00f8r sapelli-tr\u00e6 til et foretrukket materiale blandt modelbyggere.<\/p>\n<p>Specifikationer:<\/p>\n<ul>\n<li>Materiale: Sapelli-tr\u00e6<\/li>\n<li>St\u00f8rrelse: 2x5mm<\/li>\n<li>Antal: 3 strimler pr. pakke<\/li>\n<\/ul>\n<p>Historisk set er sapeltr\u00e6 blevet brugt p\u00e5 mange forskellige omr\u00e5der, bl.a. skibsbygning og m\u00f8bler. I dag er det ogs\u00e5 en favorit blandt modelbyggere takket v\u00e6re dets naturlige sk\u00f8nhed og holdbarhed.<\/p>\n<p>S\u00e5 uanset om du er en erfaren modelbygger eller en nybegynder, vil disse sapelli-tr\u00e6strimler give dine projekter det lille ekstra. Vent ikke, bestil nu, og tag din modellering til det n\u00e6ste niveau!<\/p>","protected":false},"excerpt":{"rendered":"<p>Sapelli tr\u00e6lister 2x5 mm er ideelle til detaljering og efterbehandling af models\u00e6t som tr\u00e6skibe, modeljernbaner og antikke k\u00f8ret\u00f8jer.<\/p>","protected":false},"featured_media":9964,"comment_status":"open","ping_status":"closed","template":"","meta":[],"product_brand":[95],"product_cat":[60],"product_tag":[],"class_list":{"0":"post-8731","1":"product","2":"type-product","3":"status-publish","4":"has-post-thumbnail","6":"product_brand-occre","7":"product_cat-tilbehor-trebyggesett","9":"first","10":"outofstock","11":"taxable","12":"shipping-taxable","13":"purchasable","14":"product-type-simple"},"_links":{"self":[{"href":"https:\/\/bigfunhobby.com\/da\/wp-json\/wp\/v2\/product\/8731","targetHints":{"allow":["GET"]}}],"collection":[{"href":"https:\/\/bigfunhobby.com\/da\/wp-json\/wp\/v2\/product"}],"about":[{"href":"https:\/\/bigfunhobby.com\/da\/wp-json\/wp\/v2\/types\/product"}],"replies":[{"embeddable":true,"href":"https:\/\/bigfunhobby.com\/da\/wp-json\/wp\/v2\/comments?post=8731"}],"wp:featuredmedia":[{"embeddable":true,"href":"https:\/\/bigfunhobby.com\/da\/wp-json\/wp\/v2\/media\/9964"}],"wp:attachment":[{"href":"https:\/\/bigfunhobby.com\/da\/wp-json\/wp\/v2\/media?parent=8731"}],"wp:term":[{"taxonomy":"product_brand","embeddable":true,"href":"https:\/\/bigfunhobby.com\/da\/wp-json\/wp\/v2\/product_brand?post=8731"},{"taxonomy":"product_cat","embeddable":true,"href":"https:\/\/bigfunhobby.com\/da\/wp-json\/wp\/v2\/product_cat?post=8731"},{"taxonomy":"product_tag","embeddable":true,"href":"https:\/\/bigfunhobby.com\/da\/wp-json\/wp\/v2\/product_tag?post=8731"}],"curies":[{"name":"wp","href":"https:\/\/api.w.org\/{rel}","templated":true}]}}