{"id":8743,"date":"2025-03-08T17:18:29","date_gmt":"2025-03-08T17:18:29","guid":{"rendered":"https:\/\/bigfunhobby.com\/butikk\/large-locomotives-stand\/"},"modified":"2026-03-03T12:26:24","modified_gmt":"2026-03-03T10:26:24","slug":"large-locomotives-stand","status":"publish","type":"product","link":"https:\/\/bigfunhobby.com\/da\/butikk\/large-locomotives-stand\/","title":{"rendered":"55103 &#8211; Large Locomotives Stand"},"content":{"rendered":"<p>Den store lokomotivstanden, 55103, er det perfekte stedet for \u00e5 vise frem de imponerende modellene fra din modelljernbane. Enten du er en erfaren entusiast eller en nybegynner innen modellbygging, vil denne standen forbedre din opplevelse og gi modellene dine den oppmerksomheten de fortjener.<\/p>\n<p>Dette byggesettet leveres med alt du trenger for \u00e5 sette opp en attraktiv utstilling. I settet finner du trebiter for \u00e5 lage basen, og stein for \u00e5 simulere skinnegangen som modelllokomotivet ditt kan plasseres p\u00e5. Det er den perfekte m\u00e5ten \u00e5 vise frem dine ferdigheter innen modellbygging.<\/p>\n<p>V\u00e5r store lokomotivstand er laget med stor vekt p\u00e5 detaljer, noe som gj\u00f8r den ideell for alle typer modelljernbaneentusiaster. Det er en fantastisk m\u00e5te \u00e5 vise frem ditt arbeid p\u00e5, enten det er treskipsmodeller, plastmodeller, eller skalamodeller av lokomotiver.<\/p>\n<p>Det \u00e5 bygge modeller er en hobby som har fascinert folk i generasjoner. N\u00e5 kan du ta din lidenskap for modellbygging til et nytt niv\u00e5 med v\u00e5r store lokomotivstand. Den gir deg muligheten til \u00e5 skape et imponerende utstillingsomr\u00e5de for dine mesterverk.<\/p>\n<p>Ikke vent lenger, kj\u00f8p din store lokomotivstand n\u00e5! Ved \u00e5 bestille i dag, kan du raskt og enkelt forbedre din modelljernbaneutstilling. Ta en titt p\u00e5 v\u00e5rt brede utvalg av modellbyggingsprodukter og finn det som passer best for deg og din hobby.<\/p>","protected":false},"excerpt":{"rendered":"<p>Stor lokomotivstand i tre, 55103, er det perfekte utstillingsutstyret for din modelljernbane. Med dette kan du virkelig vise frem dine detaljrike lokomotivmodeller.<\/p>","protected":false},"featured_media":10014,"comment_status":"open","ping_status":"closed","template":"","meta":[],"product_brand":[95],"product_cat":[60],"product_tag":[],"class_list":{"0":"post-8743","1":"product","2":"type-product","3":"status-publish","4":"has-post-thumbnail","6":"product_brand-occre","7":"product_cat-tilbehor-trebyggesett","9":"first","10":"instock","11":"taxable","12":"shipping-taxable","13":"purchasable","14":"product-type-simple"},"_links":{"self":[{"href":"https:\/\/bigfunhobby.com\/da\/wp-json\/wp\/v2\/product\/8743","targetHints":{"allow":["GET"]}}],"collection":[{"href":"https:\/\/bigfunhobby.com\/da\/wp-json\/wp\/v2\/product"}],"about":[{"href":"https:\/\/bigfunhobby.com\/da\/wp-json\/wp\/v2\/types\/product"}],"replies":[{"embeddable":true,"href":"https:\/\/bigfunhobby.com\/da\/wp-json\/wp\/v2\/comments?post=8743"}],"wp:featuredmedia":[{"embeddable":true,"href":"https:\/\/bigfunhobby.com\/da\/wp-json\/wp\/v2\/media\/10014"}],"wp:attachment":[{"href":"https:\/\/bigfunhobby.com\/da\/wp-json\/wp\/v2\/media?parent=8743"}],"wp:term":[{"taxonomy":"product_brand","embeddable":true,"href":"https:\/\/bigfunhobby.com\/da\/wp-json\/wp\/v2\/product_brand?post=8743"},{"taxonomy":"product_cat","embeddable":true,"href":"https:\/\/bigfunhobby.com\/da\/wp-json\/wp\/v2\/product_cat?post=8743"},{"taxonomy":"product_tag","embeddable":true,"href":"https:\/\/bigfunhobby.com\/da\/wp-json\/wp\/v2\/product_tag?post=8743"}],"curies":[{"name":"wp","href":"https:\/\/api.w.org\/{rel}","templated":true}]}}